{"id":4016,"date":"2026-03-29T19:46:30","date_gmt":"2026-03-29T23:46:30","guid":{"rendered":"https:\/\/labeauairsol.ca\/dissatisfaction-form\/"},"modified":"2026-03-30T10:58:52","modified_gmt":"2026-03-30T14:58:52","slug":"dissatisfaction-form","status":"publish","type":"page","link":"https:\/\/labeauairsol.ca\/en\/dissatisfaction-form\/","title":{"rendered":"Satisfaction form"},"content":{"rendered":"\t\t<div data-elementor-type=\"wp-page\" data-elementor-id=\"4016\" class=\"elementor elementor-4016 elementor-4011\">\n\t\t\t\t<div class=\"elementor-element elementor-element-3f407b1c e-flex e-con-boxed wpr-particle-no wpr-jarallax-no wpr-parallax-no wpr-sticky-section-no wpr-equal-height-no e-con e-parent\" data-id=\"3f407b1c\" data-element_type=\"container\" data-e-type=\"container\">\n\t\t\t\t\t<div class=\"e-con-inner\">\n\t\t\t\t<div class=\"elementor-element elementor-element-70c64f4a elementor-widget elementor-widget-text-editor\" data-id=\"70c64f4a\" data-element_type=\"widget\" data-e-type=\"widget\" data-widget_type=\"text-editor.default\">\n\t\t\t\t<div class=\"elementor-widget-container\">\n\t\t\t\t\t\t\t\t\t<p>\n<div class=\"wpcf7 no-js\" id=\"wpcf7-f4009-o1\" lang=\"en-US\" dir=\"ltr\" data-wpcf7-id=\"4009\">\n<div class=\"screen-reader-response\"><p role=\"status\" aria-live=\"polite\" aria-atomic=\"true\"><\/p> <ul><\/ul><\/div>\n<form action=\"\/en\/wp-json\/wp\/v2\/pages\/4016#wpcf7-f4009-o1\" method=\"post\" class=\"wpcf7-form init\" aria-label=\"Contact form\" enctype=\"multipart\/form-data\" novalidate=\"novalidate\" data-status=\"init\">\n<fieldset class=\"hidden-fields-container\"><input type=\"hidden\" name=\"_wpcf7\" value=\"4009\" \/><input type=\"hidden\" name=\"_wpcf7_version\" value=\"6.1.5\" \/><input type=\"hidden\" name=\"_wpcf7_locale\" value=\"en_US\" \/><input type=\"hidden\" name=\"_wpcf7_unit_tag\" value=\"wpcf7-f4009-o1\" \/><input type=\"hidden\" name=\"_wpcf7_container_post\" value=\"0\" \/><input type=\"hidden\" name=\"_wpcf7_posted_data_hash\" value=\"\" \/><input type=\"hidden\" name=\"_wpcf7_recaptcha_response\" value=\"\" \/>\n<\/fieldset>\n<!-- Champ cach\u00e9 -->\n<p><input type=\"hidden\" name=\"source\" value=\"feedback\" \/>\n<\/p>\n<p><label>Full name *<br \/>\n<span class=\"wpcf7-form-control-wrap\" data-name=\"your-name\"><input size=\"40\" maxlength=\"400\" class=\"wpcf7-form-control wpcf7-text wpcf7-validates-as-required\" aria-required=\"true\" aria-invalid=\"false\" value=\"\" type=\"text\" name=\"your-name\" \/><\/span><br \/>\n<\/label>\n<\/p>\n<p><label>Email address * (*)<br \/>\n<span class=\"wpcf7-form-control-wrap\" data-name=\"your-email\"><input size=\"40\" maxlength=\"400\" class=\"wpcf7-form-control wpcf7-email wpcf7-validates-as-required wpcf7-text wpcf7-validates-as-email\" aria-required=\"true\" aria-invalid=\"false\" value=\"\" type=\"email\" name=\"your-email\" \/><\/span><br \/>\n<\/label>\n<\/p>\n<p><label>Telephone (optional)<br \/>\n<span class=\"wpcf7-form-control-wrap\" data-name=\"your-phone\"><input size=\"40\" maxlength=\"400\" class=\"wpcf7-form-control wpcf7-tel wpcf7-text wpcf7-validates-as-tel\" aria-invalid=\"false\" value=\"\" type=\"tel\" name=\"your-phone\" \/><\/span><br \/>\n<\/label>\n<\/p>\n<p><label>Service \/ Product concerned *<br \/>\n<span class=\"wpcf7-form-control-wrap\" data-name=\"service\"><input size=\"40\" maxlength=\"400\" class=\"wpcf7-form-control wpcf7-text wpcf7-validates-as-required\" aria-required=\"true\" aria-invalid=\"false\" value=\"\" type=\"text\" name=\"service\" \/><\/span><br \/>\n<\/label>\n<\/p>\n<p><label>Type of dissatisfaction *<br \/>\n<span class=\"wpcf7-form-control-wrap\" data-name=\"issue\"><span class=\"wpcf7-form-control wpcf7-checkbox wpcf7-validates-as-required\"><span class=\"wpcf7-list-item first\"><input type=\"checkbox\" name=\"issue[]\" value=\"Quality of service\" \/><span class=\"wpcf7-list-item-label\">Quality of service<\/span><\/span><span class=\"wpcf7-list-item\"><input type=\"checkbox\" name=\"issue[]\" value=\"Delivery times\" \/><span class=\"wpcf7-list-item-label\">Delivery times<\/span><\/span><span class=\"wpcf7-list-item\"><input type=\"checkbox\" name=\"issue[]\" value=\"Communication\/support\" \/><span class=\"wpcf7-list-item-label\">Communication\/support<\/span><\/span><span class=\"wpcf7-list-item last\"><input type=\"checkbox\" name=\"issue[]\" value=\"Other\" \/><span class=\"wpcf7-list-item-label\">Other<\/span><\/span><\/span><\/span><br \/>\n<\/label>\n<\/p>\n<p><label>Description of problem *<br \/>\n<span class=\"wpcf7-form-control-wrap\" data-name=\"your-message\"><textarea cols=\"40\" rows=\"10\" maxlength=\"2000\" class=\"wpcf7-form-control wpcf7-textarea wpcf7-validates-as-required\" aria-required=\"true\" aria-invalid=\"false\" name=\"your-message\"><\/textarea><\/span><br \/>\n<\/label>\n<\/p>\n<p><label>Attach a file \/ photo (optional)<br \/>\n<span class=\"wpcf7-form-control-wrap\" data-name=\"your-file\"><input size=\"40\" class=\"wpcf7-form-control wpcf7-file\" accept=\"audio\/*,video\/*,image\/*\" aria-invalid=\"false\" type=\"file\" name=\"your-file\" \/><\/span><br \/>\n<\/label>\n<\/p>\n<p><label class=\"consent-line\"><br \/>\n<span class=\"wpcf7-form-control-wrap\" data-name=\"consent\"><span class=\"wpcf7-form-control wpcf7-acceptance\"><span class=\"wpcf7-list-item\"><input type=\"checkbox\" name=\"consent\" value=\"1\" aria-invalid=\"false\" \/><\/span><\/span><\/span> I agree that my feedback will be used to improve the service and that my data will be processed in accordance with the privacy policy *.<br \/>\n<\/label>\n<\/p>\n<p><input class=\"wpcf7-form-control wpcf7-submit has-spinner\" type=\"submit\" value=\"Send my return\" \/>\n<\/p><div class=\"wpcf7-response-output\" aria-hidden=\"true\"><\/div>\n<\/form>\n<\/div>\n<\/p>\t\t\t\t\t\t\t\t<\/div>\n\t\t\t\t<\/div>\n\t\t\t\t\t<\/div>\n\t\t\t\t<\/div>\n\t\t\t\t<\/div>\n\t\t","protected":false},"excerpt":{"rendered":"","protected":false},"author":13,"featured_media":0,"parent":0,"menu_order":0,"comment_status":"closed","ping_status":"closed","template":"","meta":{"_acf_changed":false,"_eb_attr":"","_uag_custom_page_level_css":"","footnotes":""},"class_list":["post-4016","page","type-page","status-publish","hentry"],"acf":[],"yoast_head":"<!-- This site is optimized with the Yoast SEO plugin v27.5 - https:\/\/yoast.com\/product\/yoast-seo-wordpress\/ -->\n<title>Satisfaction form - Lab&#039;eau-air-sol - Services de laboratoire - Hygi\u00e8ne et environnement Joliette, Montr\u00e9al, Qu\u00e9bec<\/title>\n<meta name=\"description\" content=\"Use this form to send us inquiries about our various services. If you have any further questions, please call us at 1-877-755-5576.\" \/>\n<meta name=\"robots\" content=\"noindex, nofollow\" \/>\n<meta property=\"og:locale\" content=\"en_US\" \/>\n<meta property=\"og:type\" content=\"article\" \/>\n<meta property=\"og:title\" content=\"Satisfaction form - Lab&#039;eau-air-sol - Services de laboratoire - Hygi\u00e8ne et environnement Joliette, Montr\u00e9al, Qu\u00e9bec\" \/>\n<meta property=\"og:description\" content=\"Use this form to send us inquiries about our various services. If you have any further questions, please call us at 1-877-755-5576.\" \/>\n<meta property=\"og:url\" content=\"https:\/\/labeauairsol.ca\/en\/dissatisfaction-form\/\" \/>\n<meta property=\"og:site_name\" content=\"Lab&#039;eau-air-sol\" \/>\n<meta property=\"article:publisher\" content=\"https:\/\/www.facebook.com\/labeauairsol\/\" \/>\n<meta property=\"article:modified_time\" content=\"2026-03-30T14:58:52+00:00\" \/>\n<meta name=\"twitter:card\" content=\"summary_large_image\" \/>\n<script type=\"application\/ld+json\" class=\"yoast-schema-graph\">{\"@context\":\"https:\\\/\\\/schema.org\",\"@graph\":[{\"@type\":\"WebPage\",\"@id\":\"https:\\\/\\\/labeauairsol.ca\\\/en\\\/dissatisfaction-form\\\/\",\"url\":\"https:\\\/\\\/labeauairsol.ca\\\/en\\\/dissatisfaction-form\\\/\",\"name\":\"Satisfaction form - Lab&#039;eau-air-sol - Services de laboratoire - Hygi\u00e8ne et environnement Joliette, Montr\u00e9al, Qu\u00e9bec\",\"isPartOf\":{\"@id\":\"https:\\\/\\\/labeauairsol.ca\\\/en\\\/#website\"},\"datePublished\":\"2026-03-29T23:46:30+00:00\",\"dateModified\":\"2026-03-30T14:58:52+00:00\",\"description\":\"Use this form to send us inquiries about our various services. If you have any further questions, please call us at 1-877-755-5576.\",\"breadcrumb\":{\"@id\":\"https:\\\/\\\/labeauairsol.ca\\\/en\\\/dissatisfaction-form\\\/#breadcrumb\"},\"inLanguage\":\"en-US\",\"potentialAction\":[{\"@type\":\"ReadAction\",\"target\":[\"https:\\\/\\\/labeauairsol.ca\\\/en\\\/dissatisfaction-form\\\/\"]}]},{\"@type\":\"BreadcrumbList\",\"@id\":\"https:\\\/\\\/labeauairsol.ca\\\/en\\\/dissatisfaction-form\\\/#breadcrumb\",\"itemListElement\":[{\"@type\":\"ListItem\",\"position\":1,\"name\":\"Accueil\",\"item\":\"https:\\\/\\\/labeauairsol.ca\\\/en\\\/\"},{\"@type\":\"ListItem\",\"position\":2,\"name\":\"Satisfaction form\"}]},{\"@type\":\"WebSite\",\"@id\":\"https:\\\/\\\/labeauairsol.ca\\\/en\\\/#website\",\"url\":\"https:\\\/\\\/labeauairsol.ca\\\/en\\\/\",\"name\":\"Lab\u2019eau-air-sol\",\"description\":\"La science au service de votre environnement\",\"publisher\":{\"@id\":\"https:\\\/\\\/labeauairsol.ca\\\/en\\\/#organization\"},\"potentialAction\":[{\"@type\":\"SearchAction\",\"target\":{\"@type\":\"EntryPoint\",\"urlTemplate\":\"https:\\\/\\\/labeauairsol.ca\\\/en\\\/?s={search_term_string}\"},\"query-input\":{\"@type\":\"PropertyValueSpecification\",\"valueRequired\":true,\"valueName\":\"search_term_string\"}}],\"inLanguage\":\"en-US\"},{\"@type\":\"Organization\",\"@id\":\"https:\\\/\\\/labeauairsol.ca\\\/en\\\/#organization\",\"name\":\"Lab'eau-air-sol\",\"url\":\"https:\\\/\\\/labeauairsol.ca\\\/en\\\/\",\"logo\":{\"@type\":\"ImageObject\",\"inLanguage\":\"en-US\",\"@id\":\"https:\\\/\\\/labeauairsol.ca\\\/en\\\/#\\\/schema\\\/logo\\\/image\\\/\",\"url\":\"https:\\\/\\\/labeauairsol.ca\\\/wp-content\\\/uploads\\\/2018\\\/09\\\/logo-lab-eau-air-sol.png\",\"contentUrl\":\"https:\\\/\\\/labeauairsol.ca\\\/wp-content\\\/uploads\\\/2018\\\/09\\\/logo-lab-eau-air-sol.png\",\"width\":134,\"height\":133,\"caption\":\"Lab'eau-air-sol\"},\"image\":{\"@id\":\"https:\\\/\\\/labeauairsol.ca\\\/en\\\/#\\\/schema\\\/logo\\\/image\\\/\"},\"sameAs\":[\"https:\\\/\\\/www.facebook.com\\\/labeauairsol\\\/\"]}]}<\/script>\n<!-- \/ Yoast SEO plugin. -->","yoast_head_json":{"title":"Satisfaction form - Lab&#039;eau-air-sol - Services de laboratoire - Hygi\u00e8ne et environnement Joliette, Montr\u00e9al, Qu\u00e9bec","description":"Use this form to send us inquiries about our various services. If you have any further questions, please call us at 1-877-755-5576.","robots":{"index":"noindex","follow":"nofollow"},"og_locale":"en_US","og_type":"article","og_title":"Satisfaction form - Lab&#039;eau-air-sol - Services de laboratoire - Hygi\u00e8ne et environnement Joliette, Montr\u00e9al, Qu\u00e9bec","og_description":"Use this form to send us inquiries about our various services. If you have any further questions, please call us at 1-877-755-5576.","og_url":"https:\/\/labeauairsol.ca\/en\/dissatisfaction-form\/","og_site_name":"Lab&#039;eau-air-sol","article_publisher":"https:\/\/www.facebook.com\/labeauairsol\/","article_modified_time":"2026-03-30T14:58:52+00:00","twitter_card":"summary_large_image","schema":{"@context":"https:\/\/schema.org","@graph":[{"@type":"WebPage","@id":"https:\/\/labeauairsol.ca\/en\/dissatisfaction-form\/","url":"https:\/\/labeauairsol.ca\/en\/dissatisfaction-form\/","name":"Satisfaction form - Lab&#039;eau-air-sol - Services de laboratoire - Hygi\u00e8ne et environnement Joliette, Montr\u00e9al, Qu\u00e9bec","isPartOf":{"@id":"https:\/\/labeauairsol.ca\/en\/#website"},"datePublished":"2026-03-29T23:46:30+00:00","dateModified":"2026-03-30T14:58:52+00:00","description":"Use this form to send us inquiries about our various services. If you have any further questions, please call us at 1-877-755-5576.","breadcrumb":{"@id":"https:\/\/labeauairsol.ca\/en\/dissatisfaction-form\/#breadcrumb"},"inLanguage":"en-US","potentialAction":[{"@type":"ReadAction","target":["https:\/\/labeauairsol.ca\/en\/dissatisfaction-form\/"]}]},{"@type":"BreadcrumbList","@id":"https:\/\/labeauairsol.ca\/en\/dissatisfaction-form\/#breadcrumb","itemListElement":[{"@type":"ListItem","position":1,"name":"Accueil","item":"https:\/\/labeauairsol.ca\/en\/"},{"@type":"ListItem","position":2,"name":"Satisfaction form"}]},{"@type":"WebSite","@id":"https:\/\/labeauairsol.ca\/en\/#website","url":"https:\/\/labeauairsol.ca\/en\/","name":"Lab\u2019eau-air-sol","description":"La science au service de votre environnement","publisher":{"@id":"https:\/\/labeauairsol.ca\/en\/#organization"},"potentialAction":[{"@type":"SearchAction","target":{"@type":"EntryPoint","urlTemplate":"https:\/\/labeauairsol.ca\/en\/?s={search_term_string}"},"query-input":{"@type":"PropertyValueSpecification","valueRequired":true,"valueName":"search_term_string"}}],"inLanguage":"en-US"},{"@type":"Organization","@id":"https:\/\/labeauairsol.ca\/en\/#organization","name":"Lab'eau-air-sol","url":"https:\/\/labeauairsol.ca\/en\/","logo":{"@type":"ImageObject","inLanguage":"en-US","@id":"https:\/\/labeauairsol.ca\/en\/#\/schema\/logo\/image\/","url":"https:\/\/labeauairsol.ca\/wp-content\/uploads\/2018\/09\/logo-lab-eau-air-sol.png","contentUrl":"https:\/\/labeauairsol.ca\/wp-content\/uploads\/2018\/09\/logo-lab-eau-air-sol.png","width":134,"height":133,"caption":"Lab'eau-air-sol"},"image":{"@id":"https:\/\/labeauairsol.ca\/en\/#\/schema\/logo\/image\/"},"sameAs":["https:\/\/www.facebook.com\/labeauairsol\/"]}]}},"uagb_featured_image_src":{"full":false,"thumbnail":false,"medium":false,"medium_large":false,"large":false,"1536x1536":false,"2048x2048":false,"featured-small":false,"featured-medium":false,"featured-large":false,"featured-xlarge":false,"fp-small":false,"fp-medium":false,"fp-large":false,"fp-xlarge":false,"menu-24x24":false,"menu-36x36":false,"menu-48x48":false},"uagb_author_info":{"display_name":"Am\u00e9lie Bombardier","author_link":"https:\/\/labeauairsol.ca\/en\/author\/amelie\/"},"uagb_comment_info":0,"uagb_excerpt":null,"_links":{"self":[{"href":"https:\/\/labeauairsol.ca\/en\/wp-json\/wp\/v2\/pages\/4016","targetHints":{"allow":["GET"]}}],"collection":[{"href":"https:\/\/labeauairsol.ca\/en\/wp-json\/wp\/v2\/pages"}],"about":[{"href":"https:\/\/labeauairsol.ca\/en\/wp-json\/wp\/v2\/types\/page"}],"author":[{"embeddable":true,"href":"https:\/\/labeauairsol.ca\/en\/wp-json\/wp\/v2\/users\/13"}],"replies":[{"embeddable":true,"href":"https:\/\/labeauairsol.ca\/en\/wp-json\/wp\/v2\/comments?post=4016"}],"version-history":[{"count":5,"href":"https:\/\/labeauairsol.ca\/en\/wp-json\/wp\/v2\/pages\/4016\/revisions"}],"predecessor-version":[{"id":4039,"href":"https:\/\/labeauairsol.ca\/en\/wp-json\/wp\/v2\/pages\/4016\/revisions\/4039"}],"wp:attachment":[{"href":"https:\/\/labeauairsol.ca\/en\/wp-json\/wp\/v2\/media?parent=4016"}],"curies":[{"name":"wp","href":"https:\/\/api.w.org\/{rel}","templated":true}]}}