{"id":3979,"date":"2026-03-27T20:23:50","date_gmt":"2026-03-28T00:23:50","guid":{"rendered":"https:\/\/labeauairsol.ca\/training\/insect-pest-training\/"},"modified":"2026-04-01T18:23:23","modified_gmt":"2026-04-01T22:23:23","slug":"insect-pest-training","status":"publish","type":"page","link":"https:\/\/labeauairsol.ca\/en\/training\/insect-pest-training\/","title":{"rendered":"Building insect pests"},"content":{"rendered":"\t\t<div data-elementor-type=\"wp-page\" data-elementor-id=\"3979\" class=\"elementor elementor-3979 elementor-3976\">\n\t\t\t\t<div class=\"elementor-element elementor-element-4cd8212c e-flex e-con-boxed wpr-particle-no wpr-jarallax-no wpr-parallax-no wpr-sticky-section-no wpr-equal-height-no e-con e-parent\" data-id=\"4cd8212c\" data-element_type=\"container\" data-e-type=\"container\">\n\t\t\t\t\t<div class=\"e-con-inner\">\n\t\t\t\t<div class=\"elementor-element elementor-element-20cf0d28 elementor-widget elementor-widget-text-editor\" data-id=\"20cf0d28\" data-element_type=\"widget\" data-e-type=\"widget\" data-widget_type=\"text-editor.default\">\n\t\t\t\t<div class=\"elementor-widget-container\">\n\t\t\t\t\t\t\t\t\t<p>This course is designed for building inspectors, building experts and building managers. It includes a summary of the regulations governing pests and their extermination. A number of insects will also be described to help you recognize them. These will be separated according to their pest characteristics, i.e. xylophagous, invasive and moisture-indicating.<\/p>\t\t\t\t\t\t\t\t<\/div>\n\t\t\t\t<\/div>\n\t\t\t\t<div class=\"elementor-element elementor-element-c9863dc premium-lq__none elementor-widget elementor-widget-premium-addon-button\" data-id=\"c9863dc\" data-element_type=\"widget\" data-e-type=\"widget\" data-widget_type=\"premium-addon-button.default\">\n\t\t\t\t<div class=\"elementor-widget-container\">\n\t\t\t\t\t\n\n\t\t<a class=\"premium-button premium-button-none premium-btn-lg premium-button-none\" href=\"https:\/\/labeauairsol.podia.com\/insectes-nuisibles-du-batiment\">\n\t\t\t<div class=\"premium-button-text-icon-wrapper\">\n\t\t\t\t\n\t\t\t\t\t\t\t\t\t<span >\n\t\t\t\t\t\tBuy training - Self-study\t\t\t\t\t<\/span>\n\t\t\t\t\t\t\t<\/div>\n\n\t\t\t\n\t\t\t\n\t\t\t\n\t\t<\/a>\n\n\n\t\t\t\t\t\t<\/div>\n\t\t\t\t<\/div>\n\t\t\t\t\t<\/div>\n\t\t\t\t<\/div>\n\t\t\t\t<\/div>\n\t\t","protected":false},"excerpt":{"rendered":"<p>This course is designed for building inspectors, building experts and building managers. It includes a summary of the regulations governing pests and their extermination. A number of insects will also be described to help you recognize them. These will be separated according to their pest characteristics, i.e. xylophagous, invasive and moisture-indicating. Buy training &#8211; Self-study<\/p>\n","protected":false},"author":13,"featured_media":4057,"parent":1943,"menu_order":0,"comment_status":"closed","ping_status":"closed","template":"page-templates\/formation.php","meta":{"_acf_changed":false,"_eb_attr":"","_uag_custom_page_level_css":"","footnotes":""},"class_list":["post-3979","page","type-page","status-publish","has-post-thumbnail","hentry"],"acf":[],"yoast_head":"<!-- This site is optimized with the Yoast SEO plugin v27.4 - https:\/\/yoast.com\/product\/yoast-seo-wordpress\/ -->\n<title>Building insect pests - Lab&#039;eau-air-sol - Services de laboratoire - Hygi\u00e8ne et environnement Joliette, Montr\u00e9al, Qu\u00e9bec<\/title>\n<meta name=\"description\" content=\"Training on asbestos sampling and safe management, and asbestos decontamination procedures. Contact us if you have any questions.\" \/>\n<meta name=\"robots\" content=\"index, follow, max-snippet:-1, max-image-preview:large, max-video-preview:-1\" \/>\n<link rel=\"canonical\" href=\"https:\/\/labeauairsol.ca\/en\/training\/insect-pest-training\/\" \/>\n<meta property=\"og:locale\" content=\"en_US\" \/>\n<meta property=\"og:type\" content=\"article\" \/>\n<meta property=\"og:title\" content=\"Building insect pests - Lab&#039;eau-air-sol - Services de laboratoire - Hygi\u00e8ne et environnement Joliette, Montr\u00e9al, Qu\u00e9bec\" \/>\n<meta property=\"og:description\" content=\"Training on asbestos sampling and safe management, and asbestos decontamination procedures. Contact us if you have any questions.\" \/>\n<meta property=\"og:url\" content=\"https:\/\/labeauairsol.ca\/en\/training\/insect-pest-training\/\" \/>\n<meta property=\"og:site_name\" content=\"Lab&#039;eau-air-sol\" \/>\n<meta property=\"article:publisher\" content=\"https:\/\/www.facebook.com\/labeauairsol\/\" \/>\n<meta property=\"article:modified_time\" content=\"2026-04-01T22:23:23+00:00\" \/>\n<meta property=\"og:image\" content=\"https:\/\/labeauairsol.ca\/wp-content\/uploads\/2026\/03\/xylophages.jpg\" \/>\n\t<meta property=\"og:image:width\" content=\"2000\" \/>\n\t<meta property=\"og:image:height\" content=\"460\" \/>\n\t<meta property=\"og:image:type\" content=\"image\/jpeg\" \/>\n<meta name=\"twitter:card\" content=\"summary_large_image\" \/>\n<script type=\"application\/ld+json\" class=\"yoast-schema-graph\">{\"@context\":\"https:\\\/\\\/schema.org\",\"@graph\":[{\"@type\":\"WebPage\",\"@id\":\"https:\\\/\\\/labeauairsol.ca\\\/en\\\/training\\\/insect-pest-training\\\/\",\"url\":\"https:\\\/\\\/labeauairsol.ca\\\/en\\\/training\\\/insect-pest-training\\\/\",\"name\":\"Building insect pests - Lab&#039;eau-air-sol - Services de laboratoire - Hygi\u00e8ne et environnement Joliette, Montr\u00e9al, Qu\u00e9bec\",\"isPartOf\":{\"@id\":\"https:\\\/\\\/labeauairsol.ca\\\/en\\\/#website\"},\"primaryImageOfPage\":{\"@id\":\"https:\\\/\\\/labeauairsol.ca\\\/en\\\/training\\\/insect-pest-training\\\/#primaryimage\"},\"image\":{\"@id\":\"https:\\\/\\\/labeauairsol.ca\\\/en\\\/training\\\/insect-pest-training\\\/#primaryimage\"},\"thumbnailUrl\":\"https:\\\/\\\/labeauairsol.ca\\\/wp-content\\\/uploads\\\/2026\\\/03\\\/xylophages.jpg\",\"datePublished\":\"2026-03-28T00:23:50+00:00\",\"dateModified\":\"2026-04-01T22:23:23+00:00\",\"description\":\"Training on asbestos sampling and safe management, and asbestos decontamination procedures. Contact us if you have any questions.\",\"breadcrumb\":{\"@id\":\"https:\\\/\\\/labeauairsol.ca\\\/en\\\/training\\\/insect-pest-training\\\/#breadcrumb\"},\"inLanguage\":\"en-US\",\"potentialAction\":[{\"@type\":\"ReadAction\",\"target\":[\"https:\\\/\\\/labeauairsol.ca\\\/en\\\/training\\\/insect-pest-training\\\/\"]}]},{\"@type\":\"ImageObject\",\"inLanguage\":\"en-US\",\"@id\":\"https:\\\/\\\/labeauairsol.ca\\\/en\\\/training\\\/insect-pest-training\\\/#primaryimage\",\"url\":\"https:\\\/\\\/labeauairsol.ca\\\/wp-content\\\/uploads\\\/2026\\\/03\\\/xylophages.jpg\",\"contentUrl\":\"https:\\\/\\\/labeauairsol.ca\\\/wp-content\\\/uploads\\\/2026\\\/03\\\/xylophages.jpg\",\"width\":2000,\"height\":460},{\"@type\":\"BreadcrumbList\",\"@id\":\"https:\\\/\\\/labeauairsol.ca\\\/en\\\/training\\\/insect-pest-training\\\/#breadcrumb\",\"itemListElement\":[{\"@type\":\"ListItem\",\"position\":1,\"name\":\"Accueil\",\"item\":\"https:\\\/\\\/labeauairsol.ca\\\/en\\\/\"},{\"@type\":\"ListItem\",\"position\":2,\"name\":\"Training\",\"item\":\"https:\\\/\\\/labeauairsol.ca\\\/en\\\/training\\\/\"},{\"@type\":\"ListItem\",\"position\":3,\"name\":\"Building insect pests\"}]},{\"@type\":\"WebSite\",\"@id\":\"https:\\\/\\\/labeauairsol.ca\\\/en\\\/#website\",\"url\":\"https:\\\/\\\/labeauairsol.ca\\\/en\\\/\",\"name\":\"Lab\u2019eau-air-sol\",\"description\":\"La science au service de votre environnement\",\"publisher\":{\"@id\":\"https:\\\/\\\/labeauairsol.ca\\\/en\\\/#organization\"},\"potentialAction\":[{\"@type\":\"SearchAction\",\"target\":{\"@type\":\"EntryPoint\",\"urlTemplate\":\"https:\\\/\\\/labeauairsol.ca\\\/en\\\/?s={search_term_string}\"},\"query-input\":{\"@type\":\"PropertyValueSpecification\",\"valueRequired\":true,\"valueName\":\"search_term_string\"}}],\"inLanguage\":\"en-US\"},{\"@type\":\"Organization\",\"@id\":\"https:\\\/\\\/labeauairsol.ca\\\/en\\\/#organization\",\"name\":\"Lab'eau-air-sol\",\"url\":\"https:\\\/\\\/labeauairsol.ca\\\/en\\\/\",\"logo\":{\"@type\":\"ImageObject\",\"inLanguage\":\"en-US\",\"@id\":\"https:\\\/\\\/labeauairsol.ca\\\/en\\\/#\\\/schema\\\/logo\\\/image\\\/\",\"url\":\"https:\\\/\\\/labeauairsol.ca\\\/wp-content\\\/uploads\\\/2018\\\/09\\\/logo-lab-eau-air-sol.png\",\"contentUrl\":\"https:\\\/\\\/labeauairsol.ca\\\/wp-content\\\/uploads\\\/2018\\\/09\\\/logo-lab-eau-air-sol.png\",\"width\":134,\"height\":133,\"caption\":\"Lab'eau-air-sol\"},\"image\":{\"@id\":\"https:\\\/\\\/labeauairsol.ca\\\/en\\\/#\\\/schema\\\/logo\\\/image\\\/\"},\"sameAs\":[\"https:\\\/\\\/www.facebook.com\\\/labeauairsol\\\/\"]}]}<\/script>\n<!-- \/ Yoast SEO plugin. -->","yoast_head_json":{"title":"Building insect pests - Lab&#039;eau-air-sol - Services de laboratoire - Hygi\u00e8ne et environnement Joliette, Montr\u00e9al, Qu\u00e9bec","description":"Training on asbestos sampling and safe management, and asbestos decontamination procedures. Contact us if you have any questions.","robots":{"index":"index","follow":"follow","max-snippet":"max-snippet:-1","max-image-preview":"max-image-preview:large","max-video-preview":"max-video-preview:-1"},"canonical":"https:\/\/labeauairsol.ca\/en\/training\/insect-pest-training\/","og_locale":"en_US","og_type":"article","og_title":"Building insect pests - Lab&#039;eau-air-sol - Services de laboratoire - Hygi\u00e8ne et environnement Joliette, Montr\u00e9al, Qu\u00e9bec","og_description":"Training on asbestos sampling and safe management, and asbestos decontamination procedures. Contact us if you have any questions.","og_url":"https:\/\/labeauairsol.ca\/en\/training\/insect-pest-training\/","og_site_name":"Lab&#039;eau-air-sol","article_publisher":"https:\/\/www.facebook.com\/labeauairsol\/","article_modified_time":"2026-04-01T22:23:23+00:00","og_image":[{"width":2000,"height":460,"url":"https:\/\/labeauairsol.ca\/wp-content\/uploads\/2026\/03\/xylophages.jpg","type":"image\/jpeg"}],"twitter_card":"summary_large_image","schema":{"@context":"https:\/\/schema.org","@graph":[{"@type":"WebPage","@id":"https:\/\/labeauairsol.ca\/en\/training\/insect-pest-training\/","url":"https:\/\/labeauairsol.ca\/en\/training\/insect-pest-training\/","name":"Building insect pests - Lab&#039;eau-air-sol - Services de laboratoire - Hygi\u00e8ne et environnement Joliette, Montr\u00e9al, Qu\u00e9bec","isPartOf":{"@id":"https:\/\/labeauairsol.ca\/en\/#website"},"primaryImageOfPage":{"@id":"https:\/\/labeauairsol.ca\/en\/training\/insect-pest-training\/#primaryimage"},"image":{"@id":"https:\/\/labeauairsol.ca\/en\/training\/insect-pest-training\/#primaryimage"},"thumbnailUrl":"https:\/\/labeauairsol.ca\/wp-content\/uploads\/2026\/03\/xylophages.jpg","datePublished":"2026-03-28T00:23:50+00:00","dateModified":"2026-04-01T22:23:23+00:00","description":"Training on asbestos sampling and safe management, and asbestos decontamination procedures. Contact us if you have any questions.","breadcrumb":{"@id":"https:\/\/labeauairsol.ca\/en\/training\/insect-pest-training\/#breadcrumb"},"inLanguage":"en-US","potentialAction":[{"@type":"ReadAction","target":["https:\/\/labeauairsol.ca\/en\/training\/insect-pest-training\/"]}]},{"@type":"ImageObject","inLanguage":"en-US","@id":"https:\/\/labeauairsol.ca\/en\/training\/insect-pest-training\/#primaryimage","url":"https:\/\/labeauairsol.ca\/wp-content\/uploads\/2026\/03\/xylophages.jpg","contentUrl":"https:\/\/labeauairsol.ca\/wp-content\/uploads\/2026\/03\/xylophages.jpg","width":2000,"height":460},{"@type":"BreadcrumbList","@id":"https:\/\/labeauairsol.ca\/en\/training\/insect-pest-training\/#breadcrumb","itemListElement":[{"@type":"ListItem","position":1,"name":"Accueil","item":"https:\/\/labeauairsol.ca\/en\/"},{"@type":"ListItem","position":2,"name":"Training","item":"https:\/\/labeauairsol.ca\/en\/training\/"},{"@type":"ListItem","position":3,"name":"Building insect pests"}]},{"@type":"WebSite","@id":"https:\/\/labeauairsol.ca\/en\/#website","url":"https:\/\/labeauairsol.ca\/en\/","name":"Lab\u2019eau-air-sol","description":"La science au service de votre environnement","publisher":{"@id":"https:\/\/labeauairsol.ca\/en\/#organization"},"potentialAction":[{"@type":"SearchAction","target":{"@type":"EntryPoint","urlTemplate":"https:\/\/labeauairsol.ca\/en\/?s={search_term_string}"},"query-input":{"@type":"PropertyValueSpecification","valueRequired":true,"valueName":"search_term_string"}}],"inLanguage":"en-US"},{"@type":"Organization","@id":"https:\/\/labeauairsol.ca\/en\/#organization","name":"Lab'eau-air-sol","url":"https:\/\/labeauairsol.ca\/en\/","logo":{"@type":"ImageObject","inLanguage":"en-US","@id":"https:\/\/labeauairsol.ca\/en\/#\/schema\/logo\/image\/","url":"https:\/\/labeauairsol.ca\/wp-content\/uploads\/2018\/09\/logo-lab-eau-air-sol.png","contentUrl":"https:\/\/labeauairsol.ca\/wp-content\/uploads\/2018\/09\/logo-lab-eau-air-sol.png","width":134,"height":133,"caption":"Lab'eau-air-sol"},"image":{"@id":"https:\/\/labeauairsol.ca\/en\/#\/schema\/logo\/image\/"},"sameAs":["https:\/\/www.facebook.com\/labeauairsol\/"]}]}},"uagb_featured_image_src":{"full":["https:\/\/labeauairsol.ca\/wp-content\/uploads\/2026\/03\/xylophages.jpg",2000,460,false],"thumbnail":["https:\/\/labeauairsol.ca\/wp-content\/uploads\/2026\/03\/xylophages-150x150.jpg",150,150,true],"medium":["https:\/\/labeauairsol.ca\/wp-content\/uploads\/2026\/03\/xylophages-300x69.jpg",300,69,true],"medium_large":["https:\/\/labeauairsol.ca\/wp-content\/uploads\/2026\/03\/xylophages-768x177.jpg",768,177,true],"large":["https:\/\/labeauairsol.ca\/wp-content\/uploads\/2026\/03\/xylophages-1024x236.jpg",1024,236,true],"1536x1536":["https:\/\/labeauairsol.ca\/wp-content\/uploads\/2026\/03\/xylophages-1536x353.jpg",1536,353,true],"2048x2048":["https:\/\/labeauairsol.ca\/wp-content\/uploads\/2026\/03\/xylophages.jpg",2000,460,false],"featured-small":["https:\/\/labeauairsol.ca\/wp-content\/uploads\/2026\/03\/xylophages-640x200.jpg",640,200,true],"featured-medium":["https:\/\/labeauairsol.ca\/wp-content\/uploads\/2026\/03\/xylophages-1280x400.jpg",1280,400,true],"featured-large":["https:\/\/labeauairsol.ca\/wp-content\/uploads\/2026\/03\/xylophages-1440x400.jpg",1440,400,true],"featured-xlarge":["https:\/\/labeauairsol.ca\/wp-content\/uploads\/2026\/03\/xylophages-1920x400.jpg",1920,400,true],"fp-small":["https:\/\/labeauairsol.ca\/wp-content\/uploads\/2026\/03\/xylophages-640x147.jpg",640,147,true],"fp-medium":["https:\/\/labeauairsol.ca\/wp-content\/uploads\/2026\/03\/xylophages-1024x236.jpg",1024,236,true],"fp-large":["https:\/\/labeauairsol.ca\/wp-content\/uploads\/2026\/03\/xylophages-1200x276.jpg",1200,276,true],"fp-xlarge":["https:\/\/labeauairsol.ca\/wp-content\/uploads\/2026\/03\/xylophages-1920x442.jpg",1920,442,true],"menu-24x24":["https:\/\/labeauairsol.ca\/wp-content\/uploads\/2026\/03\/xylophages-24x6.jpg",24,6,true],"menu-36x36":["https:\/\/labeauairsol.ca\/wp-content\/uploads\/2026\/03\/xylophages-36x8.jpg",36,8,true],"menu-48x48":["https:\/\/labeauairsol.ca\/wp-content\/uploads\/2026\/03\/xylophages-48x11.jpg",48,11,true]},"uagb_author_info":{"display_name":"Am\u00e9lie Bombardier","author_link":"https:\/\/labeauairsol.ca\/en\/author\/amelie\/"},"uagb_comment_info":0,"uagb_excerpt":"This course is designed for building inspectors, building experts and building managers. It includes a summary of the regulations governing pests and their extermination. A number of insects will also be described to help you recognize them. These will be separated according to their pest characteristics, i.e. xylophagous, invasive and moisture-indicating. Buy training &#8211; Self-study","_links":{"self":[{"href":"https:\/\/labeauairsol.ca\/en\/wp-json\/wp\/v2\/pages\/3979","targetHints":{"allow":["GET"]}}],"collection":[{"href":"https:\/\/labeauairsol.ca\/en\/wp-json\/wp\/v2\/pages"}],"about":[{"href":"https:\/\/labeauairsol.ca\/en\/wp-json\/wp\/v2\/types\/page"}],"author":[{"embeddable":true,"href":"https:\/\/labeauairsol.ca\/en\/wp-json\/wp\/v2\/users\/13"}],"replies":[{"embeddable":true,"href":"https:\/\/labeauairsol.ca\/en\/wp-json\/wp\/v2\/comments?post=3979"}],"version-history":[{"count":8,"href":"https:\/\/labeauairsol.ca\/en\/wp-json\/wp\/v2\/pages\/3979\/revisions"}],"predecessor-version":[{"id":4180,"href":"https:\/\/labeauairsol.ca\/en\/wp-json\/wp\/v2\/pages\/3979\/revisions\/4180"}],"up":[{"embeddable":true,"href":"https:\/\/labeauairsol.ca\/en\/wp-json\/wp\/v2\/pages\/1943"}],"wp:featuredmedia":[{"embeddable":true,"href":"https:\/\/labeauairsol.ca\/en\/wp-json\/wp\/v2\/media\/4057"}],"wp:attachment":[{"href":"https:\/\/labeauairsol.ca\/en\/wp-json\/wp\/v2\/media?parent=3979"}],"curies":[{"name":"wp","href":"https:\/\/api.w.org\/{rel}","templated":true}]}}