{"id":3489,"date":"2025-04-30T16:02:23","date_gmt":"2025-04-30T20:02:23","guid":{"rendered":"https:\/\/labeauairsol.ca\/withdrawal\/"},"modified":"2025-04-30T16:18:37","modified_gmt":"2025-04-30T20:18:37","slug":"withdrawal","status":"publish","type":"page","link":"https:\/\/labeauairsol.ca\/en\/withdrawal\/","title":{"rendered":"Withdrawals"},"content":{"rendered":"\n<p>To ensure proper sampling, please refer to the &#8221; <a href=\"https:\/\/labeauairsol.ca\/wp-content\/uploads\/2025\/04\/Methode-dechantillonnage-M-EC-.pdf\">Sampling Method (M-EC)<\/a> &#8221; document. This document explains, among other things, the principle of the methods, the interferences to be avoided and the methodology to be followed for taking the following samples:<\/p>\n\n<ul class=\"wp-block-list\">\n<li>&#8211; Impaction on agar media  <\/li>\n\n\n\n<li>&#8211; Cassette  <\/li>\n\n\n\n<li>&#8211; Sponge  <\/li>\n\n\n\n<li>&#8211; Adhesive tape (blade)  <\/li>\n\n\n\n<li>&#8211; Deposited dust  <\/li>\n\n\n\n<li>&#8211; Iron ochre  <\/li>\n\n\n\n<li>&#8211; Legionella  <\/li>\n\n\n\n<li>&#8211; Bulk asbestos  <\/li>\n\n\n\n<li>&#8211; Breathable asbestos (fiber digitization)  <\/li>\n<\/ul>\n\n<p>You&#8217;ll also find information on sample identification and laboratory deposits.  <\/p>\n","protected":false},"excerpt":{"rendered":"<p>To ensure proper sampling, please refer to the &#8221; Sampling Method (M-EC) &#8221; document. This document explains, among other things, the principle of the methods, the interferences to be avoided and the methodology to be followed for taking the following samples: You&#8217;ll also find information on sample identification and laboratory deposits.<\/p>\n","protected":false},"author":7,"featured_media":3304,"parent":0,"menu_order":0,"comment_status":"closed","ping_status":"closed","template":"page-templates\/service.php","meta":{"_acf_changed":false,"_eb_attr":"","_uag_custom_page_level_css":"","footnotes":""},"class_list":["post-3489","page","type-page","status-publish","has-post-thumbnail","hentry"],"acf":[],"yoast_head":"<!-- This site is optimized with the Yoast SEO plugin v27.5 - https:\/\/yoast.com\/product\/yoast-seo-wordpress\/ -->\n<title>Withdrawals - Lab&#039;eau-air-sol - Services de laboratoire - Hygi\u00e8ne et environnement Joliette, Montr\u00e9al, Qu\u00e9bec<\/title>\n<meta name=\"robots\" content=\"index, follow, max-snippet:-1, max-image-preview:large, max-video-preview:-1\" \/>\n<link rel=\"canonical\" href=\"https:\/\/labeauairsol.ca\/en\/withdrawal\/\" \/>\n<meta property=\"og:locale\" content=\"en_US\" \/>\n<meta property=\"og:type\" content=\"article\" \/>\n<meta property=\"og:title\" content=\"Withdrawals - Lab&#039;eau-air-sol - Services de laboratoire - Hygi\u00e8ne et environnement Joliette, Montr\u00e9al, Qu\u00e9bec\" \/>\n<meta property=\"og:description\" content=\"To ensure proper sampling, please refer to the &#8221; Sampling Method (M-EC) &#8221; document. This document explains, among other things, the principle of the methods, the interferences to be avoided and the methodology to be followed for taking the following samples: You&#8217;ll also find information on sample identification and laboratory deposits.\" \/>\n<meta property=\"og:url\" content=\"https:\/\/labeauairsol.ca\/en\/withdrawal\/\" \/>\n<meta property=\"og:site_name\" content=\"Lab&#039;eau-air-sol\" \/>\n<meta property=\"article:publisher\" content=\"https:\/\/www.facebook.com\/labeauairsol\/\" \/>\n<meta property=\"article:modified_time\" content=\"2025-04-30T20:18:37+00:00\" \/>\n<meta property=\"og:image\" content=\"https:\/\/labeauairsol.ca\/wp-content\/uploads\/2024\/08\/Lab-Legionelloses.jpg\" \/>\n\t<meta property=\"og:image:width\" content=\"2054\" \/>\n\t<meta property=\"og:image:height\" content=\"1261\" \/>\n\t<meta property=\"og:image:type\" content=\"image\/jpeg\" \/>\n<meta name=\"twitter:card\" content=\"summary_large_image\" \/>\n<script type=\"application\/ld+json\" class=\"yoast-schema-graph\">{\"@context\":\"https:\\\/\\\/schema.org\",\"@graph\":[{\"@type\":\"WebPage\",\"@id\":\"https:\\\/\\\/labeauairsol.ca\\\/en\\\/withdrawal\\\/\",\"url\":\"https:\\\/\\\/labeauairsol.ca\\\/en\\\/withdrawal\\\/\",\"name\":\"Withdrawals - Lab&#039;eau-air-sol - Services de laboratoire - Hygi\u00e8ne et environnement Joliette, Montr\u00e9al, Qu\u00e9bec\",\"isPartOf\":{\"@id\":\"https:\\\/\\\/labeauairsol.ca\\\/en\\\/#website\"},\"primaryImageOfPage\":{\"@id\":\"https:\\\/\\\/labeauairsol.ca\\\/en\\\/withdrawal\\\/#primaryimage\"},\"image\":{\"@id\":\"https:\\\/\\\/labeauairsol.ca\\\/en\\\/withdrawal\\\/#primaryimage\"},\"thumbnailUrl\":\"https:\\\/\\\/labeauairsol.ca\\\/wp-content\\\/uploads\\\/2024\\\/08\\\/Lab-Legionelloses.jpg\",\"datePublished\":\"2025-04-30T20:02:23+00:00\",\"dateModified\":\"2025-04-30T20:18:37+00:00\",\"breadcrumb\":{\"@id\":\"https:\\\/\\\/labeauairsol.ca\\\/en\\\/withdrawal\\\/#breadcrumb\"},\"inLanguage\":\"en-US\",\"potentialAction\":[{\"@type\":\"ReadAction\",\"target\":[\"https:\\\/\\\/labeauairsol.ca\\\/en\\\/withdrawal\\\/\"]}]},{\"@type\":\"ImageObject\",\"inLanguage\":\"en-US\",\"@id\":\"https:\\\/\\\/labeauairsol.ca\\\/en\\\/withdrawal\\\/#primaryimage\",\"url\":\"https:\\\/\\\/labeauairsol.ca\\\/wp-content\\\/uploads\\\/2024\\\/08\\\/Lab-Legionelloses.jpg\",\"contentUrl\":\"https:\\\/\\\/labeauairsol.ca\\\/wp-content\\\/uploads\\\/2024\\\/08\\\/Lab-Legionelloses.jpg\",\"width\":2054,\"height\":1261},{\"@type\":\"BreadcrumbList\",\"@id\":\"https:\\\/\\\/labeauairsol.ca\\\/en\\\/withdrawal\\\/#breadcrumb\",\"itemListElement\":[{\"@type\":\"ListItem\",\"position\":1,\"name\":\"Accueil\",\"item\":\"https:\\\/\\\/labeauairsol.ca\\\/en\\\/\"},{\"@type\":\"ListItem\",\"position\":2,\"name\":\"Withdrawals\"}]},{\"@type\":\"WebSite\",\"@id\":\"https:\\\/\\\/labeauairsol.ca\\\/en\\\/#website\",\"url\":\"https:\\\/\\\/labeauairsol.ca\\\/en\\\/\",\"name\":\"Lab\u2019eau-air-sol\",\"description\":\"La science au service de votre environnement\",\"publisher\":{\"@id\":\"https:\\\/\\\/labeauairsol.ca\\\/en\\\/#organization\"},\"potentialAction\":[{\"@type\":\"SearchAction\",\"target\":{\"@type\":\"EntryPoint\",\"urlTemplate\":\"https:\\\/\\\/labeauairsol.ca\\\/en\\\/?s={search_term_string}\"},\"query-input\":{\"@type\":\"PropertyValueSpecification\",\"valueRequired\":true,\"valueName\":\"search_term_string\"}}],\"inLanguage\":\"en-US\"},{\"@type\":\"Organization\",\"@id\":\"https:\\\/\\\/labeauairsol.ca\\\/en\\\/#organization\",\"name\":\"Lab'eau-air-sol\",\"url\":\"https:\\\/\\\/labeauairsol.ca\\\/en\\\/\",\"logo\":{\"@type\":\"ImageObject\",\"inLanguage\":\"en-US\",\"@id\":\"https:\\\/\\\/labeauairsol.ca\\\/en\\\/#\\\/schema\\\/logo\\\/image\\\/\",\"url\":\"https:\\\/\\\/labeauairsol.ca\\\/wp-content\\\/uploads\\\/2018\\\/09\\\/logo-lab-eau-air-sol.png\",\"contentUrl\":\"https:\\\/\\\/labeauairsol.ca\\\/wp-content\\\/uploads\\\/2018\\\/09\\\/logo-lab-eau-air-sol.png\",\"width\":134,\"height\":133,\"caption\":\"Lab'eau-air-sol\"},\"image\":{\"@id\":\"https:\\\/\\\/labeauairsol.ca\\\/en\\\/#\\\/schema\\\/logo\\\/image\\\/\"},\"sameAs\":[\"https:\\\/\\\/www.facebook.com\\\/labeauairsol\\\/\"]}]}<\/script>\n<!-- \/ Yoast SEO plugin. -->","yoast_head_json":{"title":"Withdrawals - Lab&#039;eau-air-sol - Services de laboratoire - Hygi\u00e8ne et environnement Joliette, Montr\u00e9al, Qu\u00e9bec","robots":{"index":"index","follow":"follow","max-snippet":"max-snippet:-1","max-image-preview":"max-image-preview:large","max-video-preview":"max-video-preview:-1"},"canonical":"https:\/\/labeauairsol.ca\/en\/withdrawal\/","og_locale":"en_US","og_type":"article","og_title":"Withdrawals - Lab&#039;eau-air-sol - Services de laboratoire - Hygi\u00e8ne et environnement Joliette, Montr\u00e9al, Qu\u00e9bec","og_description":"To ensure proper sampling, please refer to the &#8221; Sampling Method (M-EC) &#8221; document. This document explains, among other things, the principle of the methods, the interferences to be avoided and the methodology to be followed for taking the following samples: You&#8217;ll also find information on sample identification and laboratory deposits.","og_url":"https:\/\/labeauairsol.ca\/en\/withdrawal\/","og_site_name":"Lab&#039;eau-air-sol","article_publisher":"https:\/\/www.facebook.com\/labeauairsol\/","article_modified_time":"2025-04-30T20:18:37+00:00","og_image":[{"width":2054,"height":1261,"url":"https:\/\/labeauairsol.ca\/wp-content\/uploads\/2024\/08\/Lab-Legionelloses.jpg","type":"image\/jpeg"}],"twitter_card":"summary_large_image","schema":{"@context":"https:\/\/schema.org","@graph":[{"@type":"WebPage","@id":"https:\/\/labeauairsol.ca\/en\/withdrawal\/","url":"https:\/\/labeauairsol.ca\/en\/withdrawal\/","name":"Withdrawals - Lab&#039;eau-air-sol - Services de laboratoire - Hygi\u00e8ne et environnement Joliette, Montr\u00e9al, Qu\u00e9bec","isPartOf":{"@id":"https:\/\/labeauairsol.ca\/en\/#website"},"primaryImageOfPage":{"@id":"https:\/\/labeauairsol.ca\/en\/withdrawal\/#primaryimage"},"image":{"@id":"https:\/\/labeauairsol.ca\/en\/withdrawal\/#primaryimage"},"thumbnailUrl":"https:\/\/labeauairsol.ca\/wp-content\/uploads\/2024\/08\/Lab-Legionelloses.jpg","datePublished":"2025-04-30T20:02:23+00:00","dateModified":"2025-04-30T20:18:37+00:00","breadcrumb":{"@id":"https:\/\/labeauairsol.ca\/en\/withdrawal\/#breadcrumb"},"inLanguage":"en-US","potentialAction":[{"@type":"ReadAction","target":["https:\/\/labeauairsol.ca\/en\/withdrawal\/"]}]},{"@type":"ImageObject","inLanguage":"en-US","@id":"https:\/\/labeauairsol.ca\/en\/withdrawal\/#primaryimage","url":"https:\/\/labeauairsol.ca\/wp-content\/uploads\/2024\/08\/Lab-Legionelloses.jpg","contentUrl":"https:\/\/labeauairsol.ca\/wp-content\/uploads\/2024\/08\/Lab-Legionelloses.jpg","width":2054,"height":1261},{"@type":"BreadcrumbList","@id":"https:\/\/labeauairsol.ca\/en\/withdrawal\/#breadcrumb","itemListElement":[{"@type":"ListItem","position":1,"name":"Accueil","item":"https:\/\/labeauairsol.ca\/en\/"},{"@type":"ListItem","position":2,"name":"Withdrawals"}]},{"@type":"WebSite","@id":"https:\/\/labeauairsol.ca\/en\/#website","url":"https:\/\/labeauairsol.ca\/en\/","name":"Lab\u2019eau-air-sol","description":"La science au service de votre environnement","publisher":{"@id":"https:\/\/labeauairsol.ca\/en\/#organization"},"potentialAction":[{"@type":"SearchAction","target":{"@type":"EntryPoint","urlTemplate":"https:\/\/labeauairsol.ca\/en\/?s={search_term_string}"},"query-input":{"@type":"PropertyValueSpecification","valueRequired":true,"valueName":"search_term_string"}}],"inLanguage":"en-US"},{"@type":"Organization","@id":"https:\/\/labeauairsol.ca\/en\/#organization","name":"Lab'eau-air-sol","url":"https:\/\/labeauairsol.ca\/en\/","logo":{"@type":"ImageObject","inLanguage":"en-US","@id":"https:\/\/labeauairsol.ca\/en\/#\/schema\/logo\/image\/","url":"https:\/\/labeauairsol.ca\/wp-content\/uploads\/2018\/09\/logo-lab-eau-air-sol.png","contentUrl":"https:\/\/labeauairsol.ca\/wp-content\/uploads\/2018\/09\/logo-lab-eau-air-sol.png","width":134,"height":133,"caption":"Lab'eau-air-sol"},"image":{"@id":"https:\/\/labeauairsol.ca\/en\/#\/schema\/logo\/image\/"},"sameAs":["https:\/\/www.facebook.com\/labeauairsol\/"]}]}},"uagb_featured_image_src":{"full":["https:\/\/labeauairsol.ca\/wp-content\/uploads\/2024\/08\/Lab-Legionelloses.jpg",2054,1261,false],"thumbnail":["https:\/\/labeauairsol.ca\/wp-content\/uploads\/2024\/08\/Lab-Legionelloses-150x150.jpg",150,150,true],"medium":["https:\/\/labeauairsol.ca\/wp-content\/uploads\/2024\/08\/Lab-Legionelloses-300x184.jpg",300,184,true],"medium_large":["https:\/\/labeauairsol.ca\/wp-content\/uploads\/2024\/08\/Lab-Legionelloses-768x471.jpg",768,471,true],"large":["https:\/\/labeauairsol.ca\/wp-content\/uploads\/2024\/08\/Lab-Legionelloses-1024x629.jpg",1024,629,true],"1536x1536":["https:\/\/labeauairsol.ca\/wp-content\/uploads\/2024\/08\/Lab-Legionelloses-1536x943.jpg",1536,943,true],"2048x2048":["https:\/\/labeauairsol.ca\/wp-content\/uploads\/2024\/08\/Lab-Legionelloses-2048x1257.jpg",2048,1257,true],"featured-small":["https:\/\/labeauairsol.ca\/wp-content\/uploads\/2024\/08\/Lab-Legionelloses-640x200.jpg",640,200,true],"featured-medium":["https:\/\/labeauairsol.ca\/wp-content\/uploads\/2024\/08\/Lab-Legionelloses-1280x400.jpg",1280,400,true],"featured-large":["https:\/\/labeauairsol.ca\/wp-content\/uploads\/2024\/08\/Lab-Legionelloses-1440x400.jpg",1440,400,true],"featured-xlarge":["https:\/\/labeauairsol.ca\/wp-content\/uploads\/2024\/08\/Lab-Legionelloses-1920x400.jpg",1920,400,true],"fp-small":["https:\/\/labeauairsol.ca\/wp-content\/uploads\/2024\/08\/Lab-Legionelloses-640x393.jpg",640,393,true],"fp-medium":["https:\/\/labeauairsol.ca\/wp-content\/uploads\/2024\/08\/Lab-Legionelloses-1024x629.jpg",1024,629,true],"fp-large":["https:\/\/labeauairsol.ca\/wp-content\/uploads\/2024\/08\/Lab-Legionelloses-1200x737.jpg",1200,737,true],"fp-xlarge":["https:\/\/labeauairsol.ca\/wp-content\/uploads\/2024\/08\/Lab-Legionelloses-1920x1179.jpg",1920,1179,true],"menu-24x24":["https:\/\/labeauairsol.ca\/wp-content\/uploads\/2024\/08\/Lab-Legionelloses-24x15.jpg",24,15,true],"menu-36x36":["https:\/\/labeauairsol.ca\/wp-content\/uploads\/2024\/08\/Lab-Legionelloses-36x22.jpg",36,22,true],"menu-48x48":["https:\/\/labeauairsol.ca\/wp-content\/uploads\/2024\/08\/Lab-Legionelloses-48x29.jpg",48,29,true]},"uagb_author_info":{"display_name":"support informatique","author_link":"https:\/\/labeauairsol.ca\/en\/author\/support\/"},"uagb_comment_info":0,"uagb_excerpt":"To ensure proper sampling, please refer to the &#8221; Sampling Method (M-EC) &#8221; document. This document explains, among other things, the principle of the methods, the interferences to be avoided and the methodology to be followed for taking the following samples: You&#8217;ll also find information on sample identification and laboratory deposits.","_links":{"self":[{"href":"https:\/\/labeauairsol.ca\/en\/wp-json\/wp\/v2\/pages\/3489","targetHints":{"allow":["GET"]}}],"collection":[{"href":"https:\/\/labeauairsol.ca\/en\/wp-json\/wp\/v2\/pages"}],"about":[{"href":"https:\/\/labeauairsol.ca\/en\/wp-json\/wp\/v2\/types\/page"}],"author":[{"embeddable":true,"href":"https:\/\/labeauairsol.ca\/en\/wp-json\/wp\/v2\/users\/7"}],"replies":[{"embeddable":true,"href":"https:\/\/labeauairsol.ca\/en\/wp-json\/wp\/v2\/comments?post=3489"}],"version-history":[{"count":5,"href":"https:\/\/labeauairsol.ca\/en\/wp-json\/wp\/v2\/pages\/3489\/revisions"}],"predecessor-version":[{"id":3509,"href":"https:\/\/labeauairsol.ca\/en\/wp-json\/wp\/v2\/pages\/3489\/revisions\/3509"}],"wp:featuredmedia":[{"embeddable":true,"href":"https:\/\/labeauairsol.ca\/en\/wp-json\/wp\/v2\/media\/3304"}],"wp:attachment":[{"href":"https:\/\/labeauairsol.ca\/en\/wp-json\/wp\/v2\/media?parent=3489"}],"curies":[{"name":"wp","href":"https:\/\/api.w.org\/{rel}","templated":true}]}}