{"id":1968,"date":"2017-01-28T17:38:08","date_gmt":"2017-01-28T22:38:08","guid":{"rendered":"https:\/\/labeauairsol.ca\/industrial-and-commercial\/legionella-analysis\/"},"modified":"2025-05-09T17:48:52","modified_gmt":"2025-05-09T21:48:52","slug":"legionella-analysis","status":"publish","type":"page","link":"https:\/\/labeauairsol.ca\/en\/industrial-and-commercial\/legionella-analysis\/","title":{"rendered":"Legionella analysis"},"content":{"rendered":"<p>Is your building equipped with a cooling tower&nbsp;? Do you have a spa, safety showers or decorative fountains&nbsp;? These environments are conducive to the proliferation of <em>Legionella pneumophila,<\/em> a bacterium that causes Legionnaires&#8217; disease when fine, contaminated droplets are breathed in.<\/p>\n<p><strong>In what situations can Lab&#8217;EauAirSol&nbsp;help you analyze legionella in your water-cooled cooling tower?<\/strong><\/p>\n<ul>\n<li>Would you like a price estimate for the detection and enumeration of Legionella in your water cooling tower (air-cooled cooling tower) by an accredited laboratory?<\/li>\n<li>Would you like a price estimate for Legionella detection and enumeration in your spas, fountains or showers?<\/li>\n<li>You want to quickly put in place the necessary procedures to comply with regulations aimed at limiting the proliferation of legionella in your installations.<\/li>\n<li>You want a flexible follow-up service based on the reality and preferences of each customer<\/li>\n<li>You need an accredited laboratory in Quebec to analyze your water samples quickly and accurately, performed by experts qualified to the applicable standards.<\/li>\n<li>You need to receive your Legionella test results quickly.<\/li>\n<li>You need a recognized professional to draw up a complete water tower maintenance program that meets the requirements of the R\u00e9gie du b\u00e2timent du Qu\u00e9bec.<\/li>\n<\/ul>\n<p><strong>Detection and enumeration of&nbsp;<em>Legionella pneumophila<\/em>&nbsp;in water cooling towers<\/strong><\/p>\n<p>LAB&#8217;EAU-AIR-SOL offers reliable and reproducible analyses for the detection and enumeration of bacteria of the genus&nbsp;<em>Legionella<\/em> based on IRSST analytical method 370 and is accredited by the Centre d&#8217;expertise en analyses environnementales du Qu\u00e9bec (CEAEQ) for field 606.<\/p>\n<p>We offer a flexible follow-up service based on the reality and preferences of each customer.<\/p>\n<p>To comply with the regulations governing water-cooled cooling tower installations, a sample must be sent to the laboratory at least every 30 days during commissioning, during restart following a prolonged shutdown, and 2 to 7 days following a decontamination procedure.<\/p>\n<p><strong>Water cooling tower maintenance program<\/strong><\/p>\n<p>LAB&#8217;EAU-AIR-SOL also offers the service of drawing up maintenance programs for water cooling towers, signed by a professional and meeting all the requirements of the R\u00e9gie du B\u00e2timent. Programs are designed to make it easy to follow up on actions taken, to integrate existing practices as far as possible, and to maximize tower efficiency while maintaining conditions that are not conducive to legionella proliferation.&nbsp;Find out <a href=\"https:\/\/labeauairsol.ca\/industriel-et-commercial\/programme-dentretien-pour-les-tours-de-refroidissement\/\">more<\/a>.<\/p>\n<p><strong><br \/>\n  <em>Legionella pneumophila<\/em><br \/>\n<\/strong><strong>&nbsp;in spas, fountains and showers.<\/strong><\/p>\n<p>Although the detection of Legionella is not regulated in Qu\u00e9bec for drinking water, these systems often offer favorable conditions for the proliferation and aerosolization of bacteria such as&nbsp;<em>Legionella&nbsp;<\/em>sp. during the summer period.<\/p>\n<p>Monitoring sources of contamination in drinking water is part of a comprehensive and effective control program.<\/p>\n","protected":false},"excerpt":{"rendered":"<p>Is your building equipped with a cooling tower&nbsp;? Do you have a spa, safety showers or decorative fountains&nbsp;? These environments are conducive to the proliferation of Legionella pneumophila, a bacterium that causes Legionnaires&#8217; disease when fine, contaminated droplets are breathed in. In what situations can Lab&#8217;EauAirSol&nbsp;help you analyze legionella in your water-cooled cooling tower? Would you like a price estimate for the detection and enumeration of Legionella in your water cooling tower (air-cooled cooling tower) by an accredited laboratory? Would you like a price estimate for Legionella detection and enumeration in your spas, fountains or showers? You want to quickly put in place the necessary procedures to comply with regulations aimed at limiting the proliferation of legionella in your installations. You want a flexible follow-up service based on the reality and preferences of each customer You need an accredited laboratory in Quebec to analyze your water samples quickly and accurately, performed by experts qualified to the applicable standards. You need to receive your Legionella test results quickly. You need a recognized professional to draw up a complete water tower maintenance program that meets the requirements of the R\u00e9gie du b\u00e2timent du Qu\u00e9bec. Detection and enumeration of&nbsp;Legionella pneumophila&nbsp;in water cooling towers LAB&#8217;EAU-AIR-SOL offers reliable and reproducible analyses for the detection and enumeration of bacteria of the genus&nbsp;Legionella based on IRSST analytical method 370 and is accredited by the Centre d&#8217;expertise en analyses environnementales du Qu\u00e9bec (CEAEQ) for field 606. We offer a flexible follow-up service based on the reality and preferences of each customer. To comply with the regulations governing water-cooled cooling tower installations, a sample must be sent to the laboratory at least every 30 days during commissioning, during restart following a prolonged shutdown, and 2 to 7 days following a decontamination procedure. Water cooling tower maintenance program LAB&#8217;EAU-AIR-SOL also offers the service of drawing up maintenance programs for water cooling towers, signed by a professional and meeting all the requirements of the R\u00e9gie du B\u00e2timent. Programs are designed to make it easy to follow up on actions taken, to integrate existing practices as far as possible, and to maximize tower efficiency while maintaining conditions that are not conducive to legionella proliferation.&nbsp;Find out more. Legionella pneumophila &nbsp;in spas, fountains and showers. Although the detection of Legionella is not regulated in Qu\u00e9bec for drinking water, these systems often offer favorable conditions for the proliferation and aerosolization of bacteria such as&nbsp;Legionella&nbsp;sp. during the summer period. Monitoring sources of contamination in drinking water is part of a comprehensive and effective control program.<\/p>\n","protected":false},"author":4,"featured_media":3841,"parent":1965,"menu_order":0,"comment_status":"closed","ping_status":"closed","template":"page-templates\/service.php","meta":{"_acf_changed":false,"_eb_attr":"","_uag_custom_page_level_css":"","footnotes":""},"class_list":["post-1968","page","type-page","status-publish","has-post-thumbnail","hentry"],"acf":[],"yoast_head":"<!-- This site is optimized with the Yoast SEO plugin v27.3 - https:\/\/yoast.com\/product\/yoast-seo-wordpress\/ -->\n<title>Detection and enumeration of Legionella in water-cooled cooling towers<\/title>\n<meta name=\"description\" content=\"Detection and enumeration of Legionella pneumophila in water-cooled cooling towers. Water cooling tower maintenance program.\" \/>\n<meta name=\"robots\" content=\"index, follow, max-snippet:-1, max-image-preview:large, max-video-preview:-1\" \/>\n<link rel=\"canonical\" href=\"https:\/\/labeauairsol.ca\/en\/industrial-and-commercial\/legionella-analysis\/\" \/>\n<meta property=\"og:locale\" content=\"en_US\" \/>\n<meta property=\"og:type\" content=\"article\" \/>\n<meta property=\"og:title\" content=\"Detection and enumeration of Legionella in water-cooled cooling towers\" \/>\n<meta property=\"og:description\" content=\"Detection and enumeration of Legionella pneumophila in water-cooled cooling towers. Water cooling tower maintenance program.\" \/>\n<meta property=\"og:url\" content=\"https:\/\/labeauairsol.ca\/en\/industrial-and-commercial\/legionella-analysis\/\" \/>\n<meta property=\"og:site_name\" content=\"Lab&#039;eau-air-sol\" \/>\n<meta property=\"article:publisher\" content=\"https:\/\/www.facebook.com\/labeauairsol\/\" \/>\n<meta property=\"article:modified_time\" content=\"2025-05-09T21:48:52+00:00\" \/>\n<meta property=\"og:image\" content=\"https:\/\/labeauairsol.ca\/wp-content\/uploads\/2017\/01\/562130_10151756584015486_1029729891_n.jpg\" \/>\n\t<meta property=\"og:image:width\" content=\"960\" \/>\n\t<meta property=\"og:image:height\" content=\"640\" \/>\n\t<meta property=\"og:image:type\" content=\"image\/jpeg\" \/>\n<meta name=\"twitter:card\" content=\"summary_large_image\" \/>\n<meta name=\"twitter:label1\" content=\"Est. reading time\" \/>\n\t<meta name=\"twitter:data1\" content=\"2 minutes\" \/>\n<script type=\"application\/ld+json\" class=\"yoast-schema-graph\">{\"@context\":\"https:\\\/\\\/schema.org\",\"@graph\":[{\"@type\":\"WebPage\",\"@id\":\"https:\\\/\\\/labeauairsol.ca\\\/en\\\/industrial-and-commercial\\\/legionella-analysis\\\/\",\"url\":\"https:\\\/\\\/labeauairsol.ca\\\/en\\\/industrial-and-commercial\\\/legionella-analysis\\\/\",\"name\":\"Detection and enumeration of Legionella in water-cooled cooling towers\",\"isPartOf\":{\"@id\":\"https:\\\/\\\/labeauairsol.ca\\\/en\\\/#website\"},\"primaryImageOfPage\":{\"@id\":\"https:\\\/\\\/labeauairsol.ca\\\/en\\\/industrial-and-commercial\\\/legionella-analysis\\\/#primaryimage\"},\"image\":{\"@id\":\"https:\\\/\\\/labeauairsol.ca\\\/en\\\/industrial-and-commercial\\\/legionella-analysis\\\/#primaryimage\"},\"thumbnailUrl\":\"https:\\\/\\\/labeauairsol.ca\\\/wp-content\\\/uploads\\\/2026\\\/03\\\/Heat-Cost-Calculation.jpg\",\"datePublished\":\"2017-01-28T22:38:08+00:00\",\"dateModified\":\"2025-05-09T21:48:52+00:00\",\"description\":\"Detection and enumeration of Legionella pneumophila in water-cooled cooling towers. Water cooling tower maintenance program.\",\"breadcrumb\":{\"@id\":\"https:\\\/\\\/labeauairsol.ca\\\/en\\\/industrial-and-commercial\\\/legionella-analysis\\\/#breadcrumb\"},\"inLanguage\":\"en-US\",\"potentialAction\":[{\"@type\":\"ReadAction\",\"target\":[\"https:\\\/\\\/labeauairsol.ca\\\/en\\\/industrial-and-commercial\\\/legionella-analysis\\\/\"]}]},{\"@type\":\"ImageObject\",\"inLanguage\":\"en-US\",\"@id\":\"https:\\\/\\\/labeauairsol.ca\\\/en\\\/industrial-and-commercial\\\/legionella-analysis\\\/#primaryimage\",\"url\":\"https:\\\/\\\/labeauairsol.ca\\\/wp-content\\\/uploads\\\/2026\\\/03\\\/Heat-Cost-Calculation.jpg\",\"contentUrl\":\"https:\\\/\\\/labeauairsol.ca\\\/wp-content\\\/uploads\\\/2026\\\/03\\\/Heat-Cost-Calculation.jpg\",\"width\":2000,\"height\":460},{\"@type\":\"BreadcrumbList\",\"@id\":\"https:\\\/\\\/labeauairsol.ca\\\/en\\\/industrial-and-commercial\\\/legionella-analysis\\\/#breadcrumb\",\"itemListElement\":[{\"@type\":\"ListItem\",\"position\":1,\"name\":\"Accueil\",\"item\":\"https:\\\/\\\/labeauairsol.ca\\\/en\\\/\"},{\"@type\":\"ListItem\",\"position\":2,\"name\":\"Industrial and commercial\",\"item\":\"https:\\\/\\\/labeauairsol.ca\\\/en\\\/industrial-and-commercial\\\/\"},{\"@type\":\"ListItem\",\"position\":3,\"name\":\"Legionella analysis\"}]},{\"@type\":\"WebSite\",\"@id\":\"https:\\\/\\\/labeauairsol.ca\\\/en\\\/#website\",\"url\":\"https:\\\/\\\/labeauairsol.ca\\\/en\\\/\",\"name\":\"Lab\u2019eau-air-sol\",\"description\":\"La science au service de votre environnement\",\"publisher\":{\"@id\":\"https:\\\/\\\/labeauairsol.ca\\\/en\\\/#organization\"},\"potentialAction\":[{\"@type\":\"SearchAction\",\"target\":{\"@type\":\"EntryPoint\",\"urlTemplate\":\"https:\\\/\\\/labeauairsol.ca\\\/en\\\/?s={search_term_string}\"},\"query-input\":{\"@type\":\"PropertyValueSpecification\",\"valueRequired\":true,\"valueName\":\"search_term_string\"}}],\"inLanguage\":\"en-US\"},{\"@type\":\"Organization\",\"@id\":\"https:\\\/\\\/labeauairsol.ca\\\/en\\\/#organization\",\"name\":\"Lab'eau-air-sol\",\"url\":\"https:\\\/\\\/labeauairsol.ca\\\/en\\\/\",\"logo\":{\"@type\":\"ImageObject\",\"inLanguage\":\"en-US\",\"@id\":\"https:\\\/\\\/labeauairsol.ca\\\/en\\\/#\\\/schema\\\/logo\\\/image\\\/\",\"url\":\"https:\\\/\\\/labeauairsol.ca\\\/wp-content\\\/uploads\\\/2018\\\/09\\\/logo-lab-eau-air-sol.png\",\"contentUrl\":\"https:\\\/\\\/labeauairsol.ca\\\/wp-content\\\/uploads\\\/2018\\\/09\\\/logo-lab-eau-air-sol.png\",\"width\":134,\"height\":133,\"caption\":\"Lab'eau-air-sol\"},\"image\":{\"@id\":\"https:\\\/\\\/labeauairsol.ca\\\/en\\\/#\\\/schema\\\/logo\\\/image\\\/\"},\"sameAs\":[\"https:\\\/\\\/www.facebook.com\\\/labeauairsol\\\/\"]}]}<\/script>\n<!-- \/ Yoast SEO plugin. -->","yoast_head_json":{"title":"Detection and enumeration of Legionella in water-cooled cooling towers","description":"Detection and enumeration of Legionella pneumophila in water-cooled cooling towers. Water cooling tower maintenance program.","robots":{"index":"index","follow":"follow","max-snippet":"max-snippet:-1","max-image-preview":"max-image-preview:large","max-video-preview":"max-video-preview:-1"},"canonical":"https:\/\/labeauairsol.ca\/en\/industrial-and-commercial\/legionella-analysis\/","og_locale":"en_US","og_type":"article","og_title":"Detection and enumeration of Legionella in water-cooled cooling towers","og_description":"Detection and enumeration of Legionella pneumophila in water-cooled cooling towers. Water cooling tower maintenance program.","og_url":"https:\/\/labeauairsol.ca\/en\/industrial-and-commercial\/legionella-analysis\/","og_site_name":"Lab&#039;eau-air-sol","article_publisher":"https:\/\/www.facebook.com\/labeauairsol\/","article_modified_time":"2025-05-09T21:48:52+00:00","og_image":[{"width":960,"height":640,"url":"https:\/\/labeauairsol.ca\/wp-content\/uploads\/2017\/01\/562130_10151756584015486_1029729891_n.jpg","type":"image\/jpeg"}],"twitter_card":"summary_large_image","twitter_misc":{"Est. reading time":"2 minutes"},"schema":{"@context":"https:\/\/schema.org","@graph":[{"@type":"WebPage","@id":"https:\/\/labeauairsol.ca\/en\/industrial-and-commercial\/legionella-analysis\/","url":"https:\/\/labeauairsol.ca\/en\/industrial-and-commercial\/legionella-analysis\/","name":"Detection and enumeration of Legionella in water-cooled cooling towers","isPartOf":{"@id":"https:\/\/labeauairsol.ca\/en\/#website"},"primaryImageOfPage":{"@id":"https:\/\/labeauairsol.ca\/en\/industrial-and-commercial\/legionella-analysis\/#primaryimage"},"image":{"@id":"https:\/\/labeauairsol.ca\/en\/industrial-and-commercial\/legionella-analysis\/#primaryimage"},"thumbnailUrl":"https:\/\/labeauairsol.ca\/wp-content\/uploads\/2026\/03\/Heat-Cost-Calculation.jpg","datePublished":"2017-01-28T22:38:08+00:00","dateModified":"2025-05-09T21:48:52+00:00","description":"Detection and enumeration of Legionella pneumophila in water-cooled cooling towers. Water cooling tower maintenance program.","breadcrumb":{"@id":"https:\/\/labeauairsol.ca\/en\/industrial-and-commercial\/legionella-analysis\/#breadcrumb"},"inLanguage":"en-US","potentialAction":[{"@type":"ReadAction","target":["https:\/\/labeauairsol.ca\/en\/industrial-and-commercial\/legionella-analysis\/"]}]},{"@type":"ImageObject","inLanguage":"en-US","@id":"https:\/\/labeauairsol.ca\/en\/industrial-and-commercial\/legionella-analysis\/#primaryimage","url":"https:\/\/labeauairsol.ca\/wp-content\/uploads\/2026\/03\/Heat-Cost-Calculation.jpg","contentUrl":"https:\/\/labeauairsol.ca\/wp-content\/uploads\/2026\/03\/Heat-Cost-Calculation.jpg","width":2000,"height":460},{"@type":"BreadcrumbList","@id":"https:\/\/labeauairsol.ca\/en\/industrial-and-commercial\/legionella-analysis\/#breadcrumb","itemListElement":[{"@type":"ListItem","position":1,"name":"Accueil","item":"https:\/\/labeauairsol.ca\/en\/"},{"@type":"ListItem","position":2,"name":"Industrial and commercial","item":"https:\/\/labeauairsol.ca\/en\/industrial-and-commercial\/"},{"@type":"ListItem","position":3,"name":"Legionella analysis"}]},{"@type":"WebSite","@id":"https:\/\/labeauairsol.ca\/en\/#website","url":"https:\/\/labeauairsol.ca\/en\/","name":"Lab\u2019eau-air-sol","description":"La science au service de votre environnement","publisher":{"@id":"https:\/\/labeauairsol.ca\/en\/#organization"},"potentialAction":[{"@type":"SearchAction","target":{"@type":"EntryPoint","urlTemplate":"https:\/\/labeauairsol.ca\/en\/?s={search_term_string}"},"query-input":{"@type":"PropertyValueSpecification","valueRequired":true,"valueName":"search_term_string"}}],"inLanguage":"en-US"},{"@type":"Organization","@id":"https:\/\/labeauairsol.ca\/en\/#organization","name":"Lab'eau-air-sol","url":"https:\/\/labeauairsol.ca\/en\/","logo":{"@type":"ImageObject","inLanguage":"en-US","@id":"https:\/\/labeauairsol.ca\/en\/#\/schema\/logo\/image\/","url":"https:\/\/labeauairsol.ca\/wp-content\/uploads\/2018\/09\/logo-lab-eau-air-sol.png","contentUrl":"https:\/\/labeauairsol.ca\/wp-content\/uploads\/2018\/09\/logo-lab-eau-air-sol.png","width":134,"height":133,"caption":"Lab'eau-air-sol"},"image":{"@id":"https:\/\/labeauairsol.ca\/en\/#\/schema\/logo\/image\/"},"sameAs":["https:\/\/www.facebook.com\/labeauairsol\/"]}]}},"uagb_featured_image_src":{"full":["https:\/\/labeauairsol.ca\/wp-content\/uploads\/2026\/03\/Heat-Cost-Calculation.jpg",2000,460,false],"thumbnail":["https:\/\/labeauairsol.ca\/wp-content\/uploads\/2026\/03\/Heat-Cost-Calculation-150x150.jpg",150,150,true],"medium":["https:\/\/labeauairsol.ca\/wp-content\/uploads\/2026\/03\/Heat-Cost-Calculation-300x69.jpg",300,69,true],"medium_large":["https:\/\/labeauairsol.ca\/wp-content\/uploads\/2026\/03\/Heat-Cost-Calculation-768x177.jpg",768,177,true],"large":["https:\/\/labeauairsol.ca\/wp-content\/uploads\/2026\/03\/Heat-Cost-Calculation-1024x236.jpg",1024,236,true],"1536x1536":["https:\/\/labeauairsol.ca\/wp-content\/uploads\/2026\/03\/Heat-Cost-Calculation-1536x353.jpg",1536,353,true],"2048x2048":["https:\/\/labeauairsol.ca\/wp-content\/uploads\/2026\/03\/Heat-Cost-Calculation.jpg",2000,460,false],"featured-small":["https:\/\/labeauairsol.ca\/wp-content\/uploads\/2026\/03\/Heat-Cost-Calculation-640x200.jpg",640,200,true],"featured-medium":["https:\/\/labeauairsol.ca\/wp-content\/uploads\/2026\/03\/Heat-Cost-Calculation-1280x400.jpg",1280,400,true],"featured-large":["https:\/\/labeauairsol.ca\/wp-content\/uploads\/2026\/03\/Heat-Cost-Calculation-1440x400.jpg",1440,400,true],"featured-xlarge":["https:\/\/labeauairsol.ca\/wp-content\/uploads\/2026\/03\/Heat-Cost-Calculation-1920x400.jpg",1920,400,true],"fp-small":["https:\/\/labeauairsol.ca\/wp-content\/uploads\/2026\/03\/Heat-Cost-Calculation-640x147.jpg",640,147,true],"fp-medium":["https:\/\/labeauairsol.ca\/wp-content\/uploads\/2026\/03\/Heat-Cost-Calculation-1024x236.jpg",1024,236,true],"fp-large":["https:\/\/labeauairsol.ca\/wp-content\/uploads\/2026\/03\/Heat-Cost-Calculation-1200x276.jpg",1200,276,true],"fp-xlarge":["https:\/\/labeauairsol.ca\/wp-content\/uploads\/2026\/03\/Heat-Cost-Calculation-1920x442.jpg",1920,442,true],"menu-24x24":["https:\/\/labeauairsol.ca\/wp-content\/uploads\/2026\/03\/Heat-Cost-Calculation-24x6.jpg",24,6,true],"menu-36x36":["https:\/\/labeauairsol.ca\/wp-content\/uploads\/2026\/03\/Heat-Cost-Calculation-36x8.jpg",36,8,true],"menu-48x48":["https:\/\/labeauairsol.ca\/wp-content\/uploads\/2026\/03\/Heat-Cost-Calculation-48x11.jpg",48,11,true]},"uagb_author_info":{"display_name":"Labeauairsol","author_link":"https:\/\/labeauairsol.ca\/en\/author\/labeauairsol\/"},"uagb_comment_info":0,"uagb_excerpt":"Is your building equipped with a cooling tower&nbsp;? Do you have a spa, safety showers or decorative fountains&nbsp;? These environments are conducive to the proliferation of Legionella pneumophila, a bacterium that causes Legionnaires&#8217; disease when fine, contaminated droplets are breathed in. In what situations can Lab&#8217;EauAirSol&nbsp;help you analyze legionella in your water-cooled cooling tower? Would&hellip;","_links":{"self":[{"href":"https:\/\/labeauairsol.ca\/en\/wp-json\/wp\/v2\/pages\/1968","targetHints":{"allow":["GET"]}}],"collection":[{"href":"https:\/\/labeauairsol.ca\/en\/wp-json\/wp\/v2\/pages"}],"about":[{"href":"https:\/\/labeauairsol.ca\/en\/wp-json\/wp\/v2\/types\/page"}],"author":[{"embeddable":true,"href":"https:\/\/labeauairsol.ca\/en\/wp-json\/wp\/v2\/users\/4"}],"replies":[{"embeddable":true,"href":"https:\/\/labeauairsol.ca\/en\/wp-json\/wp\/v2\/comments?post=1968"}],"version-history":[{"count":1,"href":"https:\/\/labeauairsol.ca\/en\/wp-json\/wp\/v2\/pages\/1968\/revisions"}],"predecessor-version":[{"id":3462,"href":"https:\/\/labeauairsol.ca\/en\/wp-json\/wp\/v2\/pages\/1968\/revisions\/3462"}],"up":[{"embeddable":true,"href":"https:\/\/labeauairsol.ca\/en\/wp-json\/wp\/v2\/pages\/1965"}],"wp:featuredmedia":[{"embeddable":true,"href":"https:\/\/labeauairsol.ca\/en\/wp-json\/wp\/v2\/media\/3841"}],"wp:attachment":[{"href":"https:\/\/labeauairsol.ca\/en\/wp-json\/wp\/v2\/media?parent=1968"}],"curies":[{"name":"wp","href":"https:\/\/api.w.org\/{rel}","templated":true}]}}