{"id":1959,"date":"2017-02-07T11:32:53","date_gmt":"2017-02-07T16:32:53","guid":{"rendered":"https:\/\/labeauairsol.ca\/analysis-of-asbestos-in-bulk-materials\/"},"modified":"2025-04-30T16:30:20","modified_gmt":"2025-04-30T20:30:20","slug":"analysis-of-asbestos-in-bulk-materials","status":"publish","type":"page","link":"https:\/\/labeauairsol.ca\/en\/industrial-and-commercial\/analysis-of-asbestos-in-bulk-materials\/","title":{"rendered":"Analysis of asbestos in bulk materials"},"content":{"rendered":"<p>Do you suspect the presence of asbestos in the construction materials of your building&nbsp;? Call Lab&#8217;EauAirSol today. A qualified technician will visit you as soon as possible, to carry out a rapid and accurate screening.<\/p>\n<p>Asbestos is a toxic mineral that was used in the construction and renovation industry between 1930 and 1990 for its durability and thermal resistance. Asbestos is found in a host of materials, including vermiculite, insulation boards, flock and plaster. Inhalation of asbestos fibers can cause a variety of health problems, including lung cancer and pulmonary fibrosis.<\/p>\n<p><strong>When can Lab&#8217;EauAirSol&nbsp;help you analyze asbestos in your building or factory?<\/strong><\/p>\n<ul>\n<li>You would like to have an estimate and know the price of an asbestos analysis in your company<\/li>\n<li>You suspect the presence of asbestos in your building&#8217;s construction materials<\/li>\n<li>You are planning to carry out work in your building that could release asbestos fibres, and you would like to have an airborne asbestos analysis carried out.<\/li>\n<li>You want to buy a commercial or industrial building and need a report to confirm the absence or presence of asbestos<\/li>\n<li>You need a laboratory in Quebec to perform an asbestos analysis in your company quickly and accurately, all carried out by qualified experts in accordance with applicable standards.<\/li>\n<\/ul>\n<p><strong>Characterization of asbestos in bulk materials<\/strong><\/p>\n<p>In Quebec, certain provisions of the RROHS (Article 62 and Section IX.I) and the Safety Code for the Construction Industry (CSTC, Section 3.23) apply.&nbsp;<strong>apply when the concentration of asbestos in materials or products is at least 0.1%.<\/strong><sup>1 To <\/sup>be valid in Qu\u00e9bec, materials must be analyzed by a laboratory recognized by the Centre d&#8217;expertise en analyses environnementales du Qu\u00e9bec (CEAEQ), using IRSST method 244 or <sup>equivalent2<\/sup>.<\/p>\n<p><strong>Vermiculite<\/strong><\/p>\n<p>Some vermiculite insulation sold from the 1920s to the mid-1980s contained amphibole asbestos fibers in sufficient quantities to be considered as containing asbestos by the RROHS. Unlike most asbestos-containing products marketed in the past, the asbestos in vermiculite has not been added for its insulating properties, but is present as a contaminant. In fact, mica (vermiculite) and certain amphiboles are sometimes found in the same geological layers and are therefore recovered at the same time.<\/p>\n<p>The presence of asbestos-contaminated vermiculite in an attic does not, a priori, represent a health risk for occupants of a commercial or industrial building, unless the air in the attic seeps into occupied areas of the building. The same applies to walls and floors insulated with vermiculite, as long as it remains well sealed in the <sup>cavities3<\/sup>.<\/p>\n<p>If vermiculite is present in the attic, avoid entering the attic without adequate respiratory protection, avoid storing objects in the attic, and avoid moving the <sup>vermiculite4<\/sup>. If contaminated vermiculite needs to be removed, it is highly recommended to call in an expert.<\/p>\n<p>With LAB&#8217;EAU-AIR-SOL, your samples are analyzed in Quebec, in our laboratories, without intermediaries. This ensures that your report complies with current standards.<\/p>\n<ol>\n<li>Programme CQ vrac, Institut Robert-Sauv\u00e9 de Sant\u00e9 S\u00e9curit\u00e9 au travail<a href=\"http:\/\/www.irsst.qc.ca\/laboratoires\/programmes-reconnaissance\/cq-vrac\">,http:\/\/www.irsst.qc.ca\/laboratoires\/programmes-reconnaissance\/cq-vracconsult\u00e9<\/a>online November 22, 2016<\/li>\n<li>Programme CQ vrac, Institut Robert-Sauv\u00e9 de Sant\u00e9 S\u00e9curit\u00e9 au travail<a href=\"http:\/\/www.irsst.qc.ca\/services-de-laboratoire\/programmes-de-reconnaissance\/cq-vrac\/laboratoires-reconnus\">,http:\/\/www.irsst.qc.ca\/services-de-laboratoire\/programmes-de-reconnaissance\/cq-vrac\/laboratoires-reconnusconsult\u00e9<\/a>online November 22, 2016<\/li>\n<li>VERMICULAR INSULATION MAY CONTAIN AMPHIBOLIC ASBESTOS, Health Canada<a href=\"http:\/\/moninspection.ca\/pdf\/VERMICULITE_SANTE_CANADA_2009.pdf\">,http:\/\/moninspection.ca\/pdf\/VERMICULITE_SANTE_CANADA_2009.pdf,<\/a> Accessed online November 22, 2016<\/li>\n<li>R\u00e9pertoire toxicologique : Vermiculite, Commission des normes, de l&#8217;\u00e9quit\u00e9, de la sant\u00e9 et de la s\u00e9curit\u00e9 du travail<a href=\"http:\/\/www.csst.qc.ca\/prevention\/reptox\/pages\/fiche-complete.aspx?no_produit=178806\">,http:\/\/www.csst.qc.ca\/prevention\/reptox\/pages\/fiche-complete.aspx?no_produit=178806,<\/a> Consulted online November 22, 2016<\/li>\n<\/ol>\n","protected":false},"excerpt":{"rendered":"<p>Do you suspect the presence of asbestos in the construction materials of your building&nbsp;? Call Lab&#8217;EauAirSol today. A qualified technician will visit you as soon as possible, to carry out a rapid and accurate screening. Asbestos is a toxic mineral that was used in the construction and renovation industry between 1930 and 1990 for its durability and thermal resistance. Asbestos is found in a host of materials, including vermiculite, insulation boards, flock and plaster. Inhalation of asbestos fibers can cause a variety of health problems, including lung cancer and pulmonary fibrosis. When can Lab&#8217;EauAirSol&nbsp;help you analyze asbestos in your building or factory? You would like to have an estimate and know the price of an asbestos analysis in your company You suspect the presence of asbestos in your building&#8217;s construction materials You are planning to carry out work in your building that could release asbestos fibres, and you would like to have an airborne asbestos analysis carried out. You want to buy a commercial or industrial building and need a report to confirm the absence or presence of asbestos You need a laboratory in Quebec to perform an asbestos analysis in your company quickly and accurately, all carried out by qualified experts in accordance with applicable standards. Characterization of asbestos in bulk materials In Quebec, certain provisions of the RROHS (Article 62 and Section IX.I) and the Safety Code for the Construction Industry (CSTC, Section 3.23) apply.&nbsp;apply when the concentration of asbestos in materials or products is at least 0.1%.1 To be valid in Qu\u00e9bec, materials must be analyzed by a laboratory recognized by the Centre d&#8217;expertise en analyses environnementales du Qu\u00e9bec (CEAEQ), using IRSST method 244 or equivalent2. Vermiculite Some vermiculite insulation sold from the 1920s to the mid-1980s contained amphibole asbestos fibers in sufficient quantities to be considered as containing asbestos by the RROHS. Unlike most asbestos-containing products marketed in the past, the asbestos in vermiculite has not been added for its insulating properties, but is present as a contaminant. In fact, mica (vermiculite) and certain amphiboles are sometimes found in the same geological layers and are therefore recovered at the same time. The presence of asbestos-contaminated vermiculite in an attic does not, a priori, represent a health risk for occupants of a commercial or industrial building, unless the air in the attic seeps into occupied areas of the building. The same applies to walls and floors insulated with vermiculite, as long as it remains well sealed in the cavities3. If vermiculite is present in the attic, avoid entering the attic without adequate respiratory protection, avoid storing objects in the attic, and avoid moving the vermiculite4. If contaminated vermiculite needs to be removed, it is highly recommended to call in an expert. With LAB&#8217;EAU-AIR-SOL, your samples are analyzed in Quebec, in our laboratories, without intermediaries. This ensures that your report complies with current standards. Programme CQ vrac, Institut Robert-Sauv\u00e9 de Sant\u00e9 S\u00e9curit\u00e9 au travail,http:\/\/www.irsst.qc.ca\/laboratoires\/programmes-reconnaissance\/cq-vracconsult\u00e9online November 22, 2016 Programme CQ vrac, Institut Robert-Sauv\u00e9 de Sant\u00e9 S\u00e9curit\u00e9 au travail,http:\/\/www.irsst.qc.ca\/services-de-laboratoire\/programmes-de-reconnaissance\/cq-vrac\/laboratoires-reconnusconsult\u00e9online November 22, 2016 VERMICULAR INSULATION MAY CONTAIN AMPHIBOLIC ASBESTOS, Health Canada,http:\/\/moninspection.ca\/pdf\/VERMICULITE_SANTE_CANADA_2009.pdf, Accessed online November 22, 2016 R\u00e9pertoire toxicologique : Vermiculite, Commission des normes, de l&#8217;\u00e9quit\u00e9, de la sant\u00e9 et de la s\u00e9curit\u00e9 du travail,http:\/\/www.csst.qc.ca\/prevention\/reptox\/pages\/fiche-complete.aspx?no_produit=178806, Consulted online November 22, 2016<\/p>\n","protected":false},"author":4,"featured_media":1842,"parent":1965,"menu_order":0,"comment_status":"closed","ping_status":"closed","template":"page-templates\/service.php","meta":{"_acf_changed":false,"_eb_attr":"","_uag_custom_page_level_css":"","footnotes":""},"class_list":["post-1959","page","type-page","status-publish","has-post-thumbnail","hentry"],"acf":[],"yoast_head":"<!-- This site is optimized with the Yoast SEO plugin v27.4 - https:\/\/yoast.com\/product\/yoast-seo-wordpress\/ -->\n<title>Inspection, sampling and analysis of vermiculite and asbestos fibres<\/title>\n<meta name=\"description\" content=\"Inspection, sampling and laboratory analysis of vermiculite and asbestos fibers in industrial or commercial bulk materials.\" \/>\n<meta name=\"robots\" content=\"index, follow, max-snippet:-1, max-image-preview:large, max-video-preview:-1\" \/>\n<link rel=\"canonical\" href=\"https:\/\/labeauairsol.ca\/en\/industrial-and-commercial\/analysis-of-asbestos-in-bulk-materials\/\" \/>\n<meta property=\"og:locale\" content=\"en_US\" \/>\n<meta property=\"og:type\" content=\"article\" \/>\n<meta property=\"og:title\" content=\"Inspection, sampling and analysis of vermiculite and asbestos fibres\" \/>\n<meta property=\"og:description\" content=\"Inspection, sampling and laboratory analysis of vermiculite and asbestos fibers in industrial or commercial bulk materials.\" \/>\n<meta property=\"og:url\" content=\"https:\/\/labeauairsol.ca\/en\/industrial-and-commercial\/analysis-of-asbestos-in-bulk-materials\/\" \/>\n<meta property=\"og:site_name\" content=\"Lab&#039;eau-air-sol\" \/>\n<meta property=\"article:publisher\" content=\"https:\/\/www.facebook.com\/labeauairsol\/\" \/>\n<meta property=\"article:modified_time\" content=\"2025-04-30T20:30:20+00:00\" \/>\n<meta property=\"og:image\" content=\"https:\/\/labeauairsol.ca\/wp-content\/uploads\/2017\/02\/bandeau-amiante_en_vrac.jpg\" \/>\n\t<meta property=\"og:image:width\" content=\"2000\" \/>\n\t<meta property=\"og:image:height\" content=\"600\" \/>\n\t<meta property=\"og:image:type\" content=\"image\/jpeg\" \/>\n<meta name=\"twitter:card\" content=\"summary_large_image\" \/>\n<meta name=\"twitter:label1\" content=\"Est. reading time\" \/>\n\t<meta name=\"twitter:data1\" content=\"3 minutes\" \/>\n<script type=\"application\/ld+json\" class=\"yoast-schema-graph\">{\"@context\":\"https:\\\/\\\/schema.org\",\"@graph\":[{\"@type\":\"WebPage\",\"@id\":\"https:\\\/\\\/labeauairsol.ca\\\/en\\\/industrial-and-commercial\\\/analysis-of-asbestos-in-bulk-materials\\\/\",\"url\":\"https:\\\/\\\/labeauairsol.ca\\\/en\\\/industrial-and-commercial\\\/analysis-of-asbestos-in-bulk-materials\\\/\",\"name\":\"Inspection, sampling and analysis of vermiculite and asbestos fibres\",\"isPartOf\":{\"@id\":\"https:\\\/\\\/labeauairsol.ca\\\/en\\\/#website\"},\"primaryImageOfPage\":{\"@id\":\"https:\\\/\\\/labeauairsol.ca\\\/en\\\/industrial-and-commercial\\\/analysis-of-asbestos-in-bulk-materials\\\/#primaryimage\"},\"image\":{\"@id\":\"https:\\\/\\\/labeauairsol.ca\\\/en\\\/industrial-and-commercial\\\/analysis-of-asbestos-in-bulk-materials\\\/#primaryimage\"},\"thumbnailUrl\":\"https:\\\/\\\/labeauairsol.ca\\\/wp-content\\\/uploads\\\/2017\\\/02\\\/bandeau-amiante_en_vrac.jpg\",\"datePublished\":\"2017-02-07T16:32:53+00:00\",\"dateModified\":\"2025-04-30T20:30:20+00:00\",\"description\":\"Inspection, sampling and laboratory analysis of vermiculite and asbestos fibers in industrial or commercial bulk materials.\",\"breadcrumb\":{\"@id\":\"https:\\\/\\\/labeauairsol.ca\\\/en\\\/industrial-and-commercial\\\/analysis-of-asbestos-in-bulk-materials\\\/#breadcrumb\"},\"inLanguage\":\"en-US\",\"potentialAction\":[{\"@type\":\"ReadAction\",\"target\":[\"https:\\\/\\\/labeauairsol.ca\\\/en\\\/industrial-and-commercial\\\/analysis-of-asbestos-in-bulk-materials\\\/\"]}]},{\"@type\":\"ImageObject\",\"inLanguage\":\"en-US\",\"@id\":\"https:\\\/\\\/labeauairsol.ca\\\/en\\\/industrial-and-commercial\\\/analysis-of-asbestos-in-bulk-materials\\\/#primaryimage\",\"url\":\"https:\\\/\\\/labeauairsol.ca\\\/wp-content\\\/uploads\\\/2017\\\/02\\\/bandeau-amiante_en_vrac.jpg\",\"contentUrl\":\"https:\\\/\\\/labeauairsol.ca\\\/wp-content\\\/uploads\\\/2017\\\/02\\\/bandeau-amiante_en_vrac.jpg\",\"width\":2000,\"height\":600},{\"@type\":\"BreadcrumbList\",\"@id\":\"https:\\\/\\\/labeauairsol.ca\\\/en\\\/industrial-and-commercial\\\/analysis-of-asbestos-in-bulk-materials\\\/#breadcrumb\",\"itemListElement\":[{\"@type\":\"ListItem\",\"position\":1,\"name\":\"Accueil\",\"item\":\"https:\\\/\\\/labeauairsol.ca\\\/en\\\/\"},{\"@type\":\"ListItem\",\"position\":2,\"name\":\"Industrial and commercial\",\"item\":\"https:\\\/\\\/labeauairsol.ca\\\/en\\\/industrial-and-commercial\\\/\"},{\"@type\":\"ListItem\",\"position\":3,\"name\":\"Analysis of asbestos in bulk materials\"}]},{\"@type\":\"WebSite\",\"@id\":\"https:\\\/\\\/labeauairsol.ca\\\/en\\\/#website\",\"url\":\"https:\\\/\\\/labeauairsol.ca\\\/en\\\/\",\"name\":\"Lab\u2019eau-air-sol\",\"description\":\"La science au service de votre environnement\",\"publisher\":{\"@id\":\"https:\\\/\\\/labeauairsol.ca\\\/en\\\/#organization\"},\"potentialAction\":[{\"@type\":\"SearchAction\",\"target\":{\"@type\":\"EntryPoint\",\"urlTemplate\":\"https:\\\/\\\/labeauairsol.ca\\\/en\\\/?s={search_term_string}\"},\"query-input\":{\"@type\":\"PropertyValueSpecification\",\"valueRequired\":true,\"valueName\":\"search_term_string\"}}],\"inLanguage\":\"en-US\"},{\"@type\":\"Organization\",\"@id\":\"https:\\\/\\\/labeauairsol.ca\\\/en\\\/#organization\",\"name\":\"Lab'eau-air-sol\",\"url\":\"https:\\\/\\\/labeauairsol.ca\\\/en\\\/\",\"logo\":{\"@type\":\"ImageObject\",\"inLanguage\":\"en-US\",\"@id\":\"https:\\\/\\\/labeauairsol.ca\\\/en\\\/#\\\/schema\\\/logo\\\/image\\\/\",\"url\":\"https:\\\/\\\/labeauairsol.ca\\\/wp-content\\\/uploads\\\/2018\\\/09\\\/logo-lab-eau-air-sol.png\",\"contentUrl\":\"https:\\\/\\\/labeauairsol.ca\\\/wp-content\\\/uploads\\\/2018\\\/09\\\/logo-lab-eau-air-sol.png\",\"width\":134,\"height\":133,\"caption\":\"Lab'eau-air-sol\"},\"image\":{\"@id\":\"https:\\\/\\\/labeauairsol.ca\\\/en\\\/#\\\/schema\\\/logo\\\/image\\\/\"},\"sameAs\":[\"https:\\\/\\\/www.facebook.com\\\/labeauairsol\\\/\"]}]}<\/script>\n<!-- \/ Yoast SEO plugin. -->","yoast_head_json":{"title":"Inspection, sampling and analysis of vermiculite and asbestos fibres","description":"Inspection, sampling and laboratory analysis of vermiculite and asbestos fibers in industrial or commercial bulk materials.","robots":{"index":"index","follow":"follow","max-snippet":"max-snippet:-1","max-image-preview":"max-image-preview:large","max-video-preview":"max-video-preview:-1"},"canonical":"https:\/\/labeauairsol.ca\/en\/industrial-and-commercial\/analysis-of-asbestos-in-bulk-materials\/","og_locale":"en_US","og_type":"article","og_title":"Inspection, sampling and analysis of vermiculite and asbestos fibres","og_description":"Inspection, sampling and laboratory analysis of vermiculite and asbestos fibers in industrial or commercial bulk materials.","og_url":"https:\/\/labeauairsol.ca\/en\/industrial-and-commercial\/analysis-of-asbestos-in-bulk-materials\/","og_site_name":"Lab&#039;eau-air-sol","article_publisher":"https:\/\/www.facebook.com\/labeauairsol\/","article_modified_time":"2025-04-30T20:30:20+00:00","og_image":[{"width":2000,"height":600,"url":"https:\/\/labeauairsol.ca\/wp-content\/uploads\/2017\/02\/bandeau-amiante_en_vrac.jpg","type":"image\/jpeg"}],"twitter_card":"summary_large_image","twitter_misc":{"Est. reading time":"3 minutes"},"schema":{"@context":"https:\/\/schema.org","@graph":[{"@type":"WebPage","@id":"https:\/\/labeauairsol.ca\/en\/industrial-and-commercial\/analysis-of-asbestos-in-bulk-materials\/","url":"https:\/\/labeauairsol.ca\/en\/industrial-and-commercial\/analysis-of-asbestos-in-bulk-materials\/","name":"Inspection, sampling and analysis of vermiculite and asbestos fibres","isPartOf":{"@id":"https:\/\/labeauairsol.ca\/en\/#website"},"primaryImageOfPage":{"@id":"https:\/\/labeauairsol.ca\/en\/industrial-and-commercial\/analysis-of-asbestos-in-bulk-materials\/#primaryimage"},"image":{"@id":"https:\/\/labeauairsol.ca\/en\/industrial-and-commercial\/analysis-of-asbestos-in-bulk-materials\/#primaryimage"},"thumbnailUrl":"https:\/\/labeauairsol.ca\/wp-content\/uploads\/2017\/02\/bandeau-amiante_en_vrac.jpg","datePublished":"2017-02-07T16:32:53+00:00","dateModified":"2025-04-30T20:30:20+00:00","description":"Inspection, sampling and laboratory analysis of vermiculite and asbestos fibers in industrial or commercial bulk materials.","breadcrumb":{"@id":"https:\/\/labeauairsol.ca\/en\/industrial-and-commercial\/analysis-of-asbestos-in-bulk-materials\/#breadcrumb"},"inLanguage":"en-US","potentialAction":[{"@type":"ReadAction","target":["https:\/\/labeauairsol.ca\/en\/industrial-and-commercial\/analysis-of-asbestos-in-bulk-materials\/"]}]},{"@type":"ImageObject","inLanguage":"en-US","@id":"https:\/\/labeauairsol.ca\/en\/industrial-and-commercial\/analysis-of-asbestos-in-bulk-materials\/#primaryimage","url":"https:\/\/labeauairsol.ca\/wp-content\/uploads\/2017\/02\/bandeau-amiante_en_vrac.jpg","contentUrl":"https:\/\/labeauairsol.ca\/wp-content\/uploads\/2017\/02\/bandeau-amiante_en_vrac.jpg","width":2000,"height":600},{"@type":"BreadcrumbList","@id":"https:\/\/labeauairsol.ca\/en\/industrial-and-commercial\/analysis-of-asbestos-in-bulk-materials\/#breadcrumb","itemListElement":[{"@type":"ListItem","position":1,"name":"Accueil","item":"https:\/\/labeauairsol.ca\/en\/"},{"@type":"ListItem","position":2,"name":"Industrial and commercial","item":"https:\/\/labeauairsol.ca\/en\/industrial-and-commercial\/"},{"@type":"ListItem","position":3,"name":"Analysis of asbestos in bulk materials"}]},{"@type":"WebSite","@id":"https:\/\/labeauairsol.ca\/en\/#website","url":"https:\/\/labeauairsol.ca\/en\/","name":"Lab\u2019eau-air-sol","description":"La science au service de votre environnement","publisher":{"@id":"https:\/\/labeauairsol.ca\/en\/#organization"},"potentialAction":[{"@type":"SearchAction","target":{"@type":"EntryPoint","urlTemplate":"https:\/\/labeauairsol.ca\/en\/?s={search_term_string}"},"query-input":{"@type":"PropertyValueSpecification","valueRequired":true,"valueName":"search_term_string"}}],"inLanguage":"en-US"},{"@type":"Organization","@id":"https:\/\/labeauairsol.ca\/en\/#organization","name":"Lab'eau-air-sol","url":"https:\/\/labeauairsol.ca\/en\/","logo":{"@type":"ImageObject","inLanguage":"en-US","@id":"https:\/\/labeauairsol.ca\/en\/#\/schema\/logo\/image\/","url":"https:\/\/labeauairsol.ca\/wp-content\/uploads\/2018\/09\/logo-lab-eau-air-sol.png","contentUrl":"https:\/\/labeauairsol.ca\/wp-content\/uploads\/2018\/09\/logo-lab-eau-air-sol.png","width":134,"height":133,"caption":"Lab'eau-air-sol"},"image":{"@id":"https:\/\/labeauairsol.ca\/en\/#\/schema\/logo\/image\/"},"sameAs":["https:\/\/www.facebook.com\/labeauairsol\/"]}]}},"uagb_featured_image_src":{"full":["https:\/\/labeauairsol.ca\/wp-content\/uploads\/2017\/02\/bandeau-amiante_en_vrac.jpg",2000,600,false],"thumbnail":["https:\/\/labeauairsol.ca\/wp-content\/uploads\/2017\/02\/bandeau-amiante_en_vrac-150x150.jpg",150,150,true],"medium":["https:\/\/labeauairsol.ca\/wp-content\/uploads\/2017\/02\/bandeau-amiante_en_vrac-300x90.jpg",300,90,true],"medium_large":["https:\/\/labeauairsol.ca\/wp-content\/uploads\/2017\/02\/bandeau-amiante_en_vrac-768x230.jpg",768,230,true],"large":["https:\/\/labeauairsol.ca\/wp-content\/uploads\/2017\/02\/bandeau-amiante_en_vrac-1024x307.jpg",1024,307,true],"1536x1536":["https:\/\/labeauairsol.ca\/wp-content\/uploads\/2017\/02\/bandeau-amiante_en_vrac.jpg",1536,461,false],"2048x2048":["https:\/\/labeauairsol.ca\/wp-content\/uploads\/2017\/02\/bandeau-amiante_en_vrac.jpg",2000,600,false],"featured-small":["https:\/\/labeauairsol.ca\/wp-content\/uploads\/2017\/02\/bandeau-amiante_en_vrac-640x200.jpg",640,200,true],"featured-medium":["https:\/\/labeauairsol.ca\/wp-content\/uploads\/2017\/02\/bandeau-amiante_en_vrac-1280x400.jpg",1280,400,true],"featured-large":["https:\/\/labeauairsol.ca\/wp-content\/uploads\/2017\/02\/bandeau-amiante_en_vrac-1440x400.jpg",1440,400,true],"featured-xlarge":["https:\/\/labeauairsol.ca\/wp-content\/uploads\/2017\/02\/bandeau-amiante_en_vrac-1920x400.jpg",1920,400,true],"fp-small":["https:\/\/labeauairsol.ca\/wp-content\/uploads\/2017\/02\/bandeau-amiante_en_vrac-640x192.jpg",640,192,true],"fp-medium":["https:\/\/labeauairsol.ca\/wp-content\/uploads\/2017\/02\/bandeau-amiante_en_vrac-1024x307.jpg",1024,307,true],"fp-large":["https:\/\/labeauairsol.ca\/wp-content\/uploads\/2017\/02\/bandeau-amiante_en_vrac-1200x360.jpg",1200,360,true],"fp-xlarge":["https:\/\/labeauairsol.ca\/wp-content\/uploads\/2017\/02\/bandeau-amiante_en_vrac-1920x576.jpg",1920,576,true],"menu-24x24":["https:\/\/labeauairsol.ca\/wp-content\/uploads\/2017\/02\/bandeau-amiante_en_vrac.jpg",24,7,false],"menu-36x36":["https:\/\/labeauairsol.ca\/wp-content\/uploads\/2017\/02\/bandeau-amiante_en_vrac.jpg",36,11,false],"menu-48x48":["https:\/\/labeauairsol.ca\/wp-content\/uploads\/2017\/02\/bandeau-amiante_en_vrac.jpg",48,14,false]},"uagb_author_info":{"display_name":"Labeauairsol","author_link":"https:\/\/labeauairsol.ca\/en\/author\/labeauairsol\/"},"uagb_comment_info":0,"uagb_excerpt":"Do you suspect the presence of asbestos in the construction materials of your building&nbsp;? Call Lab&#8217;EauAirSol today. A qualified technician will visit you as soon as possible, to carry out a rapid and accurate screening. Asbestos is a toxic mineral that was used in the construction and renovation industry between 1930 and 1990 for its&hellip;","_links":{"self":[{"href":"https:\/\/labeauairsol.ca\/en\/wp-json\/wp\/v2\/pages\/1959","targetHints":{"allow":["GET"]}}],"collection":[{"href":"https:\/\/labeauairsol.ca\/en\/wp-json\/wp\/v2\/pages"}],"about":[{"href":"https:\/\/labeauairsol.ca\/en\/wp-json\/wp\/v2\/types\/page"}],"author":[{"embeddable":true,"href":"https:\/\/labeauairsol.ca\/en\/wp-json\/wp\/v2\/users\/4"}],"replies":[{"embeddable":true,"href":"https:\/\/labeauairsol.ca\/en\/wp-json\/wp\/v2\/comments?post=1959"}],"version-history":[{"count":1,"href":"https:\/\/labeauairsol.ca\/en\/wp-json\/wp\/v2\/pages\/1959\/revisions"}],"predecessor-version":[{"id":3470,"href":"https:\/\/labeauairsol.ca\/en\/wp-json\/wp\/v2\/pages\/1959\/revisions\/3470"}],"up":[{"embeddable":true,"href":"https:\/\/labeauairsol.ca\/en\/wp-json\/wp\/v2\/pages\/1965"}],"wp:featuredmedia":[{"embeddable":true,"href":"https:\/\/labeauairsol.ca\/en\/wp-json\/wp\/v2\/media\/1842"}],"wp:attachment":[{"href":"https:\/\/labeauairsol.ca\/en\/wp-json\/wp\/v2\/media?parent=1959"}],"curies":[{"name":"wp","href":"https:\/\/api.w.org\/{rel}","templated":true}]}}