{"id":1950,"date":"2017-01-28T17:28:13","date_gmt":"2017-01-28T22:28:13","guid":{"rendered":"https:\/\/labeauairsol.ca\/training\/asbestos-training\/"},"modified":"2026-04-01T18:23:29","modified_gmt":"2026-04-01T22:23:29","slug":"asbestos-training","status":"publish","type":"page","link":"https:\/\/labeauairsol.ca\/en\/training\/asbestos-training\/","title":{"rendered":"Safe asbestos management"},"content":{"rendered":"\t\t<div data-elementor-type=\"wp-page\" data-elementor-id=\"1950\" class=\"elementor elementor-1950 elementor-62\">\n\t\t\t\t<div class=\"elementor-element elementor-element-35749d3b e-flex e-con-boxed wpr-particle-no wpr-jarallax-no wpr-parallax-no wpr-sticky-section-no wpr-equal-height-no e-con e-parent\" data-id=\"35749d3b\" data-element_type=\"container\" data-e-type=\"container\">\n\t\t\t\t\t<div class=\"e-con-inner\">\n\t\t\t\t<div class=\"elementor-element elementor-element-1f76b896 elementor-widget elementor-widget-text-editor\" data-id=\"1f76b896\" data-element_type=\"widget\" data-e-type=\"widget\" data-widget_type=\"text-editor.default\">\n\t\t\t\t<div class=\"elementor-widget-container\">\n\t\t\t\t\t\t\t\t\t\n<p>This training course is divided into two main sections: sampling and safe management of asbestos, and asbestos decontamination procedures. By sampling, you&#8217;ll be able to characterize asbestos in buildings in compliance with the R\u00e8glement sur la sant\u00e9 et la s\u00e9curit\u00e9 du travail (RSST) and the Quebec Construction Code.<\/p>\n\n<p>For decontamination, you&#8217;ll learn about the rights and obligations of workers and employers, and the health effects of asbestos exposure. You&#8217;ll master the components of low, moderate and high risk worksites, asbestos removal methods and procedures, and possible interventions on asbestos-containing materials. You&#8217;ll be able to interpret a laboratory report on the daily measurement of airborne fibers.<\/p>\n\n<p>At the end of this 4-hour course, participants will receive a certificate of completion.<\/p>\n\n<div class=\"wp-block-essential-blocks-button root-eb-button-rzztdjq\">\n<div class=\"eb-parent-wrapper eb-parent-eb-button-rzztdjq \">\n<div class=\"eb-button-wrapper eb-button-alignment eb-button-rzztdjq\">\n<div class=\"eb-button\"> <\/div>\n<\/div>\n<\/div>\n<\/div>\n\t\t\t\t\t\t\t\t<\/div>\n\t\t\t\t<\/div>\n\t\t\t\t\t<\/div>\n\t\t\t\t<\/div>\n\t\t<div class=\"elementor-element elementor-element-8c267ec e-flex e-con-boxed wpr-particle-no wpr-jarallax-no wpr-parallax-no wpr-sticky-section-no wpr-equal-height-no e-con e-parent\" data-id=\"8c267ec\" data-element_type=\"container\" data-e-type=\"container\">\n\t\t\t\t\t<div class=\"e-con-inner\">\n\t\t\t\t<div class=\"elementor-element elementor-element-6f32cee premium-lq__none elementor-widget elementor-widget-premium-addon-button\" data-id=\"6f32cee\" data-element_type=\"widget\" data-e-type=\"widget\" data-widget_type=\"premium-addon-button.default\">\n\t\t\t\t<div class=\"elementor-widget-container\">\n\t\t\t\t\t\n\n\t\t<a class=\"premium-button premium-button-none premium-btn-lg premium-button-none\" href=\"https:\/\/labeauairsol.podia.com\/formation-gestion-securitaire-de-l-amiante\">\n\t\t\t<div class=\"premium-button-text-icon-wrapper\">\n\t\t\t\t\n\t\t\t\t\t\t\t\t\t<span >\n\t\t\t\t\t\tBuy training - Self-study\t\t\t\t\t<\/span>\n\t\t\t\t\t\t\t<\/div>\n\n\t\t\t\n\t\t\t\n\t\t\t\n\t\t<\/a>\n\n\n\t\t\t\t\t\t<\/div>\n\t\t\t\t<\/div>\n\t\t\t\t\t<\/div>\n\t\t\t\t<\/div>\n\t\t\t\t<\/div>\n\t\t","protected":false},"excerpt":{"rendered":"<p>This training course is divided into two main sections: sampling and safe management of asbestos, and asbestos decontamination procedures. By sampling, you&#8217;ll be able to characterize asbestos in buildings in compliance with the R\u00e8glement sur la sant\u00e9 et la s\u00e9curit\u00e9 du travail (RSST) and the Quebec Construction Code. For decontamination, you&#8217;ll learn about the rights and obligations of workers and employers, and the health effects of asbestos exposure. You&#8217;ll master the components of low, moderate and high risk worksites, asbestos removal methods and procedures, and possible interventions on asbestos-containing materials. You&#8217;ll be able to interpret a laboratory report on the daily measurement of airborne fibers. At the end of this 4-hour course, participants will receive a certificate of completion. Buy training &#8211; Self-study<\/p>\n","protected":false},"author":7,"featured_media":1835,"parent":1943,"menu_order":0,"comment_status":"closed","ping_status":"closed","template":"page-templates\/formation.php","meta":{"_acf_changed":false,"_eb_attr":"","_uag_custom_page_level_css":"","footnotes":""},"class_list":["post-1950","page","type-page","status-publish","has-post-thumbnail","hentry"],"acf":[],"yoast_head":"<!-- This site is optimized with the Yoast SEO plugin v27.4 - https:\/\/yoast.com\/product\/yoast-seo-wordpress\/ -->\n<title>Safe asbestos management - Lab&#039;eau-air-sol - Services de laboratoire - Hygi\u00e8ne et environnement Joliette, Montr\u00e9al, Qu\u00e9bec<\/title>\n<meta name=\"description\" content=\"Training on asbestos sampling and safe management, and asbestos decontamination procedures. Contact us if you have any questions.\" \/>\n<meta name=\"robots\" content=\"index, follow, max-snippet:-1, max-image-preview:large, max-video-preview:-1\" \/>\n<link rel=\"canonical\" href=\"https:\/\/labeauairsol.ca\/en\/training\/asbestos-training\/\" \/>\n<meta property=\"og:locale\" content=\"en_US\" \/>\n<meta property=\"og:type\" content=\"article\" \/>\n<meta property=\"og:title\" content=\"Safe asbestos management - Lab&#039;eau-air-sol - Services de laboratoire - Hygi\u00e8ne et environnement Joliette, Montr\u00e9al, Qu\u00e9bec\" \/>\n<meta property=\"og:description\" content=\"Training on asbestos sampling and safe management, and asbestos decontamination procedures. Contact us if you have any questions.\" \/>\n<meta property=\"og:url\" content=\"https:\/\/labeauairsol.ca\/en\/training\/asbestos-training\/\" \/>\n<meta property=\"og:site_name\" content=\"Lab&#039;eau-air-sol\" \/>\n<meta property=\"article:publisher\" content=\"https:\/\/www.facebook.com\/labeauairsol\/\" \/>\n<meta property=\"article:modified_time\" content=\"2026-04-01T22:23:29+00:00\" \/>\n<meta property=\"og:image\" content=\"https:\/\/labeauairsol.ca\/wp-content\/uploads\/2017\/01\/bandeau-amiante.png\" \/>\n\t<meta property=\"og:image:width\" content=\"2000\" \/>\n\t<meta property=\"og:image:height\" content=\"600\" \/>\n\t<meta property=\"og:image:type\" content=\"image\/png\" \/>\n<meta name=\"twitter:card\" content=\"summary_large_image\" \/>\n<meta name=\"twitter:label1\" content=\"Est. reading time\" \/>\n\t<meta name=\"twitter:data1\" content=\"1 minute\" \/>\n<script type=\"application\/ld+json\" class=\"yoast-schema-graph\">{\"@context\":\"https:\\\/\\\/schema.org\",\"@graph\":[{\"@type\":\"WebPage\",\"@id\":\"https:\\\/\\\/labeauairsol.ca\\\/en\\\/training\\\/asbestos-training\\\/\",\"url\":\"https:\\\/\\\/labeauairsol.ca\\\/en\\\/training\\\/asbestos-training\\\/\",\"name\":\"Safe asbestos management - Lab&#039;eau-air-sol - Services de laboratoire - Hygi\u00e8ne et environnement Joliette, Montr\u00e9al, Qu\u00e9bec\",\"isPartOf\":{\"@id\":\"https:\\\/\\\/labeauairsol.ca\\\/en\\\/#website\"},\"primaryImageOfPage\":{\"@id\":\"https:\\\/\\\/labeauairsol.ca\\\/en\\\/training\\\/asbestos-training\\\/#primaryimage\"},\"image\":{\"@id\":\"https:\\\/\\\/labeauairsol.ca\\\/en\\\/training\\\/asbestos-training\\\/#primaryimage\"},\"thumbnailUrl\":\"https:\\\/\\\/labeauairsol.ca\\\/wp-content\\\/uploads\\\/2017\\\/01\\\/bandeau-amiante.png\",\"datePublished\":\"2017-01-28T22:28:13+00:00\",\"dateModified\":\"2026-04-01T22:23:29+00:00\",\"description\":\"Training on asbestos sampling and safe management, and asbestos decontamination procedures. Contact us if you have any questions.\",\"breadcrumb\":{\"@id\":\"https:\\\/\\\/labeauairsol.ca\\\/en\\\/training\\\/asbestos-training\\\/#breadcrumb\"},\"inLanguage\":\"en-US\",\"potentialAction\":[{\"@type\":\"ReadAction\",\"target\":[\"https:\\\/\\\/labeauairsol.ca\\\/en\\\/training\\\/asbestos-training\\\/\"]}]},{\"@type\":\"ImageObject\",\"inLanguage\":\"en-US\",\"@id\":\"https:\\\/\\\/labeauairsol.ca\\\/en\\\/training\\\/asbestos-training\\\/#primaryimage\",\"url\":\"https:\\\/\\\/labeauairsol.ca\\\/wp-content\\\/uploads\\\/2017\\\/01\\\/bandeau-amiante.png\",\"contentUrl\":\"https:\\\/\\\/labeauairsol.ca\\\/wp-content\\\/uploads\\\/2017\\\/01\\\/bandeau-amiante.png\",\"width\":2000,\"height\":600},{\"@type\":\"BreadcrumbList\",\"@id\":\"https:\\\/\\\/labeauairsol.ca\\\/en\\\/training\\\/asbestos-training\\\/#breadcrumb\",\"itemListElement\":[{\"@type\":\"ListItem\",\"position\":1,\"name\":\"Accueil\",\"item\":\"https:\\\/\\\/labeauairsol.ca\\\/en\\\/\"},{\"@type\":\"ListItem\",\"position\":2,\"name\":\"Training\",\"item\":\"https:\\\/\\\/labeauairsol.ca\\\/en\\\/training\\\/\"},{\"@type\":\"ListItem\",\"position\":3,\"name\":\"Safe asbestos management\"}]},{\"@type\":\"WebSite\",\"@id\":\"https:\\\/\\\/labeauairsol.ca\\\/en\\\/#website\",\"url\":\"https:\\\/\\\/labeauairsol.ca\\\/en\\\/\",\"name\":\"Lab\u2019eau-air-sol\",\"description\":\"La science au service de votre environnement\",\"publisher\":{\"@id\":\"https:\\\/\\\/labeauairsol.ca\\\/en\\\/#organization\"},\"potentialAction\":[{\"@type\":\"SearchAction\",\"target\":{\"@type\":\"EntryPoint\",\"urlTemplate\":\"https:\\\/\\\/labeauairsol.ca\\\/en\\\/?s={search_term_string}\"},\"query-input\":{\"@type\":\"PropertyValueSpecification\",\"valueRequired\":true,\"valueName\":\"search_term_string\"}}],\"inLanguage\":\"en-US\"},{\"@type\":\"Organization\",\"@id\":\"https:\\\/\\\/labeauairsol.ca\\\/en\\\/#organization\",\"name\":\"Lab'eau-air-sol\",\"url\":\"https:\\\/\\\/labeauairsol.ca\\\/en\\\/\",\"logo\":{\"@type\":\"ImageObject\",\"inLanguage\":\"en-US\",\"@id\":\"https:\\\/\\\/labeauairsol.ca\\\/en\\\/#\\\/schema\\\/logo\\\/image\\\/\",\"url\":\"https:\\\/\\\/labeauairsol.ca\\\/wp-content\\\/uploads\\\/2018\\\/09\\\/logo-lab-eau-air-sol.png\",\"contentUrl\":\"https:\\\/\\\/labeauairsol.ca\\\/wp-content\\\/uploads\\\/2018\\\/09\\\/logo-lab-eau-air-sol.png\",\"width\":134,\"height\":133,\"caption\":\"Lab'eau-air-sol\"},\"image\":{\"@id\":\"https:\\\/\\\/labeauairsol.ca\\\/en\\\/#\\\/schema\\\/logo\\\/image\\\/\"},\"sameAs\":[\"https:\\\/\\\/www.facebook.com\\\/labeauairsol\\\/\"]}]}<\/script>\n<!-- \/ Yoast SEO plugin. -->","yoast_head_json":{"title":"Safe asbestos management - Lab&#039;eau-air-sol - Services de laboratoire - Hygi\u00e8ne et environnement Joliette, Montr\u00e9al, Qu\u00e9bec","description":"Training on asbestos sampling and safe management, and asbestos decontamination procedures. Contact us if you have any questions.","robots":{"index":"index","follow":"follow","max-snippet":"max-snippet:-1","max-image-preview":"max-image-preview:large","max-video-preview":"max-video-preview:-1"},"canonical":"https:\/\/labeauairsol.ca\/en\/training\/asbestos-training\/","og_locale":"en_US","og_type":"article","og_title":"Safe asbestos management - Lab&#039;eau-air-sol - Services de laboratoire - Hygi\u00e8ne et environnement Joliette, Montr\u00e9al, Qu\u00e9bec","og_description":"Training on asbestos sampling and safe management, and asbestos decontamination procedures. Contact us if you have any questions.","og_url":"https:\/\/labeauairsol.ca\/en\/training\/asbestos-training\/","og_site_name":"Lab&#039;eau-air-sol","article_publisher":"https:\/\/www.facebook.com\/labeauairsol\/","article_modified_time":"2026-04-01T22:23:29+00:00","og_image":[{"width":2000,"height":600,"url":"https:\/\/labeauairsol.ca\/wp-content\/uploads\/2017\/01\/bandeau-amiante.png","type":"image\/png"}],"twitter_card":"summary_large_image","twitter_misc":{"Est. reading time":"1 minute"},"schema":{"@context":"https:\/\/schema.org","@graph":[{"@type":"WebPage","@id":"https:\/\/labeauairsol.ca\/en\/training\/asbestos-training\/","url":"https:\/\/labeauairsol.ca\/en\/training\/asbestos-training\/","name":"Safe asbestos management - Lab&#039;eau-air-sol - Services de laboratoire - Hygi\u00e8ne et environnement Joliette, Montr\u00e9al, Qu\u00e9bec","isPartOf":{"@id":"https:\/\/labeauairsol.ca\/en\/#website"},"primaryImageOfPage":{"@id":"https:\/\/labeauairsol.ca\/en\/training\/asbestos-training\/#primaryimage"},"image":{"@id":"https:\/\/labeauairsol.ca\/en\/training\/asbestos-training\/#primaryimage"},"thumbnailUrl":"https:\/\/labeauairsol.ca\/wp-content\/uploads\/2017\/01\/bandeau-amiante.png","datePublished":"2017-01-28T22:28:13+00:00","dateModified":"2026-04-01T22:23:29+00:00","description":"Training on asbestos sampling and safe management, and asbestos decontamination procedures. Contact us if you have any questions.","breadcrumb":{"@id":"https:\/\/labeauairsol.ca\/en\/training\/asbestos-training\/#breadcrumb"},"inLanguage":"en-US","potentialAction":[{"@type":"ReadAction","target":["https:\/\/labeauairsol.ca\/en\/training\/asbestos-training\/"]}]},{"@type":"ImageObject","inLanguage":"en-US","@id":"https:\/\/labeauairsol.ca\/en\/training\/asbestos-training\/#primaryimage","url":"https:\/\/labeauairsol.ca\/wp-content\/uploads\/2017\/01\/bandeau-amiante.png","contentUrl":"https:\/\/labeauairsol.ca\/wp-content\/uploads\/2017\/01\/bandeau-amiante.png","width":2000,"height":600},{"@type":"BreadcrumbList","@id":"https:\/\/labeauairsol.ca\/en\/training\/asbestos-training\/#breadcrumb","itemListElement":[{"@type":"ListItem","position":1,"name":"Accueil","item":"https:\/\/labeauairsol.ca\/en\/"},{"@type":"ListItem","position":2,"name":"Training","item":"https:\/\/labeauairsol.ca\/en\/training\/"},{"@type":"ListItem","position":3,"name":"Safe asbestos management"}]},{"@type":"WebSite","@id":"https:\/\/labeauairsol.ca\/en\/#website","url":"https:\/\/labeauairsol.ca\/en\/","name":"Lab\u2019eau-air-sol","description":"La science au service de votre environnement","publisher":{"@id":"https:\/\/labeauairsol.ca\/en\/#organization"},"potentialAction":[{"@type":"SearchAction","target":{"@type":"EntryPoint","urlTemplate":"https:\/\/labeauairsol.ca\/en\/?s={search_term_string}"},"query-input":{"@type":"PropertyValueSpecification","valueRequired":true,"valueName":"search_term_string"}}],"inLanguage":"en-US"},{"@type":"Organization","@id":"https:\/\/labeauairsol.ca\/en\/#organization","name":"Lab'eau-air-sol","url":"https:\/\/labeauairsol.ca\/en\/","logo":{"@type":"ImageObject","inLanguage":"en-US","@id":"https:\/\/labeauairsol.ca\/en\/#\/schema\/logo\/image\/","url":"https:\/\/labeauairsol.ca\/wp-content\/uploads\/2018\/09\/logo-lab-eau-air-sol.png","contentUrl":"https:\/\/labeauairsol.ca\/wp-content\/uploads\/2018\/09\/logo-lab-eau-air-sol.png","width":134,"height":133,"caption":"Lab'eau-air-sol"},"image":{"@id":"https:\/\/labeauairsol.ca\/en\/#\/schema\/logo\/image\/"},"sameAs":["https:\/\/www.facebook.com\/labeauairsol\/"]}]}},"uagb_featured_image_src":{"full":["https:\/\/labeauairsol.ca\/wp-content\/uploads\/2017\/01\/bandeau-amiante.png",2000,600,false],"thumbnail":["https:\/\/labeauairsol.ca\/wp-content\/uploads\/2017\/01\/bandeau-amiante-150x150.png",150,150,true],"medium":["https:\/\/labeauairsol.ca\/wp-content\/uploads\/2017\/01\/bandeau-amiante-300x90.png",300,90,true],"medium_large":["https:\/\/labeauairsol.ca\/wp-content\/uploads\/2017\/01\/bandeau-amiante-768x230.png",768,230,true],"large":["https:\/\/labeauairsol.ca\/wp-content\/uploads\/2017\/01\/bandeau-amiante-1024x307.png",1024,307,true],"1536x1536":["https:\/\/labeauairsol.ca\/wp-content\/uploads\/2017\/01\/bandeau-amiante.png",1536,461,false],"2048x2048":["https:\/\/labeauairsol.ca\/wp-content\/uploads\/2017\/01\/bandeau-amiante.png",2000,600,false],"featured-small":["https:\/\/labeauairsol.ca\/wp-content\/uploads\/2017\/01\/bandeau-amiante-640x200.png",640,200,true],"featured-medium":["https:\/\/labeauairsol.ca\/wp-content\/uploads\/2017\/01\/bandeau-amiante-1280x400.png",1280,400,true],"featured-large":["https:\/\/labeauairsol.ca\/wp-content\/uploads\/2017\/01\/bandeau-amiante-1440x400.png",1440,400,true],"featured-xlarge":["https:\/\/labeauairsol.ca\/wp-content\/uploads\/2017\/01\/bandeau-amiante-1920x400.png",1920,400,true],"fp-small":["https:\/\/labeauairsol.ca\/wp-content\/uploads\/2017\/01\/bandeau-amiante-640x192.png",640,192,true],"fp-medium":["https:\/\/labeauairsol.ca\/wp-content\/uploads\/2017\/01\/bandeau-amiante-1024x307.png",1024,307,true],"fp-large":["https:\/\/labeauairsol.ca\/wp-content\/uploads\/2017\/01\/bandeau-amiante-1200x360.png",1200,360,true],"fp-xlarge":["https:\/\/labeauairsol.ca\/wp-content\/uploads\/2017\/01\/bandeau-amiante-1920x576.png",1920,576,true],"menu-24x24":["https:\/\/labeauairsol.ca\/wp-content\/uploads\/2017\/01\/bandeau-amiante.png",24,7,false],"menu-36x36":["https:\/\/labeauairsol.ca\/wp-content\/uploads\/2017\/01\/bandeau-amiante.png",36,11,false],"menu-48x48":["https:\/\/labeauairsol.ca\/wp-content\/uploads\/2017\/01\/bandeau-amiante.png",48,14,false]},"uagb_author_info":{"display_name":"support informatique","author_link":"https:\/\/labeauairsol.ca\/en\/author\/support\/"},"uagb_comment_info":0,"uagb_excerpt":"This training course is divided into two main sections: sampling and safe management of asbestos, and asbestos decontamination procedures. By sampling, you&#8217;ll be able to characterize asbestos in buildings in compliance with the R\u00e8glement sur la sant\u00e9 et la s\u00e9curit\u00e9 du travail (RSST) and the Quebec Construction Code. For decontamination, you&#8217;ll learn about the rights&hellip;","_links":{"self":[{"href":"https:\/\/labeauairsol.ca\/en\/wp-json\/wp\/v2\/pages\/1950","targetHints":{"allow":["GET"]}}],"collection":[{"href":"https:\/\/labeauairsol.ca\/en\/wp-json\/wp\/v2\/pages"}],"about":[{"href":"https:\/\/labeauairsol.ca\/en\/wp-json\/wp\/v2\/types\/page"}],"author":[{"embeddable":true,"href":"https:\/\/labeauairsol.ca\/en\/wp-json\/wp\/v2\/users\/7"}],"replies":[{"embeddable":true,"href":"https:\/\/labeauairsol.ca\/en\/wp-json\/wp\/v2\/comments?post=1950"}],"version-history":[{"count":26,"href":"https:\/\/labeauairsol.ca\/en\/wp-json\/wp\/v2\/pages\/1950\/revisions"}],"predecessor-version":[{"id":4182,"href":"https:\/\/labeauairsol.ca\/en\/wp-json\/wp\/v2\/pages\/1950\/revisions\/4182"}],"up":[{"embeddable":true,"href":"https:\/\/labeauairsol.ca\/en\/wp-json\/wp\/v2\/pages\/1943"}],"wp:featuredmedia":[{"embeddable":true,"href":"https:\/\/labeauairsol.ca\/en\/wp-json\/wp\/v2\/media\/1835"}],"wp:attachment":[{"href":"https:\/\/labeauairsol.ca\/en\/wp-json\/wp\/v2\/media?parent=1950"}],"curies":[{"name":"wp","href":"https:\/\/api.w.org\/{rel}","templated":true}]}}