{"id":1949,"date":"2017-01-21T01:56:29","date_gmt":"2017-01-21T06:56:29","guid":{"rendered":"https:\/\/labeauairsol.ca\/accreditations\/"},"modified":"2026-03-27T17:22:32","modified_gmt":"2026-03-27T21:22:32","slug":"accreditations","status":"publish","type":"page","link":"https:\/\/labeauairsol.ca\/en\/accreditations\/","title":{"rendered":"Accreditations"},"content":{"rendered":"<p><strong>Asbestos<\/strong><\/p>\n<p><span style=\"font-weight: 400;\">Our laboratory is registered with the <a href=\"http:\/\/www.irsst.qc.ca\/laboratoires\/accueil\">IRSST&#8217;<\/a>s CQ Fibres quality control program.<\/span><br \/>\n<span style=\"font-weight: 400;\">What&#8217;s more, our laboratory is registered with the <a href=\"https:\/\/www.aiha.org\/Pages\/default.aspx\">American Industrial Hygiene Association&#8217;<\/a>s AIHA Proficiency Analytical Testing Programs: Bulk Asbestos Proficiency Analycal Testing Program.<\/span><\/p>\n<p><strong>Analysis<\/strong><\/p>\n<p><span data-teams=\"true\"><span class=\"ui-provider a b c d e f g h i j k l m n o p q r s t u v w x y z ab ac ae af ag ah ai aj ak\" dir=\"ltr\">Lab&#8217;Eau-Air-Sol is accredited by the Minist\u00e8re du D\u00e9veloppement durable, de l&#8217;Environnement et de la Lutte contre les changements climatiques du Qu\u00e9bec and with the technical support of the Institut de recherche Robert-Sauv\u00e9 en sant\u00e9 et s\u00e9curit\u00e9 au travail according to the accreditation program including the ISO\/CEI 17025 standard.<\/span><\/span>.<\/p>\n<p>Our laboratory is also recognized by the <strong>PAT Programs<\/strong> as part of the <strong>Environmental Microbiology Proficiency Analytical Testing (EMPAT)<\/strong> program. The EMPAT program evaluates the competence of laboratories in spore identification. <\/p>\n<p><img fetchpriority=\"high\" decoding=\"async\" class=\"aligncenter size-full wp-image-345\" src=\"https:\/\/labeauairsol.ca\/wp-content\/uploads\/2017\/01\/logo_accredidations_logo.jpg\" alt=\"\" width=\"400\" height=\"400\" srcset=\"https:\/\/labeauairsol.ca\/wp-content\/uploads\/2017\/01\/logo_accredidations_logo.jpg 400w, https:\/\/labeauairsol.ca\/wp-content\/uploads\/2017\/01\/logo_accredidations_logo-150x150.jpg 150w, https:\/\/labeauairsol.ca\/wp-content\/uploads\/2017\/01\/logo_accredidations_logo-300x300.jpg 300w\" sizes=\"(max-width: 639px) 98vw, (max-width: 1199px) 64vw, 400px\" \/><\/p>\n","protected":false},"excerpt":{"rendered":"<p>Asbestos Our laboratory is registered with the IRSST&#8217;s CQ Fibres quality control program. What&#8217;s more, our laboratory is registered with the American Industrial Hygiene Association&#8217;s AIHA Proficiency Analytical Testing Programs: Bulk Asbestos Proficiency Analycal Testing Program. Analysis Lab&#8217;Eau-Air-Sol is accredited by the Minist\u00e8re du D\u00e9veloppement durable, de l&#8217;Environnement et de la Lutte contre les changements climatiques du Qu\u00e9bec and with the technical support of the Institut de recherche Robert-Sauv\u00e9 en sant\u00e9 et s\u00e9curit\u00e9 au travail according to the accreditation program including the ISO\/CEI 17025 standard.. Our laboratory is also recognized by the PAT Programs as part of the Environmental Microbiology Proficiency Analytical Testing (EMPAT) program. The EMPAT program evaluates the competence of laboratories in spore identification.<\/p>\n","protected":false},"author":4,"featured_media":0,"parent":0,"menu_order":0,"comment_status":"closed","ping_status":"closed","template":"","meta":{"_acf_changed":false,"_eb_attr":"","_uag_custom_page_level_css":"","footnotes":""},"class_list":["post-1949","page","type-page","status-publish","hentry"],"acf":[],"yoast_head":"<!-- This site is optimized with the Yoast SEO plugin v27.4 - https:\/\/yoast.com\/product\/yoast-seo-wordpress\/ -->\n<title>Asbestos scanning, analysis and sampling accreditations<\/title>\n<meta name=\"description\" content=\"The only laboratory in Quebec to be accredited in air microbiology by CEAEQ and IRSST. Quality control of fiber count.\" \/>\n<meta name=\"robots\" content=\"index, follow, max-snippet:-1, max-image-preview:large, max-video-preview:-1\" \/>\n<link rel=\"canonical\" href=\"https:\/\/labeauairsol.ca\/en\/accreditations\/\" \/>\n<meta property=\"og:locale\" content=\"en_US\" \/>\n<meta property=\"og:type\" content=\"article\" \/>\n<meta property=\"og:title\" content=\"Asbestos scanning, analysis and sampling accreditations\" \/>\n<meta property=\"og:description\" content=\"The only laboratory in Quebec to be accredited in air microbiology by CEAEQ and IRSST. Quality control of fiber count.\" \/>\n<meta property=\"og:url\" content=\"https:\/\/labeauairsol.ca\/en\/accreditations\/\" \/>\n<meta property=\"og:site_name\" content=\"Lab&#039;eau-air-sol\" \/>\n<meta property=\"article:publisher\" content=\"https:\/\/www.facebook.com\/labeauairsol\/\" \/>\n<meta property=\"article:modified_time\" content=\"2026-03-27T21:22:32+00:00\" \/>\n<meta property=\"og:image\" content=\"https:\/\/labeauairsol.ca\/wp-content\/uploads\/2017\/01\/logo_accredidations_logo.jpg\" \/>\n\t<meta property=\"og:image:width\" content=\"400\" \/>\n\t<meta property=\"og:image:height\" content=\"400\" \/>\n\t<meta property=\"og:image:type\" content=\"image\/jpeg\" \/>\n<meta name=\"twitter:card\" content=\"summary_large_image\" \/>\n<meta name=\"twitter:label1\" content=\"Est. reading time\" \/>\n\t<meta name=\"twitter:data1\" content=\"1 minute\" \/>\n<script type=\"application\/ld+json\" class=\"yoast-schema-graph\">{\"@context\":\"https:\\\/\\\/schema.org\",\"@graph\":[{\"@type\":\"WebPage\",\"@id\":\"https:\\\/\\\/labeauairsol.ca\\\/en\\\/accreditations\\\/\",\"url\":\"https:\\\/\\\/labeauairsol.ca\\\/en\\\/accreditations\\\/\",\"name\":\"Asbestos scanning, analysis and sampling accreditations\",\"isPartOf\":{\"@id\":\"https:\\\/\\\/labeauairsol.ca\\\/en\\\/#website\"},\"primaryImageOfPage\":{\"@id\":\"https:\\\/\\\/labeauairsol.ca\\\/en\\\/accreditations\\\/#primaryimage\"},\"image\":{\"@id\":\"https:\\\/\\\/labeauairsol.ca\\\/en\\\/accreditations\\\/#primaryimage\"},\"thumbnailUrl\":\"https:\\\/\\\/labeauairsol.ca\\\/wp-content\\\/uploads\\\/2017\\\/01\\\/logo_accredidations_logo.jpg\",\"datePublished\":\"2017-01-21T06:56:29+00:00\",\"dateModified\":\"2026-03-27T21:22:32+00:00\",\"description\":\"The only laboratory in Quebec to be accredited in air microbiology by CEAEQ and IRSST. Quality control of fiber count.\",\"breadcrumb\":{\"@id\":\"https:\\\/\\\/labeauairsol.ca\\\/en\\\/accreditations\\\/#breadcrumb\"},\"inLanguage\":\"en-US\",\"potentialAction\":[{\"@type\":\"ReadAction\",\"target\":[\"https:\\\/\\\/labeauairsol.ca\\\/en\\\/accreditations\\\/\"]}]},{\"@type\":\"ImageObject\",\"inLanguage\":\"en-US\",\"@id\":\"https:\\\/\\\/labeauairsol.ca\\\/en\\\/accreditations\\\/#primaryimage\",\"url\":\"https:\\\/\\\/labeauairsol.ca\\\/wp-content\\\/uploads\\\/2017\\\/01\\\/logo_accredidations_logo.jpg\",\"contentUrl\":\"https:\\\/\\\/labeauairsol.ca\\\/wp-content\\\/uploads\\\/2017\\\/01\\\/logo_accredidations_logo.jpg\"},{\"@type\":\"BreadcrumbList\",\"@id\":\"https:\\\/\\\/labeauairsol.ca\\\/en\\\/accreditations\\\/#breadcrumb\",\"itemListElement\":[{\"@type\":\"ListItem\",\"position\":1,\"name\":\"Accueil\",\"item\":\"https:\\\/\\\/labeauairsol.ca\\\/en\\\/\"},{\"@type\":\"ListItem\",\"position\":2,\"name\":\"Accreditations\"}]},{\"@type\":\"WebSite\",\"@id\":\"https:\\\/\\\/labeauairsol.ca\\\/en\\\/#website\",\"url\":\"https:\\\/\\\/labeauairsol.ca\\\/en\\\/\",\"name\":\"Lab\u2019eau-air-sol\",\"description\":\"La science au service de votre environnement\",\"publisher\":{\"@id\":\"https:\\\/\\\/labeauairsol.ca\\\/en\\\/#organization\"},\"potentialAction\":[{\"@type\":\"SearchAction\",\"target\":{\"@type\":\"EntryPoint\",\"urlTemplate\":\"https:\\\/\\\/labeauairsol.ca\\\/en\\\/?s={search_term_string}\"},\"query-input\":{\"@type\":\"PropertyValueSpecification\",\"valueRequired\":true,\"valueName\":\"search_term_string\"}}],\"inLanguage\":\"en-US\"},{\"@type\":\"Organization\",\"@id\":\"https:\\\/\\\/labeauairsol.ca\\\/en\\\/#organization\",\"name\":\"Lab'eau-air-sol\",\"url\":\"https:\\\/\\\/labeauairsol.ca\\\/en\\\/\",\"logo\":{\"@type\":\"ImageObject\",\"inLanguage\":\"en-US\",\"@id\":\"https:\\\/\\\/labeauairsol.ca\\\/en\\\/#\\\/schema\\\/logo\\\/image\\\/\",\"url\":\"https:\\\/\\\/labeauairsol.ca\\\/wp-content\\\/uploads\\\/2018\\\/09\\\/logo-lab-eau-air-sol.png\",\"contentUrl\":\"https:\\\/\\\/labeauairsol.ca\\\/wp-content\\\/uploads\\\/2018\\\/09\\\/logo-lab-eau-air-sol.png\",\"width\":134,\"height\":133,\"caption\":\"Lab'eau-air-sol\"},\"image\":{\"@id\":\"https:\\\/\\\/labeauairsol.ca\\\/en\\\/#\\\/schema\\\/logo\\\/image\\\/\"},\"sameAs\":[\"https:\\\/\\\/www.facebook.com\\\/labeauairsol\\\/\"]}]}<\/script>\n<!-- \/ Yoast SEO plugin. -->","yoast_head_json":{"title":"Asbestos scanning, analysis and sampling accreditations","description":"The only laboratory in Quebec to be accredited in air microbiology by CEAEQ and IRSST. Quality control of fiber count.","robots":{"index":"index","follow":"follow","max-snippet":"max-snippet:-1","max-image-preview":"max-image-preview:large","max-video-preview":"max-video-preview:-1"},"canonical":"https:\/\/labeauairsol.ca\/en\/accreditations\/","og_locale":"en_US","og_type":"article","og_title":"Asbestos scanning, analysis and sampling accreditations","og_description":"The only laboratory in Quebec to be accredited in air microbiology by CEAEQ and IRSST. Quality control of fiber count.","og_url":"https:\/\/labeauairsol.ca\/en\/accreditations\/","og_site_name":"Lab&#039;eau-air-sol","article_publisher":"https:\/\/www.facebook.com\/labeauairsol\/","article_modified_time":"2026-03-27T21:22:32+00:00","og_image":[{"width":400,"height":400,"url":"https:\/\/labeauairsol.ca\/wp-content\/uploads\/2017\/01\/logo_accredidations_logo.jpg","type":"image\/jpeg"}],"twitter_card":"summary_large_image","twitter_misc":{"Est. reading time":"1 minute"},"schema":{"@context":"https:\/\/schema.org","@graph":[{"@type":"WebPage","@id":"https:\/\/labeauairsol.ca\/en\/accreditations\/","url":"https:\/\/labeauairsol.ca\/en\/accreditations\/","name":"Asbestos scanning, analysis and sampling accreditations","isPartOf":{"@id":"https:\/\/labeauairsol.ca\/en\/#website"},"primaryImageOfPage":{"@id":"https:\/\/labeauairsol.ca\/en\/accreditations\/#primaryimage"},"image":{"@id":"https:\/\/labeauairsol.ca\/en\/accreditations\/#primaryimage"},"thumbnailUrl":"https:\/\/labeauairsol.ca\/wp-content\/uploads\/2017\/01\/logo_accredidations_logo.jpg","datePublished":"2017-01-21T06:56:29+00:00","dateModified":"2026-03-27T21:22:32+00:00","description":"The only laboratory in Quebec to be accredited in air microbiology by CEAEQ and IRSST. Quality control of fiber count.","breadcrumb":{"@id":"https:\/\/labeauairsol.ca\/en\/accreditations\/#breadcrumb"},"inLanguage":"en-US","potentialAction":[{"@type":"ReadAction","target":["https:\/\/labeauairsol.ca\/en\/accreditations\/"]}]},{"@type":"ImageObject","inLanguage":"en-US","@id":"https:\/\/labeauairsol.ca\/en\/accreditations\/#primaryimage","url":"https:\/\/labeauairsol.ca\/wp-content\/uploads\/2017\/01\/logo_accredidations_logo.jpg","contentUrl":"https:\/\/labeauairsol.ca\/wp-content\/uploads\/2017\/01\/logo_accredidations_logo.jpg"},{"@type":"BreadcrumbList","@id":"https:\/\/labeauairsol.ca\/en\/accreditations\/#breadcrumb","itemListElement":[{"@type":"ListItem","position":1,"name":"Accueil","item":"https:\/\/labeauairsol.ca\/en\/"},{"@type":"ListItem","position":2,"name":"Accreditations"}]},{"@type":"WebSite","@id":"https:\/\/labeauairsol.ca\/en\/#website","url":"https:\/\/labeauairsol.ca\/en\/","name":"Lab\u2019eau-air-sol","description":"La science au service de votre environnement","publisher":{"@id":"https:\/\/labeauairsol.ca\/en\/#organization"},"potentialAction":[{"@type":"SearchAction","target":{"@type":"EntryPoint","urlTemplate":"https:\/\/labeauairsol.ca\/en\/?s={search_term_string}"},"query-input":{"@type":"PropertyValueSpecification","valueRequired":true,"valueName":"search_term_string"}}],"inLanguage":"en-US"},{"@type":"Organization","@id":"https:\/\/labeauairsol.ca\/en\/#organization","name":"Lab'eau-air-sol","url":"https:\/\/labeauairsol.ca\/en\/","logo":{"@type":"ImageObject","inLanguage":"en-US","@id":"https:\/\/labeauairsol.ca\/en\/#\/schema\/logo\/image\/","url":"https:\/\/labeauairsol.ca\/wp-content\/uploads\/2018\/09\/logo-lab-eau-air-sol.png","contentUrl":"https:\/\/labeauairsol.ca\/wp-content\/uploads\/2018\/09\/logo-lab-eau-air-sol.png","width":134,"height":133,"caption":"Lab'eau-air-sol"},"image":{"@id":"https:\/\/labeauairsol.ca\/en\/#\/schema\/logo\/image\/"},"sameAs":["https:\/\/www.facebook.com\/labeauairsol\/"]}]}},"uagb_featured_image_src":{"full":false,"thumbnail":false,"medium":false,"medium_large":false,"large":false,"1536x1536":false,"2048x2048":false,"featured-small":false,"featured-medium":false,"featured-large":false,"featured-xlarge":false,"fp-small":false,"fp-medium":false,"fp-large":false,"fp-xlarge":false,"menu-24x24":false,"menu-36x36":false,"menu-48x48":false},"uagb_author_info":{"display_name":"Labeauairsol","author_link":"https:\/\/labeauairsol.ca\/en\/author\/labeauairsol\/"},"uagb_comment_info":0,"uagb_excerpt":"Asbestos Our laboratory is registered with the IRSST&#8217;s CQ Fibres quality control program. What&#8217;s more, our laboratory is registered with the American Industrial Hygiene Association&#8217;s AIHA Proficiency Analytical Testing Programs: Bulk Asbestos Proficiency Analycal Testing Program. Analysis Lab&#8217;Eau-Air-Sol is accredited by the Minist\u00e8re du D\u00e9veloppement durable, de l&#8217;Environnement et de la Lutte contre les changements&hellip;","_links":{"self":[{"href":"https:\/\/labeauairsol.ca\/en\/wp-json\/wp\/v2\/pages\/1949","targetHints":{"allow":["GET"]}}],"collection":[{"href":"https:\/\/labeauairsol.ca\/en\/wp-json\/wp\/v2\/pages"}],"about":[{"href":"https:\/\/labeauairsol.ca\/en\/wp-json\/wp\/v2\/types\/page"}],"author":[{"embeddable":true,"href":"https:\/\/labeauairsol.ca\/en\/wp-json\/wp\/v2\/users\/4"}],"replies":[{"embeddable":true,"href":"https:\/\/labeauairsol.ca\/en\/wp-json\/wp\/v2\/comments?post=1949"}],"version-history":[{"count":1,"href":"https:\/\/labeauairsol.ca\/en\/wp-json\/wp\/v2\/pages\/1949\/revisions"}],"predecessor-version":[{"id":3920,"href":"https:\/\/labeauairsol.ca\/en\/wp-json\/wp\/v2\/pages\/1949\/revisions\/3920"}],"wp:attachment":[{"href":"https:\/\/labeauairsol.ca\/en\/wp-json\/wp\/v2\/media?parent=1949"}],"curies":[{"name":"wp","href":"https:\/\/api.w.org\/{rel}","templated":true}]}}