{"id":1946,"date":"2017-01-21T01:53:54","date_gmt":"2017-01-21T06:53:54","guid":{"rendered":"https:\/\/labeauairsol.ca\/contact-us\/"},"modified":"2026-04-23T10:01:40","modified_gmt":"2026-04-23T14:01:40","slug":"contact-us","status":"publish","type":"page","link":"https:\/\/labeauairsol.ca\/en\/contact-us\/","title":{"rendered":"Contact us"},"content":{"rendered":"\n<h2 class=\"wp-block-heading\">Our addresses<\/h2>\n<p>Providing good customer service is one of our objectives, which is why you can reach us using one of the means below.<\/p>\n<p><strong>Joliette<\/strong><\/p>\n<p>264 Bd de l&#8217;Industrie, Joliette, QC J6E 8V1<\/p>\n<p><a href=\"tel:+18777555576\">Toll-free: 1-877-755-5576<\/a><br \/><a href=\"tel:+4507555575\">Telephone: 450 755-5575<\/a><\/p>\n<p><a href=\"fax:+450759110\">Fax: 450 759-1107<\/a><\/p>\n<p><a href=\"mailto:info@labeauairsol.ca?subject=Demande%20d'information&amp;body=Bonjour,%20j'aimerais%20avoir%20des%20informations%20suppl%C3%A9mentaires.%20Merci%20de%20communiquer%20avec%20moi\">info@labeauairsol.ca<\/a><\/p>\n\n<hr class=\"wp-block-separator has-alpha-channel-opacity is-style-wide\" id=\"points-de-chute\"\/>\n\n<div class=\"wp-block-uagb-container uagb-block-50d419b9 alignfull uagb-is-root-container\"><div class=\"uagb-container-inner-blocks-wrap\">\n<div class=\"wp-block-uagb-container uagb-block-e1685132\">\n<h2 class=\"wp-block-heading\">Drop-off points<\/h2>\n\n\n\n<p><strong>Joliette<\/strong> <br\/>264 Bd de l&#8217;Industrie, Joliette, QC J6E 8V1<\/p>\n\n\n\n<p><strong>L\u00e9vis<\/strong> (drop box)<br\/>2-2417 route Lagueux, L\u00e9vis, G6J1Z1<\/p>\n\n\n\n<p class=\"has-text-align-left\"><strong>Mascouche<\/strong> (drop box)<br\/>1233 avenue Garden, Mascouche, J7L 0A2<\/p>\n\n\n\n<p><strong>Saint-J\u00e9r\u00f4me<\/strong><br\/>888 rue St-Georges, Saint-J\u00e9r\u00f4me, J7Z 5E5  <\/p>\n<\/div>\n\n\n\n<div class=\"wp-block-uagb-container uagb-block-05d66197\"><div class=\"wp-block-image is-style-default\">\n<figure class=\"aligncenter size-full\"><img fetchpriority=\"high\" decoding=\"async\" width=\"832\" height=\"624\" src=\"https:\/\/labeauairsol.ca\/wp-content\/uploads\/2023\/05\/LABEAU-AIR-SOL_map-points-de-chute-edited.png\" alt=\"\" class=\"wp-image-1720\" srcset=\"https:\/\/labeauairsol.ca\/wp-content\/uploads\/2023\/05\/LABEAU-AIR-SOL_map-points-de-chute-edited.png 832w, https:\/\/labeauairsol.ca\/wp-content\/uploads\/2023\/05\/LABEAU-AIR-SOL_map-points-de-chute-edited-300x225.png 300w, https:\/\/labeauairsol.ca\/wp-content\/uploads\/2023\/05\/LABEAU-AIR-SOL_map-points-de-chute-edited-768x576.png 768w, https:\/\/labeauairsol.ca\/wp-content\/uploads\/2023\/05\/LABEAU-AIR-SOL_map-points-de-chute-edited-640x480.png 640w, https:\/\/labeauairsol.ca\/wp-content\/uploads\/2023\/05\/LABEAU-AIR-SOL_map-points-de-chute-edited-320x240.png 320w, https:\/\/labeauairsol.ca\/wp-content\/uploads\/2023\/05\/LABEAU-AIR-SOL_map-points-de-chute-edited-480x360.png 480w, https:\/\/labeauairsol.ca\/wp-content\/uploads\/2023\/05\/LABEAU-AIR-SOL_map-points-de-chute-edited-800x600.png 800w, https:\/\/labeauairsol.ca\/wp-content\/uploads\/2023\/05\/LABEAU-AIR-SOL_map-points-de-chute-edited-24x18.png 24w, https:\/\/labeauairsol.ca\/wp-content\/uploads\/2023\/05\/LABEAU-AIR-SOL_map-points-de-chute-edited-36x27.png 36w, https:\/\/labeauairsol.ca\/wp-content\/uploads\/2023\/05\/LABEAU-AIR-SOL_map-points-de-chute-edited-48x36.png 48w\" sizes=\"(max-width: 639px) 98vw, (max-width: 1199px) 64vw, 770px\" \/><\/figure>\n<\/div><\/div>\n<\/div><\/div>\n\n<div style=\"height:20px\" aria-hidden=\"true\" class=\"wp-block-spacer\"><\/div>\n\n<hr class=\"wp-block-separator has-alpha-channel-opacity is-style-wide\"\/>\n<p style=\"text-align: center;\">\n<div class=\"wpcf7 no-js\" id=\"wpcf7-f1996-o1\" lang=\"en-US\" dir=\"ltr\" data-wpcf7-id=\"1996\">\n<div class=\"screen-reader-response\"><p role=\"status\" aria-live=\"polite\" aria-atomic=\"true\"><\/p> <ul><\/ul><\/div>\n<form action=\"\/en\/wp-json\/wp\/v2\/pages\/1946#wpcf7-f1996-o1\" method=\"post\" class=\"wpcf7-form init\" aria-label=\"Contact form\" novalidate=\"novalidate\" data-status=\"init\">\n<fieldset class=\"hidden-fields-container\"><input type=\"hidden\" name=\"_wpcf7\" value=\"1996\" \/><input type=\"hidden\" name=\"_wpcf7_version\" value=\"6.1.5\" \/><input type=\"hidden\" name=\"_wpcf7_locale\" value=\"en_US\" \/><input type=\"hidden\" name=\"_wpcf7_unit_tag\" value=\"wpcf7-f1996-o1\" \/><input type=\"hidden\" name=\"_wpcf7_container_post\" value=\"0\" \/><input type=\"hidden\" name=\"_wpcf7_posted_data_hash\" value=\"\" \/><input type=\"hidden\" name=\"_wpcf7_recaptcha_response\" value=\"\" \/>\n<\/fieldset>\n<p><label> Your name (required)<br \/>\n<span class=\"wpcf7-form-control-wrap\" data-name=\"your-name\"><input size=\"40\" maxlength=\"400\" class=\"wpcf7-form-control wpcf7-text wpcf7-validates-as-required\" aria-required=\"true\" aria-invalid=\"false\" value=\"\" type=\"text\" name=\"your-name\" \/><\/span> <\/label>\n<\/p>\n<p><label> Your e-mail (required)<br \/>\n<span class=\"wpcf7-form-control-wrap\" data-name=\"your-email\"><input size=\"40\" maxlength=\"400\" class=\"wpcf7-form-control wpcf7-email wpcf7-validates-as-required wpcf7-text wpcf7-validates-as-email\" aria-required=\"true\" aria-invalid=\"false\" value=\"\" type=\"email\" name=\"your-email\" \/><\/span> <\/label>\n<\/p>\n<p><label> Subject<br \/>\n<span class=\"wpcf7-form-control-wrap\" data-name=\"your-subject\"><input size=\"40\" maxlength=\"400\" class=\"wpcf7-form-control wpcf7-text\" aria-invalid=\"false\" value=\"\" type=\"text\" name=\"your-subject\" \/><\/span> <\/label>\n<\/p>\n<p><label> Your message<br \/>\n<span class=\"wpcf7-form-control-wrap\" data-name=\"your-message\"><textarea cols=\"40\" rows=\"10\" maxlength=\"2000\" class=\"wpcf7-form-control wpcf7-textarea\" aria-invalid=\"false\" name=\"your-message\"><\/textarea><\/span> <\/label>\n<\/p>\n<p><input class=\"wpcf7-form-control wpcf7-submit has-spinner\" type=\"submit\" value=\"Envoyer\" \/>\n<\/p><div class=\"wpcf7-response-output\" aria-hidden=\"true\"><\/div>\n<\/form>\n<\/div>\n<\/p>\n","protected":false},"excerpt":{"rendered":"<p>Our addresses Providing good customer service is one of our objectives, which is why you can reach us using one of the means below. Joliette 264 Bd de l&#8217;Industrie, Joliette, QC J6E 8V1 Toll-free: 1-877-755-5576Telephone: 450 755-5575 Fax: 450 759-1107 info@labeauairsol.ca Drop-off points Joliette 264 Bd de l&#8217;Industrie, Joliette, QC J6E 8V1 L\u00e9vis (drop box)2-2417 route Lagueux, L\u00e9vis, G6J1Z1 Mascouche (drop box)1233 avenue Garden, Mascouche, J7L 0A2 Saint-J\u00e9r\u00f4me888 rue St-Georges, Saint-J\u00e9r\u00f4me, J7Z 5E5<\/p>\n","protected":false},"author":4,"featured_media":0,"parent":0,"menu_order":0,"comment_status":"closed","ping_status":"closed","template":"page-templates\/boxed-content.php","meta":{"_acf_changed":false,"_eb_attr":"","_uag_custom_page_level_css":"","footnotes":""},"class_list":["post-1946","page","type-page","status-publish","hentry"],"acf":[],"yoast_head":"<!-- This site is optimized with the Yoast SEO plugin v27.4 - https:\/\/yoast.com\/product\/yoast-seo-wordpress\/ -->\n<title>Contact us - Lab&#039;eau-air-sol - Services de laboratoire - Hygi\u00e8ne et environnement Joliette, Montr\u00e9al, Qu\u00e9bec<\/title>\n<meta name=\"description\" content=\"Contact us by e-mail info@labeauairsol.ca or by phone 1-877-755-5576 with any questions or comments about our laboratory services.\" \/>\n<meta name=\"robots\" content=\"index, follow, max-snippet:-1, max-image-preview:large, max-video-preview:-1\" \/>\n<link rel=\"canonical\" href=\"https:\/\/labeauairsol.ca\/en\/contact-us\/\" \/>\n<meta property=\"og:locale\" content=\"en_US\" \/>\n<meta property=\"og:type\" content=\"article\" \/>\n<meta property=\"og:title\" content=\"Contact us - Lab&#039;eau-air-sol - Services de laboratoire - Hygi\u00e8ne et environnement Joliette, Montr\u00e9al, Qu\u00e9bec\" \/>\n<meta property=\"og:description\" content=\"Contact us by e-mail info@labeauairsol.ca or by phone 1-877-755-5576 with any questions or comments about our laboratory services.\" \/>\n<meta property=\"og:url\" content=\"https:\/\/labeauairsol.ca\/en\/contact-us\/\" \/>\n<meta property=\"og:site_name\" content=\"Lab&#039;eau-air-sol\" \/>\n<meta property=\"article:publisher\" content=\"https:\/\/www.facebook.com\/labeauairsol\/\" \/>\n<meta property=\"article:modified_time\" content=\"2026-04-23T14:01:40+00:00\" \/>\n<meta property=\"og:image\" content=\"https:\/\/labeauairsol.ca\/wp-content\/uploads\/2023\/05\/LABEAU-AIR-SOL_map-points-de-chute-edited.png\" \/>\n\t<meta property=\"og:image:width\" content=\"832\" \/>\n\t<meta property=\"og:image:height\" content=\"624\" \/>\n\t<meta property=\"og:image:type\" content=\"image\/png\" \/>\n<meta name=\"twitter:card\" content=\"summary_large_image\" \/>\n<script type=\"application\/ld+json\" class=\"yoast-schema-graph\">{\"@context\":\"https:\\\/\\\/schema.org\",\"@graph\":[{\"@type\":\"WebPage\",\"@id\":\"https:\\\/\\\/labeauairsol.ca\\\/en\\\/contact-us\\\/\",\"url\":\"https:\\\/\\\/labeauairsol.ca\\\/en\\\/contact-us\\\/\",\"name\":\"Contact us - Lab&#039;eau-air-sol - Services de laboratoire - Hygi\u00e8ne et environnement Joliette, Montr\u00e9al, Qu\u00e9bec\",\"isPartOf\":{\"@id\":\"https:\\\/\\\/labeauairsol.ca\\\/en\\\/#website\"},\"primaryImageOfPage\":{\"@id\":\"https:\\\/\\\/labeauairsol.ca\\\/en\\\/contact-us\\\/#primaryimage\"},\"image\":{\"@id\":\"https:\\\/\\\/labeauairsol.ca\\\/en\\\/contact-us\\\/#primaryimage\"},\"thumbnailUrl\":\"https:\\\/\\\/labeauairsol.ca\\\/wp-content\\\/uploads\\\/2023\\\/05\\\/LABEAU-AIR-SOL_map-points-de-chute-edited.png\",\"datePublished\":\"2017-01-21T06:53:54+00:00\",\"dateModified\":\"2026-04-23T14:01:40+00:00\",\"description\":\"Contact us by e-mail info@labeauairsol.ca or by phone 1-877-755-5576 with any questions or comments about our laboratory services.\",\"breadcrumb\":{\"@id\":\"https:\\\/\\\/labeauairsol.ca\\\/en\\\/contact-us\\\/#breadcrumb\"},\"inLanguage\":\"en-US\",\"potentialAction\":[{\"@type\":\"ReadAction\",\"target\":[\"https:\\\/\\\/labeauairsol.ca\\\/en\\\/contact-us\\\/\"]}]},{\"@type\":\"ImageObject\",\"inLanguage\":\"en-US\",\"@id\":\"https:\\\/\\\/labeauairsol.ca\\\/en\\\/contact-us\\\/#primaryimage\",\"url\":\"https:\\\/\\\/labeauairsol.ca\\\/wp-content\\\/uploads\\\/2023\\\/05\\\/LABEAU-AIR-SOL_map-points-de-chute-edited.png\",\"contentUrl\":\"https:\\\/\\\/labeauairsol.ca\\\/wp-content\\\/uploads\\\/2023\\\/05\\\/LABEAU-AIR-SOL_map-points-de-chute-edited.png\"},{\"@type\":\"BreadcrumbList\",\"@id\":\"https:\\\/\\\/labeauairsol.ca\\\/en\\\/contact-us\\\/#breadcrumb\",\"itemListElement\":[{\"@type\":\"ListItem\",\"position\":1,\"name\":\"Accueil\",\"item\":\"https:\\\/\\\/labeauairsol.ca\\\/en\\\/\"},{\"@type\":\"ListItem\",\"position\":2,\"name\":\"Contact us\"}]},{\"@type\":\"WebSite\",\"@id\":\"https:\\\/\\\/labeauairsol.ca\\\/en\\\/#website\",\"url\":\"https:\\\/\\\/labeauairsol.ca\\\/en\\\/\",\"name\":\"Lab\u2019eau-air-sol\",\"description\":\"La science au service de votre environnement\",\"publisher\":{\"@id\":\"https:\\\/\\\/labeauairsol.ca\\\/en\\\/#organization\"},\"potentialAction\":[{\"@type\":\"SearchAction\",\"target\":{\"@type\":\"EntryPoint\",\"urlTemplate\":\"https:\\\/\\\/labeauairsol.ca\\\/en\\\/?s={search_term_string}\"},\"query-input\":{\"@type\":\"PropertyValueSpecification\",\"valueRequired\":true,\"valueName\":\"search_term_string\"}}],\"inLanguage\":\"en-US\"},{\"@type\":\"Organization\",\"@id\":\"https:\\\/\\\/labeauairsol.ca\\\/en\\\/#organization\",\"name\":\"Lab'eau-air-sol\",\"url\":\"https:\\\/\\\/labeauairsol.ca\\\/en\\\/\",\"logo\":{\"@type\":\"ImageObject\",\"inLanguage\":\"en-US\",\"@id\":\"https:\\\/\\\/labeauairsol.ca\\\/en\\\/#\\\/schema\\\/logo\\\/image\\\/\",\"url\":\"https:\\\/\\\/labeauairsol.ca\\\/wp-content\\\/uploads\\\/2018\\\/09\\\/logo-lab-eau-air-sol.png\",\"contentUrl\":\"https:\\\/\\\/labeauairsol.ca\\\/wp-content\\\/uploads\\\/2018\\\/09\\\/logo-lab-eau-air-sol.png\",\"width\":134,\"height\":133,\"caption\":\"Lab'eau-air-sol\"},\"image\":{\"@id\":\"https:\\\/\\\/labeauairsol.ca\\\/en\\\/#\\\/schema\\\/logo\\\/image\\\/\"},\"sameAs\":[\"https:\\\/\\\/www.facebook.com\\\/labeauairsol\\\/\"]}]}<\/script>\n<!-- \/ Yoast SEO plugin. -->","yoast_head_json":{"title":"Contact us - Lab&#039;eau-air-sol - Services de laboratoire - Hygi\u00e8ne et environnement Joliette, Montr\u00e9al, Qu\u00e9bec","description":"Contact us by e-mail info@labeauairsol.ca or by phone 1-877-755-5576 with any questions or comments about our laboratory services.","robots":{"index":"index","follow":"follow","max-snippet":"max-snippet:-1","max-image-preview":"max-image-preview:large","max-video-preview":"max-video-preview:-1"},"canonical":"https:\/\/labeauairsol.ca\/en\/contact-us\/","og_locale":"en_US","og_type":"article","og_title":"Contact us - Lab&#039;eau-air-sol - Services de laboratoire - Hygi\u00e8ne et environnement Joliette, Montr\u00e9al, Qu\u00e9bec","og_description":"Contact us by e-mail info@labeauairsol.ca or by phone 1-877-755-5576 with any questions or comments about our laboratory services.","og_url":"https:\/\/labeauairsol.ca\/en\/contact-us\/","og_site_name":"Lab&#039;eau-air-sol","article_publisher":"https:\/\/www.facebook.com\/labeauairsol\/","article_modified_time":"2026-04-23T14:01:40+00:00","og_image":[{"width":832,"height":624,"url":"https:\/\/labeauairsol.ca\/wp-content\/uploads\/2023\/05\/LABEAU-AIR-SOL_map-points-de-chute-edited.png","type":"image\/png"}],"twitter_card":"summary_large_image","schema":{"@context":"https:\/\/schema.org","@graph":[{"@type":"WebPage","@id":"https:\/\/labeauairsol.ca\/en\/contact-us\/","url":"https:\/\/labeauairsol.ca\/en\/contact-us\/","name":"Contact us - Lab&#039;eau-air-sol - Services de laboratoire - Hygi\u00e8ne et environnement Joliette, Montr\u00e9al, Qu\u00e9bec","isPartOf":{"@id":"https:\/\/labeauairsol.ca\/en\/#website"},"primaryImageOfPage":{"@id":"https:\/\/labeauairsol.ca\/en\/contact-us\/#primaryimage"},"image":{"@id":"https:\/\/labeauairsol.ca\/en\/contact-us\/#primaryimage"},"thumbnailUrl":"https:\/\/labeauairsol.ca\/wp-content\/uploads\/2023\/05\/LABEAU-AIR-SOL_map-points-de-chute-edited.png","datePublished":"2017-01-21T06:53:54+00:00","dateModified":"2026-04-23T14:01:40+00:00","description":"Contact us by e-mail info@labeauairsol.ca or by phone 1-877-755-5576 with any questions or comments about our laboratory services.","breadcrumb":{"@id":"https:\/\/labeauairsol.ca\/en\/contact-us\/#breadcrumb"},"inLanguage":"en-US","potentialAction":[{"@type":"ReadAction","target":["https:\/\/labeauairsol.ca\/en\/contact-us\/"]}]},{"@type":"ImageObject","inLanguage":"en-US","@id":"https:\/\/labeauairsol.ca\/en\/contact-us\/#primaryimage","url":"https:\/\/labeauairsol.ca\/wp-content\/uploads\/2023\/05\/LABEAU-AIR-SOL_map-points-de-chute-edited.png","contentUrl":"https:\/\/labeauairsol.ca\/wp-content\/uploads\/2023\/05\/LABEAU-AIR-SOL_map-points-de-chute-edited.png"},{"@type":"BreadcrumbList","@id":"https:\/\/labeauairsol.ca\/en\/contact-us\/#breadcrumb","itemListElement":[{"@type":"ListItem","position":1,"name":"Accueil","item":"https:\/\/labeauairsol.ca\/en\/"},{"@type":"ListItem","position":2,"name":"Contact us"}]},{"@type":"WebSite","@id":"https:\/\/labeauairsol.ca\/en\/#website","url":"https:\/\/labeauairsol.ca\/en\/","name":"Lab\u2019eau-air-sol","description":"La science au service de votre environnement","publisher":{"@id":"https:\/\/labeauairsol.ca\/en\/#organization"},"potentialAction":[{"@type":"SearchAction","target":{"@type":"EntryPoint","urlTemplate":"https:\/\/labeauairsol.ca\/en\/?s={search_term_string}"},"query-input":{"@type":"PropertyValueSpecification","valueRequired":true,"valueName":"search_term_string"}}],"inLanguage":"en-US"},{"@type":"Organization","@id":"https:\/\/labeauairsol.ca\/en\/#organization","name":"Lab'eau-air-sol","url":"https:\/\/labeauairsol.ca\/en\/","logo":{"@type":"ImageObject","inLanguage":"en-US","@id":"https:\/\/labeauairsol.ca\/en\/#\/schema\/logo\/image\/","url":"https:\/\/labeauairsol.ca\/wp-content\/uploads\/2018\/09\/logo-lab-eau-air-sol.png","contentUrl":"https:\/\/labeauairsol.ca\/wp-content\/uploads\/2018\/09\/logo-lab-eau-air-sol.png","width":134,"height":133,"caption":"Lab'eau-air-sol"},"image":{"@id":"https:\/\/labeauairsol.ca\/en\/#\/schema\/logo\/image\/"},"sameAs":["https:\/\/www.facebook.com\/labeauairsol\/"]}]}},"uagb_featured_image_src":{"full":false,"thumbnail":false,"medium":false,"medium_large":false,"large":false,"1536x1536":false,"2048x2048":false,"featured-small":false,"featured-medium":false,"featured-large":false,"featured-xlarge":false,"fp-small":false,"fp-medium":false,"fp-large":false,"fp-xlarge":false,"menu-24x24":false,"menu-36x36":false,"menu-48x48":false},"uagb_author_info":{"display_name":"Labeauairsol","author_link":"https:\/\/labeauairsol.ca\/en\/author\/labeauairsol\/"},"uagb_comment_info":0,"uagb_excerpt":"Our addresses Providing good customer service is one of our objectives, which is why you can reach us using one of the means below. Joliette 264 Bd de l&#8217;Industrie, Joliette, QC J6E 8V1 Toll-free: 1-877-755-5576Telephone: 450 755-5575 Fax: 450 759-1107 info@labeauairsol.ca Drop-off points Joliette 264 Bd de l&#8217;Industrie, Joliette, QC J6E 8V1 L\u00e9vis (drop box)2-2417&hellip;","_links":{"self":[{"href":"https:\/\/labeauairsol.ca\/en\/wp-json\/wp\/v2\/pages\/1946","targetHints":{"allow":["GET"]}}],"collection":[{"href":"https:\/\/labeauairsol.ca\/en\/wp-json\/wp\/v2\/pages"}],"about":[{"href":"https:\/\/labeauairsol.ca\/en\/wp-json\/wp\/v2\/types\/page"}],"author":[{"embeddable":true,"href":"https:\/\/labeauairsol.ca\/en\/wp-json\/wp\/v2\/users\/4"}],"replies":[{"embeddable":true,"href":"https:\/\/labeauairsol.ca\/en\/wp-json\/wp\/v2\/comments?post=1946"}],"version-history":[{"count":5,"href":"https:\/\/labeauairsol.ca\/en\/wp-json\/wp\/v2\/pages\/1946\/revisions"}],"predecessor-version":[{"id":4316,"href":"https:\/\/labeauairsol.ca\/en\/wp-json\/wp\/v2\/pages\/1946\/revisions\/4316"}],"wp:attachment":[{"href":"https:\/\/labeauairsol.ca\/en\/wp-json\/wp\/v2\/media?parent=1946"}],"curies":[{"name":"wp","href":"https:\/\/api.w.org\/{rel}","templated":true}]}}