{"id":1943,"date":"2017-01-21T01:56:17","date_gmt":"2017-01-21T06:56:17","guid":{"rendered":"https:\/\/labeauairsol.ca\/training\/"},"modified":"2026-03-27T19:37:20","modified_gmt":"2026-03-27T23:37:20","slug":"training","status":"publish","type":"page","link":"https:\/\/labeauairsol.ca\/en\/training\/","title":{"rendered":"Training"},"content":{"rendered":"\t\t<div data-elementor-type=\"wp-page\" data-elementor-id=\"1943\" class=\"elementor elementor-1943 elementor-21\">\n\t\t\t\t<div class=\"elementor-element elementor-element-162339f6 e-flex e-con-boxed wpr-particle-no wpr-jarallax-no wpr-parallax-no wpr-sticky-section-no wpr-equal-height-no e-con e-parent\" data-id=\"162339f6\" data-element_type=\"container\" data-e-type=\"container\">\n\t\t\t\t\t<div class=\"e-con-inner\">\n\t\t\t\t<div class=\"elementor-element elementor-element-3c33a44 elementor-widget elementor-widget-hfe-breadcrumbs-widget\" data-id=\"3c33a44\" data-element_type=\"widget\" data-e-type=\"widget\" data-widget_type=\"hfe-breadcrumbs-widget.default\">\n\t\t\t\t<div class=\"elementor-widget-container\">\n\t\t\t\t\t<nav aria-label=\"Breadcrumb\"><ul class=\"hfe-breadcrumbs hfe-breadcrumbs-show-home\"><li class=\"hfe-breadcrumbs-item hfe-breadcrumbs-first\"><span class=\"hfe-breadcrumbs-home-icon\"><i aria-hidden=\"true\" class=\"fas fa-home\"><\/i><\/span><a href=\"https:\/\/labeauairsol.ca\/en\/\"><span class=\"hfe-breadcrumbs-text\">Home<\/span><\/a><\/li><\/ul><\/nav>\t\t\t\t<\/div>\n\t\t\t\t<\/div>\n\t\t\t\t<div class=\"elementor-element elementor-element-54a1ed5 elementor-widget elementor-widget-page-title\" data-id=\"54a1ed5\" data-element_type=\"widget\" data-e-type=\"widget\" data-widget_type=\"page-title.default\">\n\t\t\t\t<div class=\"elementor-widget-container\">\n\t\t\t\t\t\t\t\n\t\t<div class=\"hfe-page-title hfe-page-title-wrapper elementor-widget-heading\">\n\n\t\t\t\t\t\t\t\t\t\t\t<a href=\"https:\/\/labeauairsol.ca\/en\/\">\n\t\t\t\t\t\t<h2 class=\"elementor-heading-title elementor-size-default\">\n\t\t\t\t\t\t\t\t\n\t\t\t\tTraining  \n\t\t\t<\/h2 > \n\t\t\t\t\t\t\t\t\t<\/a>\n\t\t\t\t\t<\/div>\n\t\t\t\t\t\t<\/div>\n\t\t\t\t<\/div>\n\t\t\t\t<div class=\"elementor-element elementor-element-c4993f6 elementor-widget elementor-widget-heading\" data-id=\"c4993f6\" data-element_type=\"widget\" data-e-type=\"widget\" data-widget_type=\"heading.default\">\n\t\t\t\t<div class=\"elementor-widget-container\">\n\t\t\t\t\t<h2 class=\"elementor-heading-title elementor-size-default\">Lab'eau-air-sol training<\/h2>\t\t\t\t<\/div>\n\t\t\t\t<\/div>\n\t\t\t\t<div class=\"elementor-element elementor-element-7c77e9e6 elementor-widget elementor-widget-text-editor\" data-id=\"7c77e9e6\" data-element_type=\"widget\" data-e-type=\"widget\" data-widget_type=\"text-editor.default\">\n\t\t\t\t<div class=\"elementor-widget-container\">\n\t\t\t\t\t\t\t\t\t<p><span class=\"EOP BCX8 SCXP13494693\"><span class=\"TextRun BCX8 SCXP118031554\" lang=\"FR-CA\" data-usefontface=\"false\" data-contrast=\"none\"><span class=\"NormalTextRun BCX8 SCXP118031554\">LAB&#8217;EAU-AIR-SOL is a training provider <\/span><\/span><span class=\"TextRun BCX8 SCXP118031554\" lang=\"FR-CA\" data-usefontface=\"false\" data-contrast=\"none\"><span class=\"NormalTextRun BCX8 SCXP118031554\">training on subjects related to <\/span><\/span> <span class=\"TextRun BCX8 SCXP118031554\" lang=\"FR-CA\" xml:lang=\"FR-CA\" data-usefontface=\"false\" data-contrast=\"none\"><span class=\"NormalTextRun BCX8 SCXP118031554\">building and its surroundings. Several   <\/span><\/span><span class=\"TextRun BCX8 SCXP118031554\" lang=\"FR-CA\" data-usefontface=\"false\" data-contrast=\"none\"><span class=\"NormalTextRun BCX8 SCXP118031554\">of our training courses are recognized by the <\/span><\/span><span class=\"TextRun BCX8 SCXP118031554\" lang=\"FR-CA\" data-usefontface=\"false\" data-contrast=\"none\"><span class=\"NormalTextRun BCX8 SCXP118031554\">R\u00e9gie du b\u00e2timent du Qu\u00e9bec (RBQ), the <\/span><\/span><span class=\"TextRun BCX8 SCXP118031554\" lang=\"FR-CA\" data-usefontface=\"false\" data-contrast=\"none\"><span class=\"NormalTextRun BCX8 SCXP118031554\">Corporation des ma\u00eetres m\u00e9caniciens en <\/span><\/span><span class=\"TextRun BCX8 SCXP118031554\" lang=\"FR-CA\" data-usefontface=\"false\" data-contrast=\"none\"><span class=\"NormalTextRun BCX8 SCXP118031554\">m\u00e9caniciens en tuyauterie du Qu\u00e9bec (CMMTQ) and the <\/span><\/span><span class=\"TextRun BCX8 SCXP118031554\" lang=\"FR-CA\" data-usefontface=\"false\" data-contrast=\"none\"><span class=\"NormalTextRun BCX8 SCXP118031554\">Corporation des ma\u00eetres \u00e9lectriciens du <\/span><\/span><span class=\"TextRun BCX8 SCXP118031554\" lang=\"FR-CA\" data-usefontface=\"false\" data-contrast=\"none\"><span class=\"NormalTextRun BCX8 SCXP118031554\">Qu\u00e9bec (CMEQ) for training <\/span><\/span> <span class=\"TextRun BCX8 SCXP118031554\" lang=\"FR-CA\" xml:lang=\"FR-CA\" data-usefontface=\"false\" data-contrast=\"none\"><span class=\"NormalTextRun BCX8 SCXP118031554\">training. In addition, our training courses can   <\/span><\/span><span class=\"TextRun BCX8 SCXP118031554\" lang=\"FR-CA\" data-usefontface=\"false\" data-contrast=\"none\"><span class=\"NormalTextRun BCX8 SCXP118031554\">be recognized by several professional <\/span><\/span><span class=\"TextRun BCX8 SCXP118031554\" lang=\"FR-CA\" data-usefontface=\"false\" data-contrast=\"none\"><span class=\"NormalTextRun BCX8 SCXP118031554\">for continuing education.<\/span><\/span><\/span><\/p>\t\t\t\t\t\t\t\t<\/div>\n\t\t\t\t<\/div>\n\t\t\t\t<div class=\"elementor-element elementor-element-5ab57f4 elementor-widget elementor-widget-shortcode\" data-id=\"5ab57f4\" data-element_type=\"widget\" data-e-type=\"widget\" data-widget_type=\"shortcode.default\">\n\t\t\t\t<div class=\"elementor-widget-container\">\n\t\t\t\t\t\t\t<div class=\"elementor-shortcode\"><\/div>\n\t\t\t\t\t\t<\/div>\n\t\t\t\t<\/div>\n\t\t<div class=\"elementor-element elementor-element-ac4fc94 e-con-full e-flex wpr-particle-no wpr-jarallax-no wpr-parallax-no wpr-sticky-section-no wpr-equal-height-no e-con e-child\" data-id=\"ac4fc94\" data-element_type=\"container\" data-e-type=\"container\">\n\t\t\t\t<div class=\"elementor-element elementor-element-44942e1 elementor-widget elementor-widget-heading\" data-id=\"44942e1\" data-element_type=\"widget\" data-e-type=\"widget\" data-widget_type=\"heading.default\">\n\t\t\t\t<div class=\"elementor-widget-container\">\n\t\t\t\t\t<h2 class=\"elementor-heading-title elementor-size-default\">RBQ\/CMMTQ\/CMEQ continuing education courses<\/h2>\t\t\t\t<\/div>\n\t\t\t\t<\/div>\n\t\t\t\t<div class=\"elementor-element elementor-element-f410f47 elementor-widget elementor-widget-image\" data-id=\"f410f47\" data-element_type=\"widget\" data-e-type=\"widget\" data-widget_type=\"image.default\">\n\t\t\t\t<div class=\"elementor-widget-container\">\n\t\t\t\t\t\t\t\t\t\t\t\t\t\t\t<img fetchpriority=\"high\" decoding=\"async\" width=\"1602\" height=\"306\" src=\"https:\/\/labeauairsol.ca\/wp-content\/uploads\/2026\/02\/logo-FCO-noir.png\" class=\"attachment-full size-full wp-image-3681\" alt=\"\" srcset=\"https:\/\/labeauairsol.ca\/wp-content\/uploads\/2026\/02\/logo-FCO-noir.png 1602w, https:\/\/labeauairsol.ca\/wp-content\/uploads\/2026\/02\/logo-FCO-noir-300x57.png 300w, https:\/\/labeauairsol.ca\/wp-content\/uploads\/2026\/02\/logo-FCO-noir-1024x196.png 1024w, https:\/\/labeauairsol.ca\/wp-content\/uploads\/2026\/02\/logo-FCO-noir-768x147.png 768w, https:\/\/labeauairsol.ca\/wp-content\/uploads\/2026\/02\/logo-FCO-noir-1536x293.png 1536w, https:\/\/labeauairsol.ca\/wp-content\/uploads\/2026\/02\/logo-FCO-noir-640x122.png 640w, https:\/\/labeauairsol.ca\/wp-content\/uploads\/2026\/02\/logo-FCO-noir-1200x229.png 1200w, https:\/\/labeauairsol.ca\/wp-content\/uploads\/2026\/02\/logo-FCO-noir-24x5.png 24w, https:\/\/labeauairsol.ca\/wp-content\/uploads\/2026\/02\/logo-FCO-noir-36x7.png 36w, https:\/\/labeauairsol.ca\/wp-content\/uploads\/2026\/02\/logo-FCO-noir-48x9.png 48w\" sizes=\"(max-width: 639px) 98vw, (max-width: 1199px) 64vw, 770px\" \/>\t\t\t\t\t\t\t\t\t\t\t\t\t\t\t<\/div>\n\t\t\t\t<\/div>\n\t\t\t\t<\/div>\n\t\t\t\t\t<\/div>\n\t\t\t\t<\/div>\n\t\t\t\t<\/div>\n\t\t","protected":false},"excerpt":{"rendered":"<p>Home Formations Lab&#8217;eau-air-sol training LAB&#8217;EAU-AIR-SOL is a training provider training on subjects related to building and its surroundings. Several of our training courses are recognized by the R\u00e9gie du b\u00e2timent du Qu\u00e9bec (RBQ), the Corporation des ma\u00eetres m\u00e9caniciens en m\u00e9caniciens en tuyauterie du Qu\u00e9bec (CMMTQ) and the Corporation des ma\u00eetres \u00e9lectriciens du Qu\u00e9bec (CMEQ) for training training. In addition, our training courses can be recognized by several professional for continuing education. RBQ\/CMMTQ\/CMEQ continuing education courses<\/p>\n","protected":false},"author":4,"featured_media":0,"parent":0,"menu_order":0,"comment_status":"closed","ping_status":"closed","template":"elementor_header_footer","meta":{"_acf_changed":false,"_eb_attr":"","_uag_custom_page_level_css":"","footnotes":""},"class_list":["post-1943","page","type-page","status-publish","hentry"],"acf":[],"yoast_head":"<!-- This site is optimized with the Yoast SEO plugin v27.4 - https:\/\/yoast.com\/product\/yoast-seo-wordpress\/ -->\n<title>Training on asbestos, legionella, iron ochre drainage and IAQ<\/title>\n<meta name=\"description\" content=\"Agr\u00e9\u00e9 par la Commission des partenaires du march\u00e9 du travail aux fins de l&#039;application de la loi favorisant le d\u00e9veloppement et la reconnaissance des comp\u00e9tences.\" \/>\n<meta name=\"robots\" content=\"index, follow, max-snippet:-1, max-image-preview:large, max-video-preview:-1\" \/>\n<link rel=\"canonical\" href=\"https:\/\/labeauairsol.ca\/en\/training\/\" \/>\n<meta property=\"og:locale\" content=\"en_US\" \/>\n<meta property=\"og:type\" content=\"article\" \/>\n<meta property=\"og:title\" content=\"Training on asbestos, legionella, iron ochre drainage and IAQ\" \/>\n<meta property=\"og:description\" content=\"Agr\u00e9\u00e9 par la Commission des partenaires du march\u00e9 du travail aux fins de l&#039;application de la loi favorisant le d\u00e9veloppement et la reconnaissance des comp\u00e9tences.\" \/>\n<meta property=\"og:url\" content=\"https:\/\/labeauairsol.ca\/en\/training\/\" \/>\n<meta property=\"og:site_name\" content=\"Lab&#039;eau-air-sol\" \/>\n<meta property=\"article:publisher\" content=\"https:\/\/www.facebook.com\/labeauairsol\/\" \/>\n<meta property=\"article:modified_time\" content=\"2026-03-27T23:37:20+00:00\" \/>\n<meta property=\"og:image\" content=\"https:\/\/labeauairsol.ca\/wp-content\/uploads\/2026\/02\/logo-FCO-noir.png\" \/>\n<meta name=\"twitter:card\" content=\"summary_large_image\" \/>\n<script type=\"application\/ld+json\" class=\"yoast-schema-graph\">{\"@context\":\"https:\\\/\\\/schema.org\",\"@graph\":[{\"@type\":\"WebPage\",\"@id\":\"https:\\\/\\\/labeauairsol.ca\\\/en\\\/training\\\/\",\"url\":\"https:\\\/\\\/labeauairsol.ca\\\/en\\\/training\\\/\",\"name\":\"Training on asbestos, legionella, iron ochre drainage and IAQ\",\"isPartOf\":{\"@id\":\"https:\\\/\\\/labeauairsol.ca\\\/en\\\/#website\"},\"primaryImageOfPage\":{\"@id\":\"https:\\\/\\\/labeauairsol.ca\\\/en\\\/training\\\/#primaryimage\"},\"image\":{\"@id\":\"https:\\\/\\\/labeauairsol.ca\\\/en\\\/training\\\/#primaryimage\"},\"thumbnailUrl\":\"https:\\\/\\\/labeauairsol.ca\\\/wp-content\\\/uploads\\\/2026\\\/02\\\/logo-FCO-noir.png\",\"datePublished\":\"2017-01-21T06:56:17+00:00\",\"dateModified\":\"2026-03-27T23:37:20+00:00\",\"description\":\"Agr\u00e9\u00e9 par la Commission des partenaires du march\u00e9 du travail aux fins de l'application de la loi favorisant le d\u00e9veloppement et la reconnaissance des comp\u00e9tences.\",\"breadcrumb\":{\"@id\":\"https:\\\/\\\/labeauairsol.ca\\\/en\\\/training\\\/#breadcrumb\"},\"inLanguage\":\"en-US\",\"potentialAction\":[{\"@type\":\"ReadAction\",\"target\":[\"https:\\\/\\\/labeauairsol.ca\\\/en\\\/training\\\/\"]}]},{\"@type\":\"ImageObject\",\"inLanguage\":\"en-US\",\"@id\":\"https:\\\/\\\/labeauairsol.ca\\\/en\\\/training\\\/#primaryimage\",\"url\":\"https:\\\/\\\/labeauairsol.ca\\\/wp-content\\\/uploads\\\/2026\\\/02\\\/logo-FCO-noir.png\",\"contentUrl\":\"https:\\\/\\\/labeauairsol.ca\\\/wp-content\\\/uploads\\\/2026\\\/02\\\/logo-FCO-noir.png\"},{\"@type\":\"BreadcrumbList\",\"@id\":\"https:\\\/\\\/labeauairsol.ca\\\/en\\\/training\\\/#breadcrumb\",\"itemListElement\":[{\"@type\":\"ListItem\",\"position\":1,\"name\":\"Accueil\",\"item\":\"https:\\\/\\\/labeauairsol.ca\\\/en\\\/\"},{\"@type\":\"ListItem\",\"position\":2,\"name\":\"Training\"}]},{\"@type\":\"WebSite\",\"@id\":\"https:\\\/\\\/labeauairsol.ca\\\/en\\\/#website\",\"url\":\"https:\\\/\\\/labeauairsol.ca\\\/en\\\/\",\"name\":\"Lab\u2019eau-air-sol\",\"description\":\"La science au service de votre environnement\",\"publisher\":{\"@id\":\"https:\\\/\\\/labeauairsol.ca\\\/en\\\/#organization\"},\"potentialAction\":[{\"@type\":\"SearchAction\",\"target\":{\"@type\":\"EntryPoint\",\"urlTemplate\":\"https:\\\/\\\/labeauairsol.ca\\\/en\\\/?s={search_term_string}\"},\"query-input\":{\"@type\":\"PropertyValueSpecification\",\"valueRequired\":true,\"valueName\":\"search_term_string\"}}],\"inLanguage\":\"en-US\"},{\"@type\":\"Organization\",\"@id\":\"https:\\\/\\\/labeauairsol.ca\\\/en\\\/#organization\",\"name\":\"Lab'eau-air-sol\",\"url\":\"https:\\\/\\\/labeauairsol.ca\\\/en\\\/\",\"logo\":{\"@type\":\"ImageObject\",\"inLanguage\":\"en-US\",\"@id\":\"https:\\\/\\\/labeauairsol.ca\\\/en\\\/#\\\/schema\\\/logo\\\/image\\\/\",\"url\":\"https:\\\/\\\/labeauairsol.ca\\\/wp-content\\\/uploads\\\/2018\\\/09\\\/logo-lab-eau-air-sol.png\",\"contentUrl\":\"https:\\\/\\\/labeauairsol.ca\\\/wp-content\\\/uploads\\\/2018\\\/09\\\/logo-lab-eau-air-sol.png\",\"width\":134,\"height\":133,\"caption\":\"Lab'eau-air-sol\"},\"image\":{\"@id\":\"https:\\\/\\\/labeauairsol.ca\\\/en\\\/#\\\/schema\\\/logo\\\/image\\\/\"},\"sameAs\":[\"https:\\\/\\\/www.facebook.com\\\/labeauairsol\\\/\"]}]}<\/script>\n<!-- \/ Yoast SEO plugin. -->","yoast_head_json":{"title":"Training on asbestos, legionella, iron ochre drainage and IAQ","description":"Agr\u00e9\u00e9 par la Commission des partenaires du march\u00e9 du travail aux fins de l'application de la loi favorisant le d\u00e9veloppement et la reconnaissance des comp\u00e9tences.","robots":{"index":"index","follow":"follow","max-snippet":"max-snippet:-1","max-image-preview":"max-image-preview:large","max-video-preview":"max-video-preview:-1"},"canonical":"https:\/\/labeauairsol.ca\/en\/training\/","og_locale":"en_US","og_type":"article","og_title":"Training on asbestos, legionella, iron ochre drainage and IAQ","og_description":"Agr\u00e9\u00e9 par la Commission des partenaires du march\u00e9 du travail aux fins de l'application de la loi favorisant le d\u00e9veloppement et la reconnaissance des comp\u00e9tences.","og_url":"https:\/\/labeauairsol.ca\/en\/training\/","og_site_name":"Lab&#039;eau-air-sol","article_publisher":"https:\/\/www.facebook.com\/labeauairsol\/","article_modified_time":"2026-03-27T23:37:20+00:00","og_image":[{"url":"https:\/\/labeauairsol.ca\/wp-content\/uploads\/2026\/02\/logo-FCO-noir.png","type":"","width":"","height":""}],"twitter_card":"summary_large_image","schema":{"@context":"https:\/\/schema.org","@graph":[{"@type":"WebPage","@id":"https:\/\/labeauairsol.ca\/en\/training\/","url":"https:\/\/labeauairsol.ca\/en\/training\/","name":"Training on asbestos, legionella, iron ochre drainage and IAQ","isPartOf":{"@id":"https:\/\/labeauairsol.ca\/en\/#website"},"primaryImageOfPage":{"@id":"https:\/\/labeauairsol.ca\/en\/training\/#primaryimage"},"image":{"@id":"https:\/\/labeauairsol.ca\/en\/training\/#primaryimage"},"thumbnailUrl":"https:\/\/labeauairsol.ca\/wp-content\/uploads\/2026\/02\/logo-FCO-noir.png","datePublished":"2017-01-21T06:56:17+00:00","dateModified":"2026-03-27T23:37:20+00:00","description":"Agr\u00e9\u00e9 par la Commission des partenaires du march\u00e9 du travail aux fins de l'application de la loi favorisant le d\u00e9veloppement et la reconnaissance des comp\u00e9tences.","breadcrumb":{"@id":"https:\/\/labeauairsol.ca\/en\/training\/#breadcrumb"},"inLanguage":"en-US","potentialAction":[{"@type":"ReadAction","target":["https:\/\/labeauairsol.ca\/en\/training\/"]}]},{"@type":"ImageObject","inLanguage":"en-US","@id":"https:\/\/labeauairsol.ca\/en\/training\/#primaryimage","url":"https:\/\/labeauairsol.ca\/wp-content\/uploads\/2026\/02\/logo-FCO-noir.png","contentUrl":"https:\/\/labeauairsol.ca\/wp-content\/uploads\/2026\/02\/logo-FCO-noir.png"},{"@type":"BreadcrumbList","@id":"https:\/\/labeauairsol.ca\/en\/training\/#breadcrumb","itemListElement":[{"@type":"ListItem","position":1,"name":"Accueil","item":"https:\/\/labeauairsol.ca\/en\/"},{"@type":"ListItem","position":2,"name":"Training"}]},{"@type":"WebSite","@id":"https:\/\/labeauairsol.ca\/en\/#website","url":"https:\/\/labeauairsol.ca\/en\/","name":"Lab\u2019eau-air-sol","description":"La science au service de votre environnement","publisher":{"@id":"https:\/\/labeauairsol.ca\/en\/#organization"},"potentialAction":[{"@type":"SearchAction","target":{"@type":"EntryPoint","urlTemplate":"https:\/\/labeauairsol.ca\/en\/?s={search_term_string}"},"query-input":{"@type":"PropertyValueSpecification","valueRequired":true,"valueName":"search_term_string"}}],"inLanguage":"en-US"},{"@type":"Organization","@id":"https:\/\/labeauairsol.ca\/en\/#organization","name":"Lab'eau-air-sol","url":"https:\/\/labeauairsol.ca\/en\/","logo":{"@type":"ImageObject","inLanguage":"en-US","@id":"https:\/\/labeauairsol.ca\/en\/#\/schema\/logo\/image\/","url":"https:\/\/labeauairsol.ca\/wp-content\/uploads\/2018\/09\/logo-lab-eau-air-sol.png","contentUrl":"https:\/\/labeauairsol.ca\/wp-content\/uploads\/2018\/09\/logo-lab-eau-air-sol.png","width":134,"height":133,"caption":"Lab'eau-air-sol"},"image":{"@id":"https:\/\/labeauairsol.ca\/en\/#\/schema\/logo\/image\/"},"sameAs":["https:\/\/www.facebook.com\/labeauairsol\/"]}]}},"uagb_featured_image_src":{"full":false,"thumbnail":false,"medium":false,"medium_large":false,"large":false,"1536x1536":false,"2048x2048":false,"featured-small":false,"featured-medium":false,"featured-large":false,"featured-xlarge":false,"fp-small":false,"fp-medium":false,"fp-large":false,"fp-xlarge":false,"menu-24x24":false,"menu-36x36":false,"menu-48x48":false},"uagb_author_info":{"display_name":"Labeauairsol","author_link":"https:\/\/labeauairsol.ca\/en\/author\/labeauairsol\/"},"uagb_comment_info":0,"uagb_excerpt":"Home Formations Lab&#8217;eau-air-sol training LAB&#8217;EAU-AIR-SOL is a training provider training on subjects related to building and its surroundings. Several of our training courses are recognized by the R\u00e9gie du b\u00e2timent du Qu\u00e9bec (RBQ), the Corporation des ma\u00eetres m\u00e9caniciens en m\u00e9caniciens en tuyauterie du Qu\u00e9bec (CMMTQ) and the Corporation des ma\u00eetres \u00e9lectriciens du Qu\u00e9bec (CMEQ) for&hellip;","_links":{"self":[{"href":"https:\/\/labeauairsol.ca\/en\/wp-json\/wp\/v2\/pages\/1943","targetHints":{"allow":["GET"]}}],"collection":[{"href":"https:\/\/labeauairsol.ca\/en\/wp-json\/wp\/v2\/pages"}],"about":[{"href":"https:\/\/labeauairsol.ca\/en\/wp-json\/wp\/v2\/types\/page"}],"author":[{"embeddable":true,"href":"https:\/\/labeauairsol.ca\/en\/wp-json\/wp\/v2\/users\/4"}],"replies":[{"embeddable":true,"href":"https:\/\/labeauairsol.ca\/en\/wp-json\/wp\/v2\/comments?post=1943"}],"version-history":[{"count":21,"href":"https:\/\/labeauairsol.ca\/en\/wp-json\/wp\/v2\/pages\/1943\/revisions"}],"predecessor-version":[{"id":3943,"href":"https:\/\/labeauairsol.ca\/en\/wp-json\/wp\/v2\/pages\/1943\/revisions\/3943"}],"wp:attachment":[{"href":"https:\/\/labeauairsol.ca\/en\/wp-json\/wp\/v2\/media?parent=1943"}],"curies":[{"name":"wp","href":"https:\/\/api.w.org\/{rel}","templated":true}]}}