{"id":1940,"date":"2017-01-21T01:54:15","date_gmt":"2017-01-21T06:54:15","guid":{"rendered":"https:\/\/labeauairsol.ca\/service-request\/"},"modified":"2023-09-20T13:14:49","modified_gmt":"2023-09-20T17:14:49","slug":"service-request","status":"publish","type":"page","link":"https:\/\/labeauairsol.ca\/en\/service-request\/","title":{"rendered":"Service request"},"content":{"rendered":"<!--vcv no format--><!-- vcwb\/dynamicElementComment:306a9956 --><div class=\"vce-row-container\" data-vce-boxed-width=\"true\"><div class=\"vce-row vce-row--col-gap-30 vce-row-equal-height vce-row-content--top\" id=\"el-306a9956\" data-vce-do-apply=\"all el-306a9956\"><div class=\"vce-row-content\" data-vce-element-content=\"true\"><!-- vcwb\/dynamicElementComment:ae87c610 --><div class=\"vce-col vce-col--md-auto vce-col--xs-1 vce-col--xs-last vce-col--xs-first vce-col--sm-last vce-col--sm-first vce-col--md-last vce-col--lg-last vce-col--xl-last vce-col--md-first vce-col--lg-first vce-col--xl-first\" id=\"el-ae87c610\"><div class=\"vce-col-inner\" data-vce-do-apply=\"border margin background  el-ae87c610\"><div class=\"vce-col-content\" data-vce-element-content=\"true\" data-vce-do-apply=\"padding el-ae87c610\"><!-- vcwb\/dynamicElementComment:ae15479c --><div class=\"vce-text-block\"><div class=\"vce-text-block-wrapper vce\" id=\"el-ae15479c\" data-vce-do-apply=\"all el-ae15479c\">\n<p>Inspection, sampling and analysis of mold, bacteria, asbestos, weeping merula, iron ochre, legionella, asbestos register, cooling tower maintenance program. Our expertise in the rehabilitation of run-down buildings enables us to identify decontamination work. <\/p>\n\n\n\n<p>With LAB&#8217;EAU-AIR-SOL, your samples are analyzed in Quebec province, in our laboratories and without intermediaries. You can be sure of receiving a report that complies with current standards.<\/p>\n\n\n\n<p><\/p>\n\n\n\n<div class=\"wpcf7 no-js\" id=\"wpcf7-f2002-o1\" lang=\"en-US\" dir=\"ltr\" data-wpcf7-id=\"2002\">\n<div class=\"screen-reader-response\"><p role=\"status\" aria-live=\"polite\" aria-atomic=\"true\"><\/p> <ul><\/ul><\/div>\n<form action=\"\/en\/wp-json\/wp\/v2\/pages\/1940#wpcf7-f2002-o1\" method=\"post\" class=\"wpcf7-form init\" aria-label=\"Contact form\" novalidate=\"novalidate\" data-status=\"init\">\n<fieldset class=\"hidden-fields-container\"><input type=\"hidden\" name=\"_wpcf7\" value=\"2002\" \/><input type=\"hidden\" name=\"_wpcf7_version\" value=\"6.1.5\" \/><input type=\"hidden\" name=\"_wpcf7_locale\" value=\"en_US\" \/><input type=\"hidden\" name=\"_wpcf7_unit_tag\" value=\"wpcf7-f2002-o1\" \/><input type=\"hidden\" name=\"_wpcf7_container_post\" value=\"0\" \/><input type=\"hidden\" name=\"_wpcf7_posted_data_hash\" value=\"\" \/><input type=\"hidden\" name=\"_wpcf7_recaptcha_response\" value=\"\" \/>\n<\/fieldset>\n<!-- Champ cach\u00e9 -->\n<p><input type=\"hidden\" name=\"source\" value=\"Demande de service\" \/>\n<\/p>\n<div class=\"col-1_2 col-first\">\n\t<p><label>Full name (required) <span class=\"wpcf7-form-control-wrap\" data-name=\"your-name\"><input size=\"40\" maxlength=\"400\" class=\"wpcf7-form-control wpcf7-text wpcf7-validates-as-required\" aria-required=\"true\" aria-invalid=\"false\" value=\"\" type=\"text\" name=\"your-name\" \/><\/span><\/label><br \/>\n<label>Email address (required) <span class=\"wpcf7-form-control-wrap\" data-name=\"your-email\"><input size=\"40\" maxlength=\"400\" class=\"wpcf7-form-control wpcf7-email wpcf7-validates-as-required wpcf7-text wpcf7-validates-as-email\" aria-required=\"true\" aria-invalid=\"false\" value=\"\" type=\"email\" name=\"your-email\" \/><\/span><\/label><br \/>\n<label>Telephone number (required) <span class=\"wpcf7-form-control-wrap\" data-name=\"tel-935\"><input size=\"40\" maxlength=\"400\" class=\"wpcf7-form-control wpcf7-tel wpcf7-text wpcf7-validates-as-tel\" aria-invalid=\"false\" placeholder=\"XXX-XXX-XXXX\" value=\"\" type=\"tel\" name=\"tel-935\" \/><\/span><\/label>\n\t<\/p>\n<\/div>\n<div class=\"col-1_2 col-last\">\n\t<p><label>Service category <span class=\"wpcf7-form-control-wrap\" data-name=\"menu-service\"><select class=\"wpcf7-form-control wpcf7-select\" aria-invalid=\"false\" name=\"menu-service\"><option value=\"\">&#8212;Please choose an option&#8212;<\/option><option value=\"Residential\">Residential<\/option><option value=\"Industrial and commercial\">Industrial and commercial<\/option><option value=\"Agricultural\">Agricultural<\/option><option value=\"Training\">Training<\/option><\/select><\/span><\/label><br \/>\n<label>Service subcategory <span class=\"wpcf7-form-control-wrap\" data-name=\"sous-menu-1\"><select class=\"wpcf7-form-control wpcf7-select\" aria-invalid=\"false\" name=\"sous-menu-1\"><option value=\"\">&#8212;Please choose an option&#8212;<\/option><option value=\"Asbestos analysis in bulk materials\">Asbestos analysis in bulk materials<\/option><option value=\"Airborne asbestos analysis\">Airborne asbestos analysis<\/option><option value=\"Legionella analysis\">Legionella analysis<\/option><option value=\"Mould and bacteria analysis\">Mould and bacteria analysis<\/option><option value=\"Iron ochre deposition\">Iron ochre deposition<\/option><option value=\"Environmental studies phases 1 &amp; 2 2\">Environmental studies phases 1 &amp; 2 2<\/option><option value=\"Industrial hygiene\">Industrial hygiene<\/option><option value=\"Cooling tower maintenance program\">Cooling tower maintenance program<\/option><option value=\"Asbestos register\">Asbestos register<\/option><option value=\"Identification of agricultural pathogens\">Identification of agricultural pathogens<\/option><option value=\"Merule training (BNQ 3009-610)\">Merule training (BNQ 3009-610)<\/option><option value=\"Mould training (BNQ 3009-600)\">Mould training (BNQ 3009-600)<\/option><option value=\"Asbestos training\">Asbestos training<\/option><option value=\"Legionella prevention training in ITRE\">Legionella prevention training in ITRE<\/option><option value=\"Drainage and ferrous ochre training\">Drainage and ferrous ochre training<\/option><option value=\"Other (Enter in text box below)\">Other (Enter in text box below)<\/option><\/select><\/span><\/label>\n\t<\/p>\n<\/div>\n<div class=\"clearfix\">\n<\/div>\n<p><label>Tell us about your project <span class=\"wpcf7-form-control-wrap\" data-name=\"your-message\"><textarea cols=\"40\" rows=\"10\" maxlength=\"2000\" class=\"wpcf7-form-control wpcf7-textarea\" aria-invalid=\"false\" name=\"your-message\"><\/textarea><\/span><\/label>\n<\/p>\n<div style=\"text-align: center; align-items: center; margin:0: padding:0\">\n\t<p><label>Callback method:<span class=\"wpcf7-form-control-wrap\" data-name=\"radio-591\"><span class=\"wpcf7-form-control wpcf7-radio\"><span class=\"wpcf7-list-item first\"><input type=\"radio\" name=\"radio-591\" value=\"Email\" checked=\"checked\" \/><span class=\"wpcf7-list-item-label\">Email<\/span><\/span><span class=\"wpcf7-list-item last\"><input type=\"radio\" name=\"radio-591\" value=\"Phone\" \/><span class=\"wpcf7-list-item-label\">Phone<\/span><\/span><\/span><\/span><\/label><br \/>\n<input class=\"wpcf7-form-control wpcf7-submit has-spinner send\" id=\"send-form\" type=\"submit\" value=\"Send\" \/>\n\t<\/p>\n<\/div><div class=\"wpcf7-response-output\" aria-hidden=\"true\"><\/div>\n<\/form>\n<\/div>\n\n<\/div><\/div><!-- \/vcwb\/dynamicElementComment:ae15479c --><\/div><\/div><\/div><!-- \/vcwb\/dynamicElementComment:ae87c610 --><\/div><\/div><\/div><!-- \/vcwb\/dynamicElementComment:306a9956 --><!--vcv no format-->","protected":false},"excerpt":{"rendered":"<p>Inspection, sampling and analysis of mold, bacteria, asbestos, weeping merula, iron ochre, legionella, asbestos register, cooling tower maintenance program. Our expertise in the rehabilitation of run-down buildings enables us to identify decontamination work. With LAB&#8217;EAU-AIR-SOL, your samples are analyzed in Quebec province, in our laboratories and without intermediaries. You can be sure of receiving a report that complies with current standards.<\/p>\n","protected":false},"author":7,"featured_media":0,"parent":0,"menu_order":0,"comment_status":"closed","ping_status":"closed","template":"page-templates\/boxed-content.php","meta":{"_acf_changed":false,"_eb_attr":"","_uag_custom_page_level_css":"","footnotes":""},"class_list":["post-1940","page","type-page","status-publish","hentry"],"acf":[],"yoast_head":"<!-- This site is optimized with the Yoast SEO plugin v27.4 - https:\/\/yoast.com\/product\/yoast-seo-wordpress\/ -->\n<title>Service request - Lab&#039;eau-air-sol - Services de laboratoire - Hygi\u00e8ne et environnement Joliette, Montr\u00e9al, Qu\u00e9bec<\/title>\n<meta name=\"description\" content=\"Use this form to send us inquiries about our various services. If you have any further questions, please call us at 1-877-755-5576.\" \/>\n<meta name=\"robots\" content=\"index, follow, max-snippet:-1, max-image-preview:large, max-video-preview:-1\" \/>\n<link rel=\"canonical\" href=\"https:\/\/labeauairsol.ca\/en\/service-request\/\" \/>\n<meta property=\"og:locale\" content=\"en_US\" \/>\n<meta property=\"og:type\" content=\"article\" \/>\n<meta property=\"og:title\" content=\"Service request - Lab&#039;eau-air-sol - Services de laboratoire - Hygi\u00e8ne et environnement Joliette, Montr\u00e9al, Qu\u00e9bec\" \/>\n<meta property=\"og:description\" content=\"Use this form to send us inquiries about our various services. If you have any further questions, please call us at 1-877-755-5576.\" \/>\n<meta property=\"og:url\" content=\"https:\/\/labeauairsol.ca\/en\/service-request\/\" \/>\n<meta property=\"og:site_name\" content=\"Lab&#039;eau-air-sol\" \/>\n<meta property=\"article:publisher\" content=\"https:\/\/www.facebook.com\/labeauairsol\/\" \/>\n<meta property=\"article:modified_time\" content=\"2023-09-20T17:14:49+00:00\" \/>\n<meta name=\"twitter:card\" content=\"summary_large_image\" \/>\n<meta name=\"twitter:label1\" content=\"Est. reading time\" \/>\n\t<meta name=\"twitter:data1\" content=\"1 minute\" \/>\n<script type=\"application\/ld+json\" class=\"yoast-schema-graph\">{\"@context\":\"https:\\\/\\\/schema.org\",\"@graph\":[{\"@type\":\"WebPage\",\"@id\":\"https:\\\/\\\/labeauairsol.ca\\\/en\\\/service-request\\\/\",\"url\":\"https:\\\/\\\/labeauairsol.ca\\\/en\\\/service-request\\\/\",\"name\":\"Service request - Lab&#039;eau-air-sol - Services de laboratoire - Hygi\u00e8ne et environnement Joliette, Montr\u00e9al, Qu\u00e9bec\",\"isPartOf\":{\"@id\":\"https:\\\/\\\/labeauairsol.ca\\\/en\\\/#website\"},\"datePublished\":\"2017-01-21T06:54:15+00:00\",\"dateModified\":\"2023-09-20T17:14:49+00:00\",\"description\":\"Use this form to send us inquiries about our various services. If you have any further questions, please call us at 1-877-755-5576.\",\"breadcrumb\":{\"@id\":\"https:\\\/\\\/labeauairsol.ca\\\/en\\\/service-request\\\/#breadcrumb\"},\"inLanguage\":\"en-US\",\"potentialAction\":[{\"@type\":\"ReadAction\",\"target\":[\"https:\\\/\\\/labeauairsol.ca\\\/en\\\/service-request\\\/\"]}]},{\"@type\":\"BreadcrumbList\",\"@id\":\"https:\\\/\\\/labeauairsol.ca\\\/en\\\/service-request\\\/#breadcrumb\",\"itemListElement\":[{\"@type\":\"ListItem\",\"position\":1,\"name\":\"Accueil\",\"item\":\"https:\\\/\\\/labeauairsol.ca\\\/en\\\/\"},{\"@type\":\"ListItem\",\"position\":2,\"name\":\"Service request\"}]},{\"@type\":\"WebSite\",\"@id\":\"https:\\\/\\\/labeauairsol.ca\\\/en\\\/#website\",\"url\":\"https:\\\/\\\/labeauairsol.ca\\\/en\\\/\",\"name\":\"Lab\u2019eau-air-sol\",\"description\":\"La science au service de votre environnement\",\"publisher\":{\"@id\":\"https:\\\/\\\/labeauairsol.ca\\\/en\\\/#organization\"},\"potentialAction\":[{\"@type\":\"SearchAction\",\"target\":{\"@type\":\"EntryPoint\",\"urlTemplate\":\"https:\\\/\\\/labeauairsol.ca\\\/en\\\/?s={search_term_string}\"},\"query-input\":{\"@type\":\"PropertyValueSpecification\",\"valueRequired\":true,\"valueName\":\"search_term_string\"}}],\"inLanguage\":\"en-US\"},{\"@type\":\"Organization\",\"@id\":\"https:\\\/\\\/labeauairsol.ca\\\/en\\\/#organization\",\"name\":\"Lab'eau-air-sol\",\"url\":\"https:\\\/\\\/labeauairsol.ca\\\/en\\\/\",\"logo\":{\"@type\":\"ImageObject\",\"inLanguage\":\"en-US\",\"@id\":\"https:\\\/\\\/labeauairsol.ca\\\/en\\\/#\\\/schema\\\/logo\\\/image\\\/\",\"url\":\"https:\\\/\\\/labeauairsol.ca\\\/wp-content\\\/uploads\\\/2018\\\/09\\\/logo-lab-eau-air-sol.png\",\"contentUrl\":\"https:\\\/\\\/labeauairsol.ca\\\/wp-content\\\/uploads\\\/2018\\\/09\\\/logo-lab-eau-air-sol.png\",\"width\":134,\"height\":133,\"caption\":\"Lab'eau-air-sol\"},\"image\":{\"@id\":\"https:\\\/\\\/labeauairsol.ca\\\/en\\\/#\\\/schema\\\/logo\\\/image\\\/\"},\"sameAs\":[\"https:\\\/\\\/www.facebook.com\\\/labeauairsol\\\/\"]}]}<\/script>\n<!-- \/ Yoast SEO plugin. -->","yoast_head_json":{"title":"Service request - Lab&#039;eau-air-sol - Services de laboratoire - Hygi\u00e8ne et environnement Joliette, Montr\u00e9al, Qu\u00e9bec","description":"Use this form to send us inquiries about our various services. If you have any further questions, please call us at 1-877-755-5576.","robots":{"index":"index","follow":"follow","max-snippet":"max-snippet:-1","max-image-preview":"max-image-preview:large","max-video-preview":"max-video-preview:-1"},"canonical":"https:\/\/labeauairsol.ca\/en\/service-request\/","og_locale":"en_US","og_type":"article","og_title":"Service request - Lab&#039;eau-air-sol - Services de laboratoire - Hygi\u00e8ne et environnement Joliette, Montr\u00e9al, Qu\u00e9bec","og_description":"Use this form to send us inquiries about our various services. If you have any further questions, please call us at 1-877-755-5576.","og_url":"https:\/\/labeauairsol.ca\/en\/service-request\/","og_site_name":"Lab&#039;eau-air-sol","article_publisher":"https:\/\/www.facebook.com\/labeauairsol\/","article_modified_time":"2023-09-20T17:14:49+00:00","twitter_card":"summary_large_image","twitter_misc":{"Est. reading time":"1 minute"},"schema":{"@context":"https:\/\/schema.org","@graph":[{"@type":"WebPage","@id":"https:\/\/labeauairsol.ca\/en\/service-request\/","url":"https:\/\/labeauairsol.ca\/en\/service-request\/","name":"Service request - Lab&#039;eau-air-sol - Services de laboratoire - Hygi\u00e8ne et environnement Joliette, Montr\u00e9al, Qu\u00e9bec","isPartOf":{"@id":"https:\/\/labeauairsol.ca\/en\/#website"},"datePublished":"2017-01-21T06:54:15+00:00","dateModified":"2023-09-20T17:14:49+00:00","description":"Use this form to send us inquiries about our various services. If you have any further questions, please call us at 1-877-755-5576.","breadcrumb":{"@id":"https:\/\/labeauairsol.ca\/en\/service-request\/#breadcrumb"},"inLanguage":"en-US","potentialAction":[{"@type":"ReadAction","target":["https:\/\/labeauairsol.ca\/en\/service-request\/"]}]},{"@type":"BreadcrumbList","@id":"https:\/\/labeauairsol.ca\/en\/service-request\/#breadcrumb","itemListElement":[{"@type":"ListItem","position":1,"name":"Accueil","item":"https:\/\/labeauairsol.ca\/en\/"},{"@type":"ListItem","position":2,"name":"Service request"}]},{"@type":"WebSite","@id":"https:\/\/labeauairsol.ca\/en\/#website","url":"https:\/\/labeauairsol.ca\/en\/","name":"Lab\u2019eau-air-sol","description":"La science au service de votre environnement","publisher":{"@id":"https:\/\/labeauairsol.ca\/en\/#organization"},"potentialAction":[{"@type":"SearchAction","target":{"@type":"EntryPoint","urlTemplate":"https:\/\/labeauairsol.ca\/en\/?s={search_term_string}"},"query-input":{"@type":"PropertyValueSpecification","valueRequired":true,"valueName":"search_term_string"}}],"inLanguage":"en-US"},{"@type":"Organization","@id":"https:\/\/labeauairsol.ca\/en\/#organization","name":"Lab'eau-air-sol","url":"https:\/\/labeauairsol.ca\/en\/","logo":{"@type":"ImageObject","inLanguage":"en-US","@id":"https:\/\/labeauairsol.ca\/en\/#\/schema\/logo\/image\/","url":"https:\/\/labeauairsol.ca\/wp-content\/uploads\/2018\/09\/logo-lab-eau-air-sol.png","contentUrl":"https:\/\/labeauairsol.ca\/wp-content\/uploads\/2018\/09\/logo-lab-eau-air-sol.png","width":134,"height":133,"caption":"Lab'eau-air-sol"},"image":{"@id":"https:\/\/labeauairsol.ca\/en\/#\/schema\/logo\/image\/"},"sameAs":["https:\/\/www.facebook.com\/labeauairsol\/"]}]}},"uagb_featured_image_src":{"full":false,"thumbnail":false,"medium":false,"medium_large":false,"large":false,"1536x1536":false,"2048x2048":false,"featured-small":false,"featured-medium":false,"featured-large":false,"featured-xlarge":false,"fp-small":false,"fp-medium":false,"fp-large":false,"fp-xlarge":false,"menu-24x24":false,"menu-36x36":false,"menu-48x48":false},"uagb_author_info":{"display_name":"support informatique","author_link":"https:\/\/labeauairsol.ca\/en\/author\/support\/"},"uagb_comment_info":0,"uagb_excerpt":"Inspection, sampling and analysis of mold, bacteria, asbestos, weeping merula, iron ochre, legionella, asbestos register, cooling tower maintenance program. Our expertise in the rehabilitation of run-down buildings enables us to identify decontamination work. With LAB&#8217;EAU-AIR-SOL, your samples are analyzed in Quebec province, in our laboratories and without intermediaries. You can be sure of receiving a&hellip;","_links":{"self":[{"href":"https:\/\/labeauairsol.ca\/en\/wp-json\/wp\/v2\/pages\/1940","targetHints":{"allow":["GET"]}}],"collection":[{"href":"https:\/\/labeauairsol.ca\/en\/wp-json\/wp\/v2\/pages"}],"about":[{"href":"https:\/\/labeauairsol.ca\/en\/wp-json\/wp\/v2\/types\/page"}],"author":[{"embeddable":true,"href":"https:\/\/labeauairsol.ca\/en\/wp-json\/wp\/v2\/users\/7"}],"replies":[{"embeddable":true,"href":"https:\/\/labeauairsol.ca\/en\/wp-json\/wp\/v2\/comments?post=1940"}],"version-history":[{"count":0,"href":"https:\/\/labeauairsol.ca\/en\/wp-json\/wp\/v2\/pages\/1940\/revisions"}],"wp:attachment":[{"href":"https:\/\/labeauairsol.ca\/en\/wp-json\/wp\/v2\/media?parent=1940"}],"curies":[{"name":"wp","href":"https:\/\/api.w.org\/{rel}","templated":true}]}}